{"id":6262,"date":"2021-01-13T12:00:56","date_gmt":"2021-01-13T11:00:56","guid":{"rendered":"https:\/\/enablinginnovation.at\/?page_id=6262"},"modified":"2023-01-14T22:21:14","modified_gmt":"2023-01-14T21:21:14","slug":"mh-cnc-technik-gmbh","status":"publish","type":"page","link":"https:\/\/enablinginnovation.at\/en\/projekte\/mh-cnc-technik-gmbh\/","title":{"rendered":"M&#038;H CNC-Technik GmbH"},"content":{"rendered":"<div data-elementor-type=\"wp-page\" data-elementor-id=\"6262\" class=\"elementor elementor-6262\">\n\t\t\t\t\t\t\t\t\t<section class=\"elementor-section elementor-top-section elementor-element elementor-element-82aff3c elementor-section-boxed elementor-section-height-default elementor-section-height-default\" data-id=\"82aff3c\" data-element_type=\"section\" data-settings=\"{&quot;jet_parallax_layout_list&quot;:[{&quot;jet_parallax_layout_image&quot;:{&quot;url&quot;:&quot;&quot;,&quot;id&quot;:&quot;&quot;,&quot;size&quot;:&quot;&quot;},&quot;_id&quot;:&quot;1ff0dad&quot;,&quot;jet_parallax_layout_image_tablet&quot;:{&quot;url&quot;:&quot;&quot;,&quot;id&quot;:&quot;&quot;,&quot;size&quot;:&quot;&quot;},&quot;jet_parallax_layout_image_mobile&quot;:{&quot;url&quot;:&quot;&quot;,&quot;id&quot;:&quot;&quot;,&quot;size&quot;:&quot;&quot;},&quot;jet_parallax_layout_speed&quot;:{&quot;unit&quot;:&quot;%&quot;,&quot;size&quot;:50,&quot;sizes&quot;:[]},&quot;jet_parallax_layout_type&quot;:&quot;scroll&quot;,&quot;jet_parallax_layout_direction&quot;:null,&quot;jet_parallax_layout_fx_direction&quot;:null,&quot;jet_parallax_layout_z_index&quot;:&quot;&quot;,&quot;jet_parallax_layout_bg_x&quot;:50,&quot;jet_parallax_layout_bg_x_tablet&quot;:&quot;&quot;,&quot;jet_parallax_layout_bg_x_mobile&quot;:&quot;&quot;,&quot;jet_parallax_layout_bg_y&quot;:50,&quot;jet_parallax_layout_bg_y_tablet&quot;:&quot;&quot;,&quot;jet_parallax_layout_bg_y_mobile&quot;:&quot;&quot;,&quot;jet_parallax_layout_bg_size&quot;:&quot;auto&quot;,&quot;jet_parallax_layout_bg_size_tablet&quot;:&quot;&quot;,&quot;jet_parallax_layout_bg_size_mobile&quot;:&quot;&quot;,&quot;jet_parallax_layout_animation_prop&quot;:&quot;transform&quot;,&quot;jet_parallax_layout_on&quot;:[&quot;desktop&quot;,&quot;tablet&quot;]}]}\">\n\t\t\t\t\t\t<div class=\"elementor-container elementor-column-gap-default\">\n\t\t\t\t\t<div class=\"elementor-column elementor-col-100 elementor-top-column elementor-element elementor-element-75ae86c\" data-id=\"75ae86c\" data-element_type=\"column\">\n\t\t\t<div class=\"elementor-widget-wrap elementor-element-populated\">\n\t\t\t\t\t\t\t\t<div class=\"elementor-element elementor-element-f931472 elementor-arrows-position-inside elementor-widget elementor-widget-image-carousel\" data-id=\"f931472\" data-element_type=\"widget\" data-settings=\"{&quot;slides_to_show&quot;:&quot;3&quot;,&quot;autoplay&quot;:&quot;no&quot;,&quot;navigation&quot;:&quot;arrows&quot;,&quot;infinite&quot;:&quot;yes&quot;,&quot;speed&quot;:500}\" data-widget_type=\"image-carousel.default\">\n\t\t\t\t<div class=\"elementor-widget-container\">\n\t\t\t\t\t<div class=\"elementor-image-carousel-wrapper swiper-container\" dir=\"ltr\">\n\t\t\t<div class=\"elementor-image-carousel swiper-wrapper\" aria-live=\"polite\">\n\t\t\t\t\t\t\t\t<div class=\"swiper-slide\" role=\"group\" aria-roledescription=\"slide\" aria-label=\"1 of 4\"><a data-elementor-open-lightbox=\"yes\" data-elementor-lightbox-slideshow=\"f931472\" data-elementor-lightbox-title=\"M&amp;H 3D Druck Komponenten\" data-elementor-lightbox-description=\"Bei M&amp;H werden Komponenten neu gedacht. Diese Form der Topologie-Optimierung ist einer der wesentlichen Vorteile des 3D-Drucks.\" data-e-action-hash=\"#elementor-action%3Aaction%3Dlightbox%26settings%3DeyJpZCI6NjI3MCwidXJsIjoiaHR0cHM6XC9cL2VuYWJsaW5naW5ub3ZhdGlvbi5hdFwvd3AtY29udGVudFwvdXBsb2Fkc1wvMjAyMVwvMDRcL01ILTNELURydWNrLUtvbXBvbmVudGVuLTEwMDB4MTQwMC1RODAuanBnIiwic2xpZGVzaG93IjoiZjkzMTQ3MiJ9\" href=\"https:\/\/enablinginnovation.at\/wp-content\/uploads\/2021\/04\/MH-3D-Druck-Komponenten-1000x1400-Q80.jpg\"><figure class=\"swiper-slide-inner\"><img decoding=\"async\" class=\"swiper-slide-image\" src=\"https:\/\/enablinginnovation.at\/wp-content\/uploads\/2021\/04\/MH-3D-Druck-Komponenten-1000x1400-Q80-400x400.jpg\" alt=\"M&amp;H 3D Druck Komponenten\" \/><\/figure><\/a><\/div><div class=\"swiper-slide\" role=\"group\" aria-roledescription=\"slide\" aria-label=\"2 of 4\"><a data-elementor-open-lightbox=\"yes\" data-elementor-lightbox-slideshow=\"f931472\" data-elementor-lightbox-title=\"M&amp;H Simulation\" data-elementor-lightbox-description=\"M&amp;H setzt auf Altair Inspire: Mit der Software k\u00f6nnen Bauteile simuliert und hochoptimiert werden.\" data-e-action-hash=\"#elementor-action%3Aaction%3Dlightbox%26settings%3DeyJpZCI6NjI3MiwidXJsIjoiaHR0cHM6XC9cL2VuYWJsaW5naW5ub3ZhdGlvbi5hdFwvd3AtY29udGVudFwvdXBsb2Fkc1wvMjAyMVwvMDRcL01ILVNpbXVsYXRpb24tMTUwMHgxMDAwLVE4MC5qcGciLCJzbGlkZXNob3ciOiJmOTMxNDcyIn0%3D\" href=\"https:\/\/enablinginnovation.at\/wp-content\/uploads\/2021\/04\/MH-Simulation-1500x1000-Q80.jpg\"><figure class=\"swiper-slide-inner\"><img decoding=\"async\" class=\"swiper-slide-image\" src=\"https:\/\/enablinginnovation.at\/wp-content\/uploads\/2021\/04\/MH-Simulation-1500x1000-Q80-400x400.jpg\" alt=\"M&amp;H Simulation\" \/><\/figure><\/a><\/div><div class=\"swiper-slide\" role=\"group\" aria-roledescription=\"slide\" aria-label=\"3 of 4\"><a data-elementor-open-lightbox=\"yes\" data-elementor-lightbox-slideshow=\"f931472\" data-elementor-lightbox-title=\"M&amp;H 3D Druck Materialien\" data-elementor-lightbox-description=\"Unterschiedlichste Materialien wie Inconel, Scalmalloy und Titan werden bei M&amp;H im 3D-Drucker zu Bauteilen verarbeitet.\" data-e-action-hash=\"#elementor-action%3Aaction%3Dlightbox%26settings%3DeyJpZCI6NjI3MywidXJsIjoiaHR0cHM6XC9cL2VuYWJsaW5naW5ub3ZhdGlvbi5hdFwvd3AtY29udGVudFwvdXBsb2Fkc1wvMjAyMVwvMDRcL01ILTNELURydWNrLU1hdGVyaWFsaWVuLTE0MDB4MTAwMC1RODAuanBnIiwic2xpZGVzaG93IjoiZjkzMTQ3MiJ9\" href=\"https:\/\/enablinginnovation.at\/wp-content\/uploads\/2021\/04\/MH-3D-Druck-Materialien-1400x1000-Q80.jpg\"><figure class=\"swiper-slide-inner\"><img decoding=\"async\" class=\"swiper-slide-image\" src=\"https:\/\/enablinginnovation.at\/wp-content\/uploads\/2021\/04\/MH-3D-Druck-Materialien-1400x1000-Q80-400x400.jpg\" alt=\"M&amp;H 3D Druck Materialien\" \/><\/figure><\/a><\/div><div class=\"swiper-slide\" role=\"group\" aria-roledescription=\"slide\" aria-label=\"4 of 4\"><a data-elementor-open-lightbox=\"yes\" data-elementor-lightbox-slideshow=\"f931472\" data-elementor-lightbox-title=\"M&amp;H Heinz Hollerweger Patrick Herzig\" data-elementor-lightbox-description=\"Seit Mitte 2020 ist Heinz Hollerweger, langj\u00e4hriger Vorstand von Audi Quattro, Teil des strategischen F\u00fchrungsteams von CEO Patrick Herzig (r.).\" data-e-action-hash=\"#elementor-action%3Aaction%3Dlightbox%26settings%3DeyJpZCI6NjI3NCwidXJsIjoiaHR0cHM6XC9cL2VuYWJsaW5naW5ub3ZhdGlvbi5hdFwvd3AtY29udGVudFwvdXBsb2Fkc1wvMjAyMVwvMDRcL01ILUhlaW56LUhvbGxlcndlZ2VyLVBhdHJpY2stSGVyemlnLTEwMDB4MTUwMC1RODAuanBnIiwic2xpZGVzaG93IjoiZjkzMTQ3MiJ9\" href=\"https:\/\/enablinginnovation.at\/wp-content\/uploads\/2021\/04\/MH-Heinz-Hollerweger-Patrick-Herzig-1000x1500-Q80.jpg\"><figure class=\"swiper-slide-inner\"><img decoding=\"async\" class=\"swiper-slide-image\" src=\"https:\/\/enablinginnovation.at\/wp-content\/uploads\/2021\/04\/MH-Heinz-Hollerweger-Patrick-Herzig-1000x1500-Q80-400x400.jpg\" alt=\"M&amp;H Heinz Hollerweger Patrick Herzig\" \/><\/figure><\/a><\/div>\t\t\t<\/div>\n\t\t\t\t\t\t\t\t\t\t\t\t<div class=\"elementor-swiper-button elementor-swiper-button-prev\" role=\"button\" tabindex=\"0\">\n\t\t\t\t\t\t<i aria-hidden=\"true\" class=\"eicon-chevron-left\"><\/i>\t\t\t\t\t<\/div>\n\t\t\t\t\t<div class=\"elementor-swiper-button elementor-swiper-button-next\" role=\"button\" tabindex=\"0\">\n\t\t\t\t\t\t<i aria-hidden=\"true\" class=\"eicon-chevron-right\"><\/i>\t\t\t\t\t<\/div>\n\t\t\t\t\n\t\t\t\t\t\t\t\t\t<\/div>\n\t\t\t\t<\/div>\n\t\t\t\t<\/div>\n\t\t\t\t\t<\/div>\n\t\t<\/div>\n\t\t\t\t\t\t\t<\/div>\n\t\t<\/section>\n\t\t\t\t<section class=\"elementor-section elementor-top-section elementor-element elementor-element-9104333 elementor-section-boxed elementor-section-height-default elementor-section-height-default\" data-id=\"9104333\" data-element_type=\"section\" data-settings=\"{&quot;jet_parallax_layout_list&quot;:[{&quot;jet_parallax_layout_image&quot;:{&quot;url&quot;:&quot;&quot;,&quot;id&quot;:&quot;&quot;,&quot;size&quot;:&quot;&quot;},&quot;_id&quot;:&quot;49977e1&quot;,&quot;jet_parallax_layout_image_tablet&quot;:{&quot;url&quot;:&quot;&quot;,&quot;id&quot;:&quot;&quot;,&quot;size&quot;:&quot;&quot;},&quot;jet_parallax_layout_image_mobile&quot;:{&quot;url&quot;:&quot;&quot;,&quot;id&quot;:&quot;&quot;,&quot;size&quot;:&quot;&quot;},&quot;jet_parallax_layout_speed&quot;:{&quot;unit&quot;:&quot;%&quot;,&quot;size&quot;:50,&quot;sizes&quot;:[]},&quot;jet_parallax_layout_type&quot;:&quot;scroll&quot;,&quot;jet_parallax_layout_direction&quot;:null,&quot;jet_parallax_layout_fx_direction&quot;:null,&quot;jet_parallax_layout_z_index&quot;:&quot;&quot;,&quot;jet_parallax_layout_bg_x&quot;:50,&quot;jet_parallax_layout_bg_x_tablet&quot;:&quot;&quot;,&quot;jet_parallax_layout_bg_x_mobile&quot;:&quot;&quot;,&quot;jet_parallax_layout_bg_y&quot;:50,&quot;jet_parallax_layout_bg_y_tablet&quot;:&quot;&quot;,&quot;jet_parallax_layout_bg_y_mobile&quot;:&quot;&quot;,&quot;jet_parallax_layout_bg_size&quot;:&quot;auto&quot;,&quot;jet_parallax_layout_bg_size_tablet&quot;:&quot;&quot;,&quot;jet_parallax_layout_bg_size_mobile&quot;:&quot;&quot;,&quot;jet_parallax_layout_animation_prop&quot;:&quot;transform&quot;,&quot;jet_parallax_layout_on&quot;:[&quot;desktop&quot;,&quot;tablet&quot;]}]}\">\n\t\t\t\t\t\t<div class=\"elementor-container elementor-column-gap-default\">\n\t\t\t\t\t<div class=\"elementor-column elementor-col-66 elementor-top-column elementor-element elementor-element-476aa8a\" data-id=\"476aa8a\" data-element_type=\"column\">\n\t\t\t<div class=\"elementor-widget-wrap elementor-element-populated\">\n\t\t\t\t\t\t\t\t<div class=\"elementor-element elementor-element-60e2db6 elementor-widget elementor-widget-heading\" data-id=\"60e2db6\" data-element_type=\"widget\" data-widget_type=\"heading.default\">\n\t\t\t\t<div class=\"elementor-widget-container\">\n\t\t\t<h2 class=\"elementor-heading-title elementor-size-default\">M&H denkt Komponenten neu<\/h2>\t\t<\/div>\n\t\t\t\t<\/div>\n\t\t\t\t<div class=\"elementor-element elementor-element-707c0e7 elementor-widget elementor-widget-text-editor\" data-id=\"707c0e7\" data-element_type=\"widget\" data-widget_type=\"text-editor.default\">\n\t\t\t\t<div class=\"elementor-widget-container\">\n\t\t\t\t\t\t\t<p>Von der Topologie-Optimierung zur hochpr\u00e4zisen einbaufertigen Komponente: M&amp;H, mit Sitz in Ilz, \u00d6sterreich, ist auf die branchen\u00fcbergreifende Herstellung von Bauteilen in der Prototypenphase und bei Kleinserien spezialisiert. Daf\u00fcr verbinden wir innovatives Know-how aus dem 3D-Metalldruck mit den konventionellen Wegen aus dem Bereich der CNC-Bearbeitung. Dabei nutzen wir mit <i>Altair Inspire<\/i> eine der global f\u00fchrenden Software-Entwicklungen zur Topologie-Optimierung und Simulation von Bauteilen. Mit state-of-the-art Designanspr\u00fcchen sowie neuen Wegen der Konstruktion erm\u00f6glichen wir insbesondere Gewichtsreduktionen sowie hochoptimierte Funktionalit\u00e4ten von Komponenten etwa in der Automotive-Branche, in der Flugzeugtechnik sowie in der Wasserkraft- und Energieindustrie. Auf modernsten SLM-3D-Metalldruckern verarbeiten wir unter anderem neueste Materialen wie Tital, Aluminium, Scalmalloy, Inconel und Invar. Auch da wir die gesamte Wertsch\u00f6pfungskette \u2013 inklusive Veredelung und Finishing der Komponente bzw. der Baugruppe \u2013 abdecken k\u00f6nnen, setzen Konzerne wie die \u00d6BB und internationale Automotive-Hersteller sowie Formel 1-Teams auf unser Know-how.<\/p>\t\t\t\t\t\t<\/div>\n\t\t\t\t<\/div>\n\t\t\t\t<div class=\"elementor-element elementor-element-3b01895 elementor-widget elementor-widget-text-editor\" data-id=\"3b01895\" data-element_type=\"widget\" data-widget_type=\"text-editor.default\">\n\t\t\t\t<div class=\"elementor-widget-container\">\n\t\t\t\t\t\t\t<p>Im Zuge des Projekts \u201eEnabling Innovation\u201c konnte M&amp;H seine Innovationskraft weiter vertiefen und ausbauen. Insbesondere konnten im Rahmen des Projekts neue innovationsorientierte Potenziale identifiziert und so sichtbar gemacht werden, um in weiterer Folge neue Wertsch\u00f6pfung zu generieren. Die einfache und unb\u00fcrokratische Kommunikation und Abwicklung des Mobilit\u00e4tscluster ACstyria hat dazu beigetragen, dass M&amp;H weiter an Zukunftsf\u00e4higkeit und digitaler Innovationsorientierung zulegen konnte.<\/p>\t\t\t\t\t\t<\/div>\n\t\t\t\t<\/div>\n\t\t\t\t\t<\/div>\n\t\t<\/div>\n\t\t\t\t<div class=\"jet-sticky-column elementor-column elementor-col-33 elementor-top-column elementor-element elementor-element-ff3e9bd\" data-jet-settings=\"{&quot;id&quot;:&quot;ff3e9bd&quot;,&quot;sticky&quot;:true,&quot;topSpacing&quot;:50,&quot;bottomSpacing&quot;:50,&quot;stickyOn&quot;:[&quot;desktop&quot;,&quot;tablet&quot;]}\" data-id=\"ff3e9bd\" data-element_type=\"column\" data-settings=\"{&quot;background_background&quot;:&quot;classic&quot;}\">\n\t\t\t<div class=\"elementor-widget-wrap elementor-element-populated\">\n\t\t\t\t\t\t\t\t<div class=\"elementor-element elementor-element-df1a4c8 elementor-widget elementor-widget-image\" data-id=\"df1a4c8\" data-element_type=\"widget\" data-widget_type=\"image.default\">\n\t\t\t\t<div class=\"elementor-widget-container\">\n\t\t\t\t\t\t\t\t\t\t\t\t\t\t\t<img decoding=\"async\" loading=\"lazy\" width=\"300\" height=\"300\" src=\"https:\/\/enablinginnovation.at\/wp-content\/uploads\/2021\/04\/Logo-MH-CNC-Technik-300x300-1.png\" class=\"attachment-large size-large wp-image-6130\" alt=\"\" srcset=\"https:\/\/enablinginnovation.at\/wp-content\/uploads\/2021\/04\/Logo-MH-CNC-Technik-300x300-1.png 300w, https:\/\/enablinginnovation.at\/wp-content\/uploads\/2021\/04\/Logo-MH-CNC-Technik-300x300-1-150x150.png 150w, https:\/\/enablinginnovation.at\/wp-content\/uploads\/2021\/04\/Logo-MH-CNC-Technik-300x300-1-230x230.png 230w\" sizes=\"(max-width: 300px) 100vw, 300px\" \/>\t\t\t\t\t\t\t\t\t\t\t\t\t\t\t<\/div>\n\t\t\t\t<\/div>\n\t\t\t\t<div class=\"elementor-element elementor-element-57ad66a elementor-widget elementor-widget-heading\" data-id=\"57ad66a\" data-element_type=\"widget\" data-widget_type=\"heading.default\">\n\t\t\t\t<div class=\"elementor-widget-container\">\n\t\t\t<h5 class=\"elementor-heading-title elementor-size-default\">M&H CNC Technik GmbH<\/h5>\t\t<\/div>\n\t\t\t\t<\/div>\n\t\t\t\t<div class=\"elementor-element elementor-element-1be89d8 elementor-icon-list--layout-traditional elementor-list-item-link-full_width elementor-widget elementor-widget-icon-list\" data-id=\"1be89d8\" data-element_type=\"widget\" data-widget_type=\"icon-list.default\">\n\t\t\t\t<div class=\"elementor-widget-container\">\n\t\t\t\t\t<ul class=\"elementor-icon-list-items\">\n\t\t\t\t\t\t\t<li class=\"elementor-icon-list-item\">\n\t\t\t\t\t\t\t\t\t\t\t<span class=\"elementor-icon-list-icon\">\n\t\t\t\t\t\t\t<i aria-hidden=\"true\" class=\"fas fa-location-arrow\"><\/i>\t\t\t\t\t\t<\/span>\n\t\t\t\t\t\t\t\t\t\t<span class=\"elementor-icon-list-text\">Neudorf 171, A-8262 Ilz<\/span>\n\t\t\t\t\t\t\t\t\t<\/li>\n\t\t\t\t\t\t\t\t<li class=\"elementor-icon-list-item\">\n\t\t\t\t\t\t\t\t\t\t\t<a href=\"tel: 433385245700\">\n\n\t\t\t\t\t\t\t\t\t\t\t\t<span class=\"elementor-icon-list-icon\">\n\t\t\t\t\t\t\t<i aria-hidden=\"true\" class=\"fas fa-phone-alt\"><\/i>\t\t\t\t\t\t<\/span>\n\t\t\t\t\t\t\t\t\t\t<span class=\"elementor-icon-list-text\">+43 3385 24 570 0<\/span>\n\t\t\t\t\t\t\t\t\t\t\t<\/a>\n\t\t\t\t\t\t\t\t\t<\/li>\n\t\t\t\t\t\t\t\t<li class=\"elementor-icon-list-item\">\n\t\t\t\t\t\t\t\t\t\t\t<a href=\"mailto:cad@mhcnc.com\">\n\n\t\t\t\t\t\t\t\t\t\t\t\t<span class=\"elementor-icon-list-icon\">\n\t\t\t\t\t\t\t<i aria-hidden=\"true\" class=\"fas fa-at\"><\/i>\t\t\t\t\t\t<\/span>\n\t\t\t\t\t\t\t\t\t\t<span class=\"elementor-icon-list-text\">cad@mhcnc.com<\/span>\n\t\t\t\t\t\t\t\t\t\t\t<\/a>\n\t\t\t\t\t\t\t\t\t<\/li>\n\t\t\t\t\t\t\t\t<li class=\"elementor-icon-list-item\">\n\t\t\t\t\t\t\t\t\t\t\t<a href=\"https:\/\/www.mhcnc.com\" target=\"_blank\" rel=\"nofollow\">\n\n\t\t\t\t\t\t\t\t\t\t\t\t<span class=\"elementor-icon-list-icon\">\n\t\t\t\t\t\t\t<i aria-hidden=\"true\" class=\"fas fa-link\"><\/i>\t\t\t\t\t\t<\/span>\n\t\t\t\t\t\t\t\t\t\t<span class=\"elementor-icon-list-text\">https:\/\/www.mhcnc.com<\/span>\n\t\t\t\t\t\t\t\t\t\t\t<\/a>\n\t\t\t\t\t\t\t\t\t<\/li>\n\t\t\t\t\t\t<\/ul>\n\t\t\t\t<\/div>\n\t\t\t\t<\/div>\n\t\t\t\t<div class=\"elementor-element elementor-element-a6b9904 elementor-widget elementor-widget-spacer\" data-id=\"a6b9904\" data-element_type=\"widget\" data-widget_type=\"spacer.default\">\n\t\t\t\t<div class=\"elementor-widget-container\">\n\t\t\t\t\t<div class=\"elementor-spacer\">\n\t\t\t<div class=\"elementor-spacer-inner\"><\/div>\n\t\t<\/div>\n\t\t\t\t<\/div>\n\t\t\t\t<\/div>\n\t\t\t\t\t<\/div>\n\t\t<\/div>\n\t\t\t\t\t\t\t<\/div>\n\t\t<\/section>\n\t\t\t\t\t\t\t<\/div>","protected":false},"excerpt":{"rendered":"<p>Zur\u00fcck Weiter M&#038;H denkt Komponenten neu Von der Topologie-Optimierung zur hochpr\u00e4zisen einbaufertigen Komponente: M&amp;H, mit Sitz in Ilz, \u00d6sterreich, ist auf die branchen\u00fcbergreifende Herstellung von Bauteilen in der Prototypenphase und bei Kleinserien spezialisiert. Daf\u00fcr verbinden wir innovatives Know-how aus dem 3D-Metalldruck mit den konventionellen Wegen aus dem Bereich der CNC-Bearbeitung. Dabei nutzen wir mit Altair [&hellip;]<\/p>","protected":false},"author":1,"featured_media":0,"parent":5836,"menu_order":18,"comment_status":"closed","ping_status":"closed","template":"elementor_header_footer","meta":{"footnotes":""},"_links":{"self":[{"href":"https:\/\/enablinginnovation.at\/en\/wp-json\/wp\/v2\/pages\/6262"}],"collection":[{"href":"https:\/\/enablinginnovation.at\/en\/wp-json\/wp\/v2\/pages"}],"about":[{"href":"https:\/\/enablinginnovation.at\/en\/wp-json\/wp\/v2\/types\/page"}],"author":[{"embeddable":true,"href":"https:\/\/enablinginnovation.at\/en\/wp-json\/wp\/v2\/users\/1"}],"replies":[{"embeddable":true,"href":"https:\/\/enablinginnovation.at\/en\/wp-json\/wp\/v2\/comments?post=6262"}],"version-history":[{"count":10,"href":"https:\/\/enablinginnovation.at\/en\/wp-json\/wp\/v2\/pages\/6262\/revisions"}],"predecessor-version":[{"id":6280,"href":"https:\/\/enablinginnovation.at\/en\/wp-json\/wp\/v2\/pages\/6262\/revisions\/6280"}],"up":[{"embeddable":true,"href":"https:\/\/enablinginnovation.at\/en\/wp-json\/wp\/v2\/pages\/5836"}],"wp:attachment":[{"href":"https:\/\/enablinginnovation.at\/en\/wp-json\/wp\/v2\/media?parent=6262"}],"curies":[{"name":"wp","href":"https:\/\/api.w.org\/{rel}","templated":true}]}}