{"id":6473,"date":"2022-01-13T23:49:09","date_gmt":"2022-01-13T22:49:09","guid":{"rendered":"https:\/\/enablinginnovation.at\/?page_id=6473"},"modified":"2022-01-14T00:29:25","modified_gmt":"2022-01-13T23:29:25","slug":"4a-manufacturing-gmbh","status":"publish","type":"page","link":"https:\/\/enablinginnovation.at\/en\/projekte\/4a-manufacturing-gmbh\/","title":{"rendered":"4a manufacturing GmbH"},"content":{"rendered":"<div data-elementor-type=\"wp-page\" data-elementor-id=\"6473\" class=\"elementor elementor-6473\">\n\t\t\t\t\t\t\t\t\t<section class=\"elementor-section elementor-top-section elementor-element elementor-element-82aff3c elementor-section-boxed elementor-section-height-default elementor-section-height-default\" data-id=\"82aff3c\" data-element_type=\"section\" data-settings=\"{&quot;jet_parallax_layout_list&quot;:[{&quot;jet_parallax_layout_image&quot;:{&quot;url&quot;:&quot;&quot;,&quot;id&quot;:&quot;&quot;,&quot;size&quot;:&quot;&quot;},&quot;_id&quot;:&quot;1ff0dad&quot;,&quot;jet_parallax_layout_image_tablet&quot;:{&quot;url&quot;:&quot;&quot;,&quot;id&quot;:&quot;&quot;,&quot;size&quot;:&quot;&quot;},&quot;jet_parallax_layout_image_mobile&quot;:{&quot;url&quot;:&quot;&quot;,&quot;id&quot;:&quot;&quot;,&quot;size&quot;:&quot;&quot;},&quot;jet_parallax_layout_speed&quot;:{&quot;unit&quot;:&quot;%&quot;,&quot;size&quot;:50,&quot;sizes&quot;:[]},&quot;jet_parallax_layout_type&quot;:&quot;scroll&quot;,&quot;jet_parallax_layout_direction&quot;:null,&quot;jet_parallax_layout_fx_direction&quot;:null,&quot;jet_parallax_layout_z_index&quot;:&quot;&quot;,&quot;jet_parallax_layout_bg_x&quot;:50,&quot;jet_parallax_layout_bg_x_tablet&quot;:&quot;&quot;,&quot;jet_parallax_layout_bg_x_mobile&quot;:&quot;&quot;,&quot;jet_parallax_layout_bg_y&quot;:50,&quot;jet_parallax_layout_bg_y_tablet&quot;:&quot;&quot;,&quot;jet_parallax_layout_bg_y_mobile&quot;:&quot;&quot;,&quot;jet_parallax_layout_bg_size&quot;:&quot;auto&quot;,&quot;jet_parallax_layout_bg_size_tablet&quot;:&quot;&quot;,&quot;jet_parallax_layout_bg_size_mobile&quot;:&quot;&quot;,&quot;jet_parallax_layout_animation_prop&quot;:&quot;transform&quot;,&quot;jet_parallax_layout_on&quot;:[&quot;desktop&quot;,&quot;tablet&quot;]}]}\">\n\t\t\t\t\t\t<div class=\"elementor-container elementor-column-gap-default\">\n\t\t\t\t\t<div class=\"elementor-column elementor-col-100 elementor-top-column elementor-element elementor-element-75ae86c\" data-id=\"75ae86c\" data-element_type=\"column\">\n\t\t\t<div class=\"elementor-widget-wrap elementor-element-populated\">\n\t\t\t\t\t\t\t\t<div class=\"elementor-element elementor-element-f931472 elementor-arrows-position-inside elementor-widget elementor-widget-image-carousel\" data-id=\"f931472\" data-element_type=\"widget\" data-settings=\"{&quot;slides_to_show&quot;:&quot;3&quot;,&quot;autoplay&quot;:&quot;no&quot;,&quot;navigation&quot;:&quot;arrows&quot;,&quot;infinite&quot;:&quot;yes&quot;,&quot;speed&quot;:500}\" data-widget_type=\"image-carousel.default\">\n\t\t\t\t<div class=\"elementor-widget-container\">\n\t\t\t\t\t<div class=\"elementor-image-carousel-wrapper swiper-container\" dir=\"ltr\">\n\t\t\t<div class=\"elementor-image-carousel swiper-wrapper\" aria-live=\"polite\">\n\t\t\t\t\t\t\t\t<div class=\"swiper-slide\" role=\"group\" aria-roledescription=\"slide\" aria-label=\"1 of 4\"><a data-elementor-open-lightbox=\"yes\" data-elementor-lightbox-slideshow=\"f931472\" data-elementor-lightbox-title=\"4a manufacturing GmbH | Meeting\" data-e-action-hash=\"#elementor-action%3Aaction%3Dlightbox%26settings%3DeyJpZCI6NjQ3NSwidXJsIjoiaHR0cHM6XC9cL2VuYWJsaW5naW5ub3ZhdGlvbi5hdFwvd3AtY29udGVudFwvdXBsb2Fkc1wvMjAyMlwvMDFcLzRhLW1hbnVmYWN0dXJpbmctTWVldGluZy0xNTAweDEwMDAtUTgwLmpwZyIsInNsaWRlc2hvdyI6ImY5MzE0NzIifQ%3D%3D\" href=\"https:\/\/enablinginnovation.at\/wp-content\/uploads\/2022\/01\/4a-manufacturing-Meeting-1500x1000-Q80.jpg\"><figure class=\"swiper-slide-inner\"><img decoding=\"async\" class=\"swiper-slide-image\" src=\"https:\/\/enablinginnovation.at\/wp-content\/uploads\/2022\/01\/4a-manufacturing-Meeting-1500x1000-Q80-400x400.jpg\" alt=\"4a manufacturing GmbH | Meeting\" \/><\/figure><\/a><\/div><div class=\"swiper-slide\" role=\"group\" aria-roledescription=\"slide\" aria-label=\"2 of 4\"><a data-elementor-open-lightbox=\"yes\" data-elementor-lightbox-slideshow=\"f931472\" data-elementor-lightbox-title=\"4a manufacturing GmbH | CIMERA B Radome\" data-e-action-hash=\"#elementor-action%3Aaction%3Dlightbox%26settings%3DeyJpZCI6NjQ3NiwidXJsIjoiaHR0cHM6XC9cL2VuYWJsaW5naW5ub3ZhdGlvbi5hdFwvd3AtY29udGVudFwvdXBsb2Fkc1wvMjAyMlwvMDFcLzRhLW1hbnVmYWN0dXJpbmctQ0lNRVJBLUItUmFkb21lLTE1MDB4MTAwMC1RODAuanBnIiwic2xpZGVzaG93IjoiZjkzMTQ3MiJ9\" href=\"https:\/\/enablinginnovation.at\/wp-content\/uploads\/2022\/01\/4a-manufacturing-CIMERA-B-Radome-1500x1000-Q80.jpg\"><figure class=\"swiper-slide-inner\"><img decoding=\"async\" class=\"swiper-slide-image\" src=\"https:\/\/enablinginnovation.at\/wp-content\/uploads\/2022\/01\/4a-manufacturing-CIMERA-B-Radome-1500x1000-Q80-400x400.jpg\" alt=\"4a manufacturing GmbH | CIMERA B Radome\" \/><\/figure><\/a><\/div><div class=\"swiper-slide\" role=\"group\" aria-roledescription=\"slide\" aria-label=\"3 of 4\"><a data-elementor-open-lightbox=\"yes\" data-elementor-lightbox-slideshow=\"f931472\" data-elementor-lightbox-title=\"4a manufacturing GmbH | Antenne\" data-e-action-hash=\"#elementor-action%3Aaction%3Dlightbox%26settings%3DeyJpZCI6NjQ3NywidXJsIjoiaHR0cHM6XC9cL2VuYWJsaW5naW5ub3ZhdGlvbi5hdFwvd3AtY29udGVudFwvdXBsb2Fkc1wvMjAyMlwvMDFcLzRhLW1hbnVmYWN0dXJpbmctQW50ZW5uZS01MDB4NTAwLVE4MC5qcGciLCJzbGlkZXNob3ciOiJmOTMxNDcyIn0%3D\" href=\"https:\/\/enablinginnovation.at\/wp-content\/uploads\/2022\/01\/4a-manufacturing-Antenne-500x500-Q80.jpg\"><figure class=\"swiper-slide-inner\"><img decoding=\"async\" class=\"swiper-slide-image\" src=\"https:\/\/enablinginnovation.at\/wp-content\/uploads\/2022\/01\/4a-manufacturing-Antenne-500x500-Q80-400x400.jpg\" alt=\"4a manufacturing GmbH | Antenne\" \/><\/figure><\/a><\/div><div class=\"swiper-slide\" role=\"group\" aria-roledescription=\"slide\" aria-label=\"4 of 4\"><a data-elementor-open-lightbox=\"yes\" data-elementor-lightbox-slideshow=\"f931472\" data-elementor-lightbox-title=\"4a manufacturing GmbH | Antenne Symbolbild\" data-e-action-hash=\"#elementor-action%3Aaction%3Dlightbox%26settings%3DeyJpZCI6NjQ3OCwidXJsIjoiaHR0cHM6XC9cL2VuYWJsaW5naW5ub3ZhdGlvbi5hdFwvd3AtY29udGVudFwvdXBsb2Fkc1wvMjAyMlwvMDFcLzRhLW1hbnVmYWN0dXJpbmctQW50ZW5uZS1TeW1ib2xiaWxkLTUwMHg1MDAtUTgwLmpwZyIsInNsaWRlc2hvdyI6ImY5MzE0NzIifQ%3D%3D\" href=\"https:\/\/enablinginnovation.at\/wp-content\/uploads\/2022\/01\/4a-manufacturing-Antenne-Symbolbild-500x500-Q80.jpg\"><figure class=\"swiper-slide-inner\"><img decoding=\"async\" class=\"swiper-slide-image\" src=\"https:\/\/enablinginnovation.at\/wp-content\/uploads\/2022\/01\/4a-manufacturing-Antenne-Symbolbild-500x500-Q80-400x400.jpg\" alt=\"4a manufacturing GmbH | Antenne Symbolbild\" \/><\/figure><\/a><\/div>\t\t\t<\/div>\n\t\t\t\t\t\t\t\t\t\t\t\t<div class=\"elementor-swiper-button elementor-swiper-button-prev\" role=\"button\" tabindex=\"0\">\n\t\t\t\t\t\t<i aria-hidden=\"true\" class=\"eicon-chevron-left\"><\/i>\t\t\t\t\t<\/div>\n\t\t\t\t\t<div class=\"elementor-swiper-button elementor-swiper-button-next\" role=\"button\" tabindex=\"0\">\n\t\t\t\t\t\t<i aria-hidden=\"true\" class=\"eicon-chevron-right\"><\/i>\t\t\t\t\t<\/div>\n\t\t\t\t\n\t\t\t\t\t\t\t\t\t<\/div>\n\t\t\t\t<\/div>\n\t\t\t\t<\/div>\n\t\t\t\t\t<\/div>\n\t\t<\/div>\n\t\t\t\t\t\t\t<\/div>\n\t\t<\/section>\n\t\t\t\t<section class=\"elementor-section elementor-top-section elementor-element elementor-element-9104333 elementor-section-boxed elementor-section-height-default elementor-section-height-default\" data-id=\"9104333\" data-element_type=\"section\" data-settings=\"{&quot;jet_parallax_layout_list&quot;:[{&quot;jet_parallax_layout_image&quot;:{&quot;url&quot;:&quot;&quot;,&quot;id&quot;:&quot;&quot;,&quot;size&quot;:&quot;&quot;},&quot;_id&quot;:&quot;49977e1&quot;,&quot;jet_parallax_layout_image_tablet&quot;:{&quot;url&quot;:&quot;&quot;,&quot;id&quot;:&quot;&quot;,&quot;size&quot;:&quot;&quot;},&quot;jet_parallax_layout_image_mobile&quot;:{&quot;url&quot;:&quot;&quot;,&quot;id&quot;:&quot;&quot;,&quot;size&quot;:&quot;&quot;},&quot;jet_parallax_layout_speed&quot;:{&quot;unit&quot;:&quot;%&quot;,&quot;size&quot;:50,&quot;sizes&quot;:[]},&quot;jet_parallax_layout_type&quot;:&quot;scroll&quot;,&quot;jet_parallax_layout_direction&quot;:null,&quot;jet_parallax_layout_fx_direction&quot;:null,&quot;jet_parallax_layout_z_index&quot;:&quot;&quot;,&quot;jet_parallax_layout_bg_x&quot;:50,&quot;jet_parallax_layout_bg_x_tablet&quot;:&quot;&quot;,&quot;jet_parallax_layout_bg_x_mobile&quot;:&quot;&quot;,&quot;jet_parallax_layout_bg_y&quot;:50,&quot;jet_parallax_layout_bg_y_tablet&quot;:&quot;&quot;,&quot;jet_parallax_layout_bg_y_mobile&quot;:&quot;&quot;,&quot;jet_parallax_layout_bg_size&quot;:&quot;auto&quot;,&quot;jet_parallax_layout_bg_size_tablet&quot;:&quot;&quot;,&quot;jet_parallax_layout_bg_size_mobile&quot;:&quot;&quot;,&quot;jet_parallax_layout_animation_prop&quot;:&quot;transform&quot;,&quot;jet_parallax_layout_on&quot;:[&quot;desktop&quot;,&quot;tablet&quot;]}]}\">\n\t\t\t\t\t\t<div class=\"elementor-container elementor-column-gap-default\">\n\t\t\t\t\t<div class=\"elementor-column elementor-col-66 elementor-top-column elementor-element elementor-element-476aa8a\" data-id=\"476aa8a\" data-element_type=\"column\">\n\t\t\t<div class=\"elementor-widget-wrap elementor-element-populated\">\n\t\t\t\t\t\t\t\t<div class=\"elementor-element elementor-element-60e2db6 elementor-widget elementor-widget-heading\" data-id=\"60e2db6\" data-element_type=\"widget\" data-widget_type=\"heading.default\">\n\t\t\t\t<div class=\"elementor-widget-container\">\n\t\t\t<h2 class=\"elementor-heading-title elementor-size-default\">High-Tech Composite f\u00fcr 5G Infrastruktur und Satellitenkommunikation<\/h2>\t\t<\/div>\n\t\t\t\t<\/div>\n\t\t\t\t<div class=\"elementor-element elementor-element-707c0e7 elementor-widget elementor-widget-text-editor\" data-id=\"707c0e7\" data-element_type=\"widget\" data-widget_type=\"text-editor.default\">\n\t\t\t\t<div class=\"elementor-widget-container\">\n\t\t\t\t\t\t\t<p>4a manufacturing ist Teil der 4a technology Gruppe und konzentriert sich seit beinahe 20 Jahren auf neue Technologien in den Bereichen Mobilit\u00e4t, Kommunikation und Verkehrssicherheit. Dabei pr\u00e4gen zwei wesentliche Produktschienen den Markterfolg: MILLIFOAM\u00ae (d\u00fcnne Hartsch\u00e4ume) und CIMERA\u00ae (Micro-sandwich Laminate). Zum Beispiel im hochdynamischen Markt f\u00fcr Unterhaltungselektronik der st\u00e4ndig neue Materialentwicklungen fordert, ist CIMERA\u00ae \u00e4u\u00dferst erfolgreich. Geringes Gewicht kombiniert mit immer d\u00fcnnerer Gesamtdicke wird mit maximaler Steifigkeit kombiniert.<\/p><p>Im Zuge des Projekts &#8222;Enabling Innovation&#8220; hat sich 4a manufacturing die Frage gestellt, in welcher Art und Weise das vorhandene Know-how vertieft und welche M\u00e4rkte damit erschlossen werden k\u00f6nnen. Insbesondere drehte es sich beim Projekt um die Innovationsstrategie und das Business Development \u2013 beides Aspekte, die in der Erfolgsgeschichte der 4a Gruppe seit jeher einen wichtigen Stellenwert einnehmen.<\/p><p>Konkret wurde im ersten Schritt des Projekts das bestehende Business Development Modell und auch das Technologie-Management durchleuchtet. Eine klassische SWOT Analyse unterst\u00fctze im Weiteren die Kristallisation der Ist-Kernkompetenzen. Essenziell in der Vorgehensweise war, die Kundenbed\u00fcrfnisse dem Kompetenzprofil gegen\u00fcberzustellen, womit neue Anwendungs- und Innovationsfelder der Technologie der 4a manufacturing identifiziert wurden.<\/p><p>Mittlerweile ist 4a manufacturing der Einstieg in den hochdynamischen 5G Markt gelungen. Und zwar mit der Produktschiene CIMERA\u00ae Radome. Die neue 5G Infrastruktur lebt von immer h\u00f6heren Funkfrequenzen, um damit die Daten\u00fcbertragungsgeschwindigkeiten massiv zu erh\u00f6hen. Daf\u00fcr werden sogenannten &#8222;Small Cells&#8220; ben\u00f6tigt \u2013 das sind Antennen mit einer Reichweite von einigen hundert Metern. Die Antennen ben\u00f6tigen spezielle Antennenkuppeln: die Radome (Radome steht f\u00fcr &#8222;Radar Dome&#8220;). Mittels der CIMERA\u00ae Radome Technologie ist es nun m\u00f6glich ein mehrschichtiges Radom zu bauen, das mechanisch sehr stabil ist und gleichzeitig die hochfrequenten elektromagnetischen Signale ungehindert passieren l\u00e4sst.<\/p><p>Zus\u00e4tzlich zum 5G Markt eignen sich CIMERA\u00ae Radome auch f\u00fcr Satelliten-Terminals. Das sind im Wesentlichen Empfangsger\u00e4te f\u00fcr Datenverbindungen via Satellit. Der Bedarf an diesen Terminals wird aktuell durch die neu entstehenden Satelliten-Konstellationen (StarLink, OneWeb) stark angeheizt.<\/p><p>4a manufacturing bedankt sich sehr bei den Organisatoren des ACStyria f\u00fcr die ausgezeichnete Organisation des Projekts. Die Zusammenarbeit und die strukturierte Vorgehensweise der Enabling Innovation Projektleitung waren hervorragend und die Basis daf\u00fcr, dass man sich voll auf die Inhalte konzentrieren konnte. Der Erfolg, der im neuen Marktsegment erzielt wird, spricht f\u00fcr sich.<\/p>\t\t\t\t\t\t<\/div>\n\t\t\t\t<\/div>\n\t\t\t\t\t<\/div>\n\t\t<\/div>\n\t\t\t\t<div class=\"jet-sticky-column elementor-column elementor-col-33 elementor-top-column elementor-element elementor-element-ff3e9bd\" data-jet-settings=\"{&quot;id&quot;:&quot;ff3e9bd&quot;,&quot;sticky&quot;:true,&quot;topSpacing&quot;:50,&quot;bottomSpacing&quot;:50,&quot;stickyOn&quot;:[&quot;desktop&quot;,&quot;tablet&quot;]}\" data-id=\"ff3e9bd\" data-element_type=\"column\" data-settings=\"{&quot;background_background&quot;:&quot;classic&quot;}\">\n\t\t\t<div class=\"elementor-widget-wrap elementor-element-populated\">\n\t\t\t\t\t\t\t\t<div class=\"elementor-element elementor-element-df1a4c8 elementor-widget elementor-widget-image\" data-id=\"df1a4c8\" data-element_type=\"widget\" data-widget_type=\"image.default\">\n\t\t\t\t<div class=\"elementor-widget-container\">\n\t\t\t\t\t\t\t\t\t\t\t\t\t\t\t<img decoding=\"async\" loading=\"lazy\" width=\"300\" height=\"300\" src=\"https:\/\/enablinginnovation.at\/wp-content\/uploads\/2021\/04\/Logo-4a-Manufacturing-300x300-1.png\" class=\"attachment-large size-large wp-image-6099\" alt=\"\" srcset=\"https:\/\/enablinginnovation.at\/wp-content\/uploads\/2021\/04\/Logo-4a-Manufacturing-300x300-1.png 300w, https:\/\/enablinginnovation.at\/wp-content\/uploads\/2021\/04\/Logo-4a-Manufacturing-300x300-1-150x150.png 150w, https:\/\/enablinginnovation.at\/wp-content\/uploads\/2021\/04\/Logo-4a-Manufacturing-300x300-1-230x230.png 230w\" sizes=\"(max-width: 300px) 100vw, 300px\" \/>\t\t\t\t\t\t\t\t\t\t\t\t\t\t\t<\/div>\n\t\t\t\t<\/div>\n\t\t\t\t<div class=\"elementor-element elementor-element-57ad66a elementor-widget elementor-widget-heading\" data-id=\"57ad66a\" data-element_type=\"widget\" data-widget_type=\"heading.default\">\n\t\t\t\t<div class=\"elementor-widget-container\">\n\t\t\t<h5 class=\"elementor-heading-title elementor-size-default\">4a manufacturing GmbH<\/h5>\t\t<\/div>\n\t\t\t\t<\/div>\n\t\t\t\t<div class=\"elementor-element elementor-element-1be89d8 elementor-icon-list--layout-traditional elementor-list-item-link-full_width elementor-widget elementor-widget-icon-list\" data-id=\"1be89d8\" data-element_type=\"widget\" data-widget_type=\"icon-list.default\">\n\t\t\t\t<div class=\"elementor-widget-container\">\n\t\t\t\t\t<ul class=\"elementor-icon-list-items\">\n\t\t\t\t\t\t\t<li class=\"elementor-icon-list-item\">\n\t\t\t\t\t\t\t\t\t\t\t<span class=\"elementor-icon-list-icon\">\n\t\t\t\t\t\t\t<i aria-hidden=\"true\" class=\"fas fa-location-arrow\"><\/i>\t\t\t\t\t\t<\/span>\n\t\t\t\t\t\t\t\t\t\t<span class=\"elementor-icon-list-text\">Industriepark 1, A-8772 Traboch<\/span>\n\t\t\t\t\t\t\t\t\t<\/li>\n\t\t\t\t\t\t\t\t<li class=\"elementor-icon-list-item\">\n\t\t\t\t\t\t\t\t\t\t\t<a href=\"tel: 43384245106600\">\n\n\t\t\t\t\t\t\t\t\t\t\t\t<span class=\"elementor-icon-list-icon\">\n\t\t\t\t\t\t\t<i aria-hidden=\"true\" class=\"fas fa-phone-alt\"><\/i>\t\t\t\t\t\t<\/span>\n\t\t\t\t\t\t\t\t\t\t<span class=\"elementor-icon-list-text\">+43 3842 \/ 45 106 - 600<\/span>\n\t\t\t\t\t\t\t\t\t\t\t<\/a>\n\t\t\t\t\t\t\t\t\t<\/li>\n\t\t\t\t\t\t\t\t<li class=\"elementor-icon-list-item\">\n\t\t\t\t\t\t\t\t\t\t\t<a href=\"mailto:office@4a.at\">\n\n\t\t\t\t\t\t\t\t\t\t\t\t<span class=\"elementor-icon-list-icon\">\n\t\t\t\t\t\t\t<i aria-hidden=\"true\" class=\"fas fa-at\"><\/i>\t\t\t\t\t\t<\/span>\n\t\t\t\t\t\t\t\t\t\t<span class=\"elementor-icon-list-text\">office@4a.at<\/span>\n\t\t\t\t\t\t\t\t\t\t\t<\/a>\n\t\t\t\t\t\t\t\t\t<\/li>\n\t\t\t\t\t\t\t\t<li class=\"elementor-icon-list-item\">\n\t\t\t\t\t\t\t\t\t\t\t<a href=\"https:\/\/www.4a-manufacturing.at\" target=\"_blank\" rel=\"nofollow\">\n\n\t\t\t\t\t\t\t\t\t\t\t\t<span class=\"elementor-icon-list-icon\">\n\t\t\t\t\t\t\t<i aria-hidden=\"true\" class=\"fas fa-link\"><\/i>\t\t\t\t\t\t<\/span>\n\t\t\t\t\t\t\t\t\t\t<span class=\"elementor-icon-list-text\">https:\/\/www.4a-manufacturing.at<\/span>\n\t\t\t\t\t\t\t\t\t\t\t<\/a>\n\t\t\t\t\t\t\t\t\t<\/li>\n\t\t\t\t\t\t<\/ul>\n\t\t\t\t<\/div>\n\t\t\t\t<\/div>\n\t\t\t\t<div class=\"elementor-element elementor-element-a6b9904 elementor-widget elementor-widget-spacer\" data-id=\"a6b9904\" data-element_type=\"widget\" data-widget_type=\"spacer.default\">\n\t\t\t\t<div class=\"elementor-widget-container\">\n\t\t\t\t\t<div class=\"elementor-spacer\">\n\t\t\t<div class=\"elementor-spacer-inner\"><\/div>\n\t\t<\/div>\n\t\t\t\t<\/div>\n\t\t\t\t<\/div>\n\t\t\t\t\t<\/div>\n\t\t<\/div>\n\t\t\t\t\t\t\t<\/div>\n\t\t<\/section>\n\t\t\t\t\t\t\t<\/div>","protected":false},"excerpt":{"rendered":"<p>Zur\u00fcck Weiter High-Tech Composite f\u00fcr 5G Infrastruktur und Satellitenkommunikation 4a manufacturing ist Teil der 4a technology Gruppe und konzentriert sich seit beinahe 20 Jahren auf neue Technologien in den Bereichen Mobilit\u00e4t, Kommunikation und Verkehrssicherheit. Dabei pr\u00e4gen zwei wesentliche Produktschienen den Markterfolg: MILLIFOAM\u00ae (d\u00fcnne Hartsch\u00e4ume) und CIMERA\u00ae (Micro-sandwich Laminate). Zum Beispiel im hochdynamischen Markt f\u00fcr Unterhaltungselektronik [&hellip;]<\/p>","protected":false},"author":1,"featured_media":0,"parent":5836,"menu_order":1,"comment_status":"closed","ping_status":"closed","template":"elementor_header_footer","meta":{"footnotes":""},"_links":{"self":[{"href":"https:\/\/enablinginnovation.at\/en\/wp-json\/wp\/v2\/pages\/6473"}],"collection":[{"href":"https:\/\/enablinginnovation.at\/en\/wp-json\/wp\/v2\/pages"}],"about":[{"href":"https:\/\/enablinginnovation.at\/en\/wp-json\/wp\/v2\/types\/page"}],"author":[{"embeddable":true,"href":"https:\/\/enablinginnovation.at\/en\/wp-json\/wp\/v2\/users\/1"}],"replies":[{"embeddable":true,"href":"https:\/\/enablinginnovation.at\/en\/wp-json\/wp\/v2\/comments?post=6473"}],"version-history":[{"count":4,"href":"https:\/\/enablinginnovation.at\/en\/wp-json\/wp\/v2\/pages\/6473\/revisions"}],"predecessor-version":[{"id":6481,"href":"https:\/\/enablinginnovation.at\/en\/wp-json\/wp\/v2\/pages\/6473\/revisions\/6481"}],"up":[{"embeddable":true,"href":"https:\/\/enablinginnovation.at\/en\/wp-json\/wp\/v2\/pages\/5836"}],"wp:attachment":[{"href":"https:\/\/enablinginnovation.at\/en\/wp-json\/wp\/v2\/media?parent=6473"}],"curies":[{"name":"wp","href":"https:\/\/api.w.org\/{rel}","templated":true}]}}