{"id":6595,"date":"2022-06-07T20:39:59","date_gmt":"2022-06-07T18:39:59","guid":{"rendered":"https:\/\/enablinginnovation.at\/?page_id=6595"},"modified":"2023-01-14T22:23:05","modified_gmt":"2023-01-14T21:23:05","slug":"radkersburger-metal-forming-gmbh","status":"publish","type":"page","link":"https:\/\/enablinginnovation.at\/en\/projekte\/radkersburger-metal-forming-gmbh\/","title":{"rendered":"Radkersburger Metal Forming GmbH"},"content":{"rendered":"<div data-elementor-type=\"wp-page\" data-elementor-id=\"6595\" class=\"elementor elementor-6595\">\n\t\t\t\t\t\t\t\t\t<section class=\"elementor-section elementor-top-section elementor-element elementor-element-82aff3c elementor-section-boxed elementor-section-height-default elementor-section-height-default\" data-id=\"82aff3c\" data-element_type=\"section\" data-settings=\"{&quot;jet_parallax_layout_list&quot;:[{&quot;jet_parallax_layout_image&quot;:{&quot;url&quot;:&quot;&quot;,&quot;id&quot;:&quot;&quot;,&quot;size&quot;:&quot;&quot;},&quot;_id&quot;:&quot;1ff0dad&quot;,&quot;jet_parallax_layout_image_tablet&quot;:{&quot;url&quot;:&quot;&quot;,&quot;id&quot;:&quot;&quot;,&quot;size&quot;:&quot;&quot;},&quot;jet_parallax_layout_image_mobile&quot;:{&quot;url&quot;:&quot;&quot;,&quot;id&quot;:&quot;&quot;,&quot;size&quot;:&quot;&quot;},&quot;jet_parallax_layout_speed&quot;:{&quot;unit&quot;:&quot;%&quot;,&quot;size&quot;:50,&quot;sizes&quot;:[]},&quot;jet_parallax_layout_type&quot;:&quot;scroll&quot;,&quot;jet_parallax_layout_direction&quot;:null,&quot;jet_parallax_layout_fx_direction&quot;:null,&quot;jet_parallax_layout_z_index&quot;:&quot;&quot;,&quot;jet_parallax_layout_bg_x&quot;:50,&quot;jet_parallax_layout_bg_x_tablet&quot;:&quot;&quot;,&quot;jet_parallax_layout_bg_x_mobile&quot;:&quot;&quot;,&quot;jet_parallax_layout_bg_y&quot;:50,&quot;jet_parallax_layout_bg_y_tablet&quot;:&quot;&quot;,&quot;jet_parallax_layout_bg_y_mobile&quot;:&quot;&quot;,&quot;jet_parallax_layout_bg_size&quot;:&quot;auto&quot;,&quot;jet_parallax_layout_bg_size_tablet&quot;:&quot;&quot;,&quot;jet_parallax_layout_bg_size_mobile&quot;:&quot;&quot;,&quot;jet_parallax_layout_animation_prop&quot;:&quot;transform&quot;,&quot;jet_parallax_layout_on&quot;:[&quot;desktop&quot;,&quot;tablet&quot;]}]}\">\n\t\t\t\t\t\t<div class=\"elementor-container elementor-column-gap-default\">\n\t\t\t\t\t<div class=\"elementor-column elementor-col-100 elementor-top-column elementor-element elementor-element-75ae86c\" data-id=\"75ae86c\" data-element_type=\"column\">\n\t\t\t<div class=\"elementor-widget-wrap elementor-element-populated\">\n\t\t\t\t\t\t\t\t<div class=\"elementor-element elementor-element-f931472 elementor-arrows-position-inside elementor-widget elementor-widget-image-carousel\" data-id=\"f931472\" data-element_type=\"widget\" data-settings=\"{&quot;slides_to_show&quot;:&quot;3&quot;,&quot;autoplay&quot;:&quot;no&quot;,&quot;navigation&quot;:&quot;arrows&quot;,&quot;infinite&quot;:&quot;yes&quot;,&quot;speed&quot;:500}\" data-widget_type=\"image-carousel.default\">\n\t\t\t\t<div class=\"elementor-widget-container\">\n\t\t\t\t\t<div class=\"elementor-image-carousel-wrapper swiper-container\" dir=\"ltr\">\n\t\t\t<div class=\"elementor-image-carousel swiper-wrapper\" aria-live=\"polite\">\n\t\t\t\t\t\t\t\t<div class=\"swiper-slide\" role=\"group\" aria-roledescription=\"slide\" aria-label=\"1 of 11\"><a data-elementor-open-lightbox=\"yes\" data-elementor-lightbox-slideshow=\"f931472\" data-elementor-lightbox-title=\"Radkersburger Metal Forming RM-2033 1500x1000 Q80\" data-e-action-hash=\"#elementor-action%3Aaction%3Dlightbox%26settings%3DeyJpZCI6NjYwMCwidXJsIjoiaHR0cHM6XC9cL2VuYWJsaW5naW5ub3ZhdGlvbi5hdFwvd3AtY29udGVudFwvdXBsb2Fkc1wvMjAyMlwvMDZcL1JhZGtlcnNidXJnZXItTWV0YWwtRm9ybWluZy1STS0yMDMzLTE1MDB4MTAwMC1RODAuanBnIiwic2xpZGVzaG93IjoiZjkzMTQ3MiJ9\" href=\"https:\/\/enablinginnovation.at\/wp-content\/uploads\/2022\/06\/Radkersburger-Metal-Forming-RM-2033-1500x1000-Q80.jpg\"><figure class=\"swiper-slide-inner\"><img decoding=\"async\" class=\"swiper-slide-image\" src=\"https:\/\/enablinginnovation.at\/wp-content\/uploads\/2022\/06\/Radkersburger-Metal-Forming-RM-2033-1500x1000-Q80-400x400.jpg\" alt=\"Radkersburger Metal Forming RM-2033 1500x1000 Q80\" \/><\/figure><\/a><\/div><div class=\"swiper-slide\" role=\"group\" aria-roledescription=\"slide\" aria-label=\"2 of 11\"><a data-elementor-open-lightbox=\"yes\" data-elementor-lightbox-slideshow=\"f931472\" data-elementor-lightbox-title=\"Radkersburger Metal Forming RM-2067 1500x1000 Q80\" data-e-action-hash=\"#elementor-action%3Aaction%3Dlightbox%26settings%3DeyJpZCI6NjYwMSwidXJsIjoiaHR0cHM6XC9cL2VuYWJsaW5naW5ub3ZhdGlvbi5hdFwvd3AtY29udGVudFwvdXBsb2Fkc1wvMjAyMlwvMDZcL1JhZGtlcnNidXJnZXItTWV0YWwtRm9ybWluZy1STS0yMDY3LTE1MDB4MTAwMC1RODAuanBnIiwic2xpZGVzaG93IjoiZjkzMTQ3MiJ9\" href=\"https:\/\/enablinginnovation.at\/wp-content\/uploads\/2022\/06\/Radkersburger-Metal-Forming-RM-2067-1500x1000-Q80.jpg\"><figure class=\"swiper-slide-inner\"><img decoding=\"async\" class=\"swiper-slide-image\" src=\"https:\/\/enablinginnovation.at\/wp-content\/uploads\/2022\/06\/Radkersburger-Metal-Forming-RM-2067-1500x1000-Q80-400x400.jpg\" alt=\"Radkersburger Metal Forming RM-2067 1500x1000 Q80\" \/><\/figure><\/a><\/div><div class=\"swiper-slide\" role=\"group\" aria-roledescription=\"slide\" aria-label=\"3 of 11\"><a data-elementor-open-lightbox=\"yes\" data-elementor-lightbox-slideshow=\"f931472\" data-elementor-lightbox-title=\"Radkersburger Metal Forming RM-2095 1500x1000 Q80\" data-e-action-hash=\"#elementor-action%3Aaction%3Dlightbox%26settings%3DeyJpZCI6NjYwMiwidXJsIjoiaHR0cHM6XC9cL2VuYWJsaW5naW5ub3ZhdGlvbi5hdFwvd3AtY29udGVudFwvdXBsb2Fkc1wvMjAyMlwvMDZcL1JhZGtlcnNidXJnZXItTWV0YWwtRm9ybWluZy1STS0yMDk1LTE1MDB4MTAwMC1RODAuanBnIiwic2xpZGVzaG93IjoiZjkzMTQ3MiJ9\" href=\"https:\/\/enablinginnovation.at\/wp-content\/uploads\/2022\/06\/Radkersburger-Metal-Forming-RM-2095-1500x1000-Q80.jpg\"><figure class=\"swiper-slide-inner\"><img decoding=\"async\" class=\"swiper-slide-image\" src=\"https:\/\/enablinginnovation.at\/wp-content\/uploads\/2022\/06\/Radkersburger-Metal-Forming-RM-2095-1500x1000-Q80-400x400.jpg\" alt=\"Radkersburger Metal Forming RM-2095 1500x1000 Q80\" \/><\/figure><\/a><\/div><div class=\"swiper-slide\" role=\"group\" aria-roledescription=\"slide\" aria-label=\"4 of 11\"><a data-elementor-open-lightbox=\"yes\" data-elementor-lightbox-slideshow=\"f931472\" data-elementor-lightbox-title=\"Radkersburger Metal Forming RM-2225 1500x1000 Q80\" data-e-action-hash=\"#elementor-action%3Aaction%3Dlightbox%26settings%3DeyJpZCI6NjYwMywidXJsIjoiaHR0cHM6XC9cL2VuYWJsaW5naW5ub3ZhdGlvbi5hdFwvd3AtY29udGVudFwvdXBsb2Fkc1wvMjAyMlwvMDZcL1JhZGtlcnNidXJnZXItTWV0YWwtRm9ybWluZy1STS0yMjI1LTE1MDB4MTAwMC1RODAuanBnIiwic2xpZGVzaG93IjoiZjkzMTQ3MiJ9\" href=\"https:\/\/enablinginnovation.at\/wp-content\/uploads\/2022\/06\/Radkersburger-Metal-Forming-RM-2225-1500x1000-Q80.jpg\"><figure class=\"swiper-slide-inner\"><img decoding=\"async\" class=\"swiper-slide-image\" src=\"https:\/\/enablinginnovation.at\/wp-content\/uploads\/2022\/06\/Radkersburger-Metal-Forming-RM-2225-1500x1000-Q80-400x400.jpg\" alt=\"Radkersburger Metal Forming RM-2225 1500x1000 Q80\" \/><\/figure><\/a><\/div><div class=\"swiper-slide\" role=\"group\" aria-roledescription=\"slide\" aria-label=\"5 of 11\"><a data-elementor-open-lightbox=\"yes\" data-elementor-lightbox-slideshow=\"f931472\" data-elementor-lightbox-title=\"Radkersburger Metal Forming RM-2281 1500x1000 Q80\" data-e-action-hash=\"#elementor-action%3Aaction%3Dlightbox%26settings%3DeyJpZCI6NjYwNCwidXJsIjoiaHR0cHM6XC9cL2VuYWJsaW5naW5ub3ZhdGlvbi5hdFwvd3AtY29udGVudFwvdXBsb2Fkc1wvMjAyMlwvMDZcL1JhZGtlcnNidXJnZXItTWV0YWwtRm9ybWluZy1STS0yMjgxLTE1MDB4MTAwMC1RODAuanBnIiwic2xpZGVzaG93IjoiZjkzMTQ3MiJ9\" href=\"https:\/\/enablinginnovation.at\/wp-content\/uploads\/2022\/06\/Radkersburger-Metal-Forming-RM-2281-1500x1000-Q80.jpg\"><figure class=\"swiper-slide-inner\"><img decoding=\"async\" class=\"swiper-slide-image\" src=\"https:\/\/enablinginnovation.at\/wp-content\/uploads\/2022\/06\/Radkersburger-Metal-Forming-RM-2281-1500x1000-Q80-400x400.jpg\" alt=\"Radkersburger Metal Forming RM-2281 1500x1000 Q80\" \/><\/figure><\/a><\/div><div class=\"swiper-slide\" role=\"group\" aria-roledescription=\"slide\" aria-label=\"6 of 11\"><a data-elementor-open-lightbox=\"yes\" data-elementor-lightbox-slideshow=\"f931472\" data-elementor-lightbox-title=\"Radkersburger Metal Forming RM-2326 1500x1000 Q80\" data-e-action-hash=\"#elementor-action%3Aaction%3Dlightbox%26settings%3DeyJpZCI6NjYwNSwidXJsIjoiaHR0cHM6XC9cL2VuYWJsaW5naW5ub3ZhdGlvbi5hdFwvd3AtY29udGVudFwvdXBsb2Fkc1wvMjAyMlwvMDZcL1JhZGtlcnNidXJnZXItTWV0YWwtRm9ybWluZy1STS0yMzI2LTE1MDB4MTAwMC1RODAuanBnIiwic2xpZGVzaG93IjoiZjkzMTQ3MiJ9\" href=\"https:\/\/enablinginnovation.at\/wp-content\/uploads\/2022\/06\/Radkersburger-Metal-Forming-RM-2326-1500x1000-Q80.jpg\"><figure class=\"swiper-slide-inner\"><img decoding=\"async\" class=\"swiper-slide-image\" src=\"https:\/\/enablinginnovation.at\/wp-content\/uploads\/2022\/06\/Radkersburger-Metal-Forming-RM-2326-1500x1000-Q80-400x400.jpg\" alt=\"Radkersburger Metal Forming RM-2326 1500x1000 Q80\" \/><\/figure><\/a><\/div><div class=\"swiper-slide\" role=\"group\" aria-roledescription=\"slide\" aria-label=\"7 of 11\"><a data-elementor-open-lightbox=\"yes\" data-elementor-lightbox-slideshow=\"f931472\" data-elementor-lightbox-title=\"Radkersburger Metal Forming RM-2353 1500x1000 Q80\" data-e-action-hash=\"#elementor-action%3Aaction%3Dlightbox%26settings%3DeyJpZCI6NjYwNiwidXJsIjoiaHR0cHM6XC9cL2VuYWJsaW5naW5ub3ZhdGlvbi5hdFwvd3AtY29udGVudFwvdXBsb2Fkc1wvMjAyMlwvMDZcL1JhZGtlcnNidXJnZXItTWV0YWwtRm9ybWluZy1STS0yMzUzLTE1MDB4MTAwMC1RODAuanBnIiwic2xpZGVzaG93IjoiZjkzMTQ3MiJ9\" href=\"https:\/\/enablinginnovation.at\/wp-content\/uploads\/2022\/06\/Radkersburger-Metal-Forming-RM-2353-1500x1000-Q80.jpg\"><figure class=\"swiper-slide-inner\"><img decoding=\"async\" class=\"swiper-slide-image\" src=\"https:\/\/enablinginnovation.at\/wp-content\/uploads\/2022\/06\/Radkersburger-Metal-Forming-RM-2353-1500x1000-Q80-400x400.jpg\" alt=\"Radkersburger Metal Forming RM-2353 1500x1000 Q80\" \/><\/figure><\/a><\/div><div class=\"swiper-slide\" role=\"group\" aria-roledescription=\"slide\" aria-label=\"8 of 11\"><a data-elementor-open-lightbox=\"yes\" data-elementor-lightbox-slideshow=\"f931472\" data-elementor-lightbox-title=\"Radkersburger Metal Forming RM-2371 1500x1000 Q80\" data-e-action-hash=\"#elementor-action%3Aaction%3Dlightbox%26settings%3DeyJpZCI6NjYwNywidXJsIjoiaHR0cHM6XC9cL2VuYWJsaW5naW5ub3ZhdGlvbi5hdFwvd3AtY29udGVudFwvdXBsb2Fkc1wvMjAyMlwvMDZcL1JhZGtlcnNidXJnZXItTWV0YWwtRm9ybWluZy1STS0yMzcxLTE1MDB4MTAwMC1RODAuanBnIiwic2xpZGVzaG93IjoiZjkzMTQ3MiJ9\" href=\"https:\/\/enablinginnovation.at\/wp-content\/uploads\/2022\/06\/Radkersburger-Metal-Forming-RM-2371-1500x1000-Q80.jpg\"><figure class=\"swiper-slide-inner\"><img decoding=\"async\" class=\"swiper-slide-image\" src=\"https:\/\/enablinginnovation.at\/wp-content\/uploads\/2022\/06\/Radkersburger-Metal-Forming-RM-2371-1500x1000-Q80-400x400.jpg\" alt=\"Radkersburger Metal Forming RM-2371 1500x1000 Q80\" \/><\/figure><\/a><\/div><div class=\"swiper-slide\" role=\"group\" aria-roledescription=\"slide\" aria-label=\"9 of 11\"><a data-elementor-open-lightbox=\"yes\" data-elementor-lightbox-slideshow=\"f931472\" data-elementor-lightbox-title=\"Radkersburger Metal Forming RM-37214_RM_04 1500x1000 Q80\" data-e-action-hash=\"#elementor-action%3Aaction%3Dlightbox%26settings%3DeyJpZCI6NjYwOCwidXJsIjoiaHR0cHM6XC9cL2VuYWJsaW5naW5ub3ZhdGlvbi5hdFwvd3AtY29udGVudFwvdXBsb2Fkc1wvMjAyMlwvMDZcL1JhZGtlcnNidXJnZXItTWV0YWwtRm9ybWluZy1STS0zNzIxNF9STV8wNC0xNTAweDEwMDAtUTgwLmpwZyIsInNsaWRlc2hvdyI6ImY5MzE0NzIifQ%3D%3D\" href=\"https:\/\/enablinginnovation.at\/wp-content\/uploads\/2022\/06\/Radkersburger-Metal-Forming-RM-37214_RM_04-1500x1000-Q80.jpg\"><figure class=\"swiper-slide-inner\"><img decoding=\"async\" class=\"swiper-slide-image\" src=\"https:\/\/enablinginnovation.at\/wp-content\/uploads\/2022\/06\/Radkersburger-Metal-Forming-RM-37214_RM_04-1500x1000-Q80-400x400.jpg\" alt=\"Radkersburger Metal Forming RM-37214_RM_04 1500x1000 Q80\" \/><\/figure><\/a><\/div><div class=\"swiper-slide\" role=\"group\" aria-roledescription=\"slide\" aria-label=\"10 of 11\"><a data-elementor-open-lightbox=\"yes\" data-elementor-lightbox-slideshow=\"f931472\" data-elementor-lightbox-title=\"Radkersburger Metal Forming RM-37214_RM_06 1500x1000 Q80\" data-e-action-hash=\"#elementor-action%3Aaction%3Dlightbox%26settings%3DeyJpZCI6NjYwOSwidXJsIjoiaHR0cHM6XC9cL2VuYWJsaW5naW5ub3ZhdGlvbi5hdFwvd3AtY29udGVudFwvdXBsb2Fkc1wvMjAyMlwvMDZcL1JhZGtlcnNidXJnZXItTWV0YWwtRm9ybWluZy1STS0zNzIxNF9STV8wNi0xNTAweDEwMDAtUTgwLmpwZyIsInNsaWRlc2hvdyI6ImY5MzE0NzIifQ%3D%3D\" href=\"https:\/\/enablinginnovation.at\/wp-content\/uploads\/2022\/06\/Radkersburger-Metal-Forming-RM-37214_RM_06-1500x1000-Q80.jpg\"><figure class=\"swiper-slide-inner\"><img decoding=\"async\" class=\"swiper-slide-image\" src=\"https:\/\/enablinginnovation.at\/wp-content\/uploads\/2022\/06\/Radkersburger-Metal-Forming-RM-37214_RM_06-1500x1000-Q80-400x400.jpg\" alt=\"Radkersburger Metal Forming RM-37214_RM_06 1500x1000 Q80\" \/><\/figure><\/a><\/div><div class=\"swiper-slide\" role=\"group\" aria-roledescription=\"slide\" aria-label=\"11 of 11\"><a data-elementor-open-lightbox=\"yes\" data-elementor-lightbox-slideshow=\"f931472\" data-elementor-lightbox-title=\"Radkersburger Metal Forming RM-37214_RM_07 1500x1000 Q80\" data-e-action-hash=\"#elementor-action%3Aaction%3Dlightbox%26settings%3DeyJpZCI6NjYxMSwidXJsIjoiaHR0cHM6XC9cL2VuYWJsaW5naW5ub3ZhdGlvbi5hdFwvd3AtY29udGVudFwvdXBsb2Fkc1wvMjAyMlwvMDZcL1JhZGtlcnNidXJnZXItTWV0YWwtRm9ybWluZy1STS0zNzIxNF9STV8wNy0xNTAweDEwMDAtUTgwLmpwZyIsInNsaWRlc2hvdyI6ImY5MzE0NzIifQ%3D%3D\" href=\"https:\/\/enablinginnovation.at\/wp-content\/uploads\/2022\/06\/Radkersburger-Metal-Forming-RM-37214_RM_07-1500x1000-Q80.jpg\"><figure class=\"swiper-slide-inner\"><img decoding=\"async\" class=\"swiper-slide-image\" src=\"https:\/\/enablinginnovation.at\/wp-content\/uploads\/2022\/06\/Radkersburger-Metal-Forming-RM-37214_RM_07-1500x1000-Q80-400x400.jpg\" alt=\"Radkersburger Metal Forming RM-37214_RM_07 1500x1000 Q80\" \/><\/figure><\/a><\/div>\t\t\t<\/div>\n\t\t\t\t\t\t\t\t\t\t\t\t<div class=\"elementor-swiper-button elementor-swiper-button-prev\" role=\"button\" tabindex=\"0\">\n\t\t\t\t\t\t<i aria-hidden=\"true\" class=\"eicon-chevron-left\"><\/i>\t\t\t\t\t<\/div>\n\t\t\t\t\t<div class=\"elementor-swiper-button elementor-swiper-button-next\" role=\"button\" tabindex=\"0\">\n\t\t\t\t\t\t<i aria-hidden=\"true\" class=\"eicon-chevron-right\"><\/i>\t\t\t\t\t<\/div>\n\t\t\t\t\n\t\t\t\t\t\t\t\t\t<\/div>\n\t\t\t\t<\/div>\n\t\t\t\t<\/div>\n\t\t\t\t\t<\/div>\n\t\t<\/div>\n\t\t\t\t\t\t\t<\/div>\n\t\t<\/section>\n\t\t\t\t<section class=\"elementor-section elementor-top-section elementor-element elementor-element-9104333 elementor-section-boxed elementor-section-height-default elementor-section-height-default\" data-id=\"9104333\" data-element_type=\"section\" data-settings=\"{&quot;jet_parallax_layout_list&quot;:[{&quot;jet_parallax_layout_image&quot;:{&quot;url&quot;:&quot;&quot;,&quot;id&quot;:&quot;&quot;,&quot;size&quot;:&quot;&quot;},&quot;_id&quot;:&quot;49977e1&quot;,&quot;jet_parallax_layout_image_tablet&quot;:{&quot;url&quot;:&quot;&quot;,&quot;id&quot;:&quot;&quot;,&quot;size&quot;:&quot;&quot;},&quot;jet_parallax_layout_image_mobile&quot;:{&quot;url&quot;:&quot;&quot;,&quot;id&quot;:&quot;&quot;,&quot;size&quot;:&quot;&quot;},&quot;jet_parallax_layout_speed&quot;:{&quot;unit&quot;:&quot;%&quot;,&quot;size&quot;:50,&quot;sizes&quot;:[]},&quot;jet_parallax_layout_type&quot;:&quot;scroll&quot;,&quot;jet_parallax_layout_direction&quot;:null,&quot;jet_parallax_layout_fx_direction&quot;:null,&quot;jet_parallax_layout_z_index&quot;:&quot;&quot;,&quot;jet_parallax_layout_bg_x&quot;:50,&quot;jet_parallax_layout_bg_x_tablet&quot;:&quot;&quot;,&quot;jet_parallax_layout_bg_x_mobile&quot;:&quot;&quot;,&quot;jet_parallax_layout_bg_y&quot;:50,&quot;jet_parallax_layout_bg_y_tablet&quot;:&quot;&quot;,&quot;jet_parallax_layout_bg_y_mobile&quot;:&quot;&quot;,&quot;jet_parallax_layout_bg_size&quot;:&quot;auto&quot;,&quot;jet_parallax_layout_bg_size_tablet&quot;:&quot;&quot;,&quot;jet_parallax_layout_bg_size_mobile&quot;:&quot;&quot;,&quot;jet_parallax_layout_animation_prop&quot;:&quot;transform&quot;,&quot;jet_parallax_layout_on&quot;:[&quot;desktop&quot;,&quot;tablet&quot;]}]}\">\n\t\t\t\t\t\t<div class=\"elementor-container elementor-column-gap-default\">\n\t\t\t\t\t<div class=\"elementor-column elementor-col-66 elementor-top-column elementor-element elementor-element-476aa8a\" data-id=\"476aa8a\" data-element_type=\"column\">\n\t\t\t<div class=\"elementor-widget-wrap elementor-element-populated\">\n\t\t\t\t\t\t\t\t<div class=\"elementor-element elementor-element-60e2db6 elementor-widget elementor-widget-heading\" data-id=\"60e2db6\" data-element_type=\"widget\" data-widget_type=\"heading.default\">\n\t\t\t\t<div class=\"elementor-widget-container\">\n\t\t\t<h2 class=\"elementor-heading-title elementor-size-default\">\"F\u00fcr uns ist Komplexit\u00e4t reine FORMsache\"<\/h2>\t\t<\/div>\n\t\t\t\t<\/div>\n\t\t\t\t<div class=\"elementor-element elementor-element-707c0e7 elementor-widget elementor-widget-text-editor\" data-id=\"707c0e7\" data-element_type=\"widget\" data-widget_type=\"text-editor.default\">\n\t\t\t\t<div class=\"elementor-widget-container\">\n\t\t\t\t\t\t\t<p>Komplexe Formgebung &amp; nahtlose Umformung sind die St\u00e4rken, die uns von der Skizze bis zum fertigen Produkt zu einem verl\u00e4sslichen Partner machen. Jahrzehnte erworbene Erfahrung, der Drang nach Perfektion und die Lust an der Innovation machen Radkersburger Metal Forming\u00a0 (rm) zu einem europaweit gefragten Spezialisten in Sachen Blechumformung.<\/p><p>Metalldr\u00fccken, Tiefziehen und hydromechanisches Tiefziehen sowie der synergetische und verkettete Einsatz der Technologien machen uns zu einem gefragten Know-How-Tr\u00e4ger f\u00fcr komplexe Umformaufgaben. rm ist Entwicklungspartner, verf\u00fcgt \u00fcber eine Konstruktionsabteilung und einen Werkzeugbau und ist somit ein verl\u00e4sslicher Partner von der Skizze bis zum fertigen Produkt.<\/p><p>Die anhaltenden Ver\u00e4nderungen in den Wirtschaftsma\u0308rkten, getrieben durch Digitalisierung und Globalisierung, bieten f\u00fcr die Radkersburger Metal Forming GmbH sowohl Chancen als auch Risiken. Durch diese Ver\u00e4nderungen am Markt entstand daher die Notwendigkeit bestehende Gesch\u00e4ftsbereiche, sowie Produkte- und Dienstleistungen zu hinterfragen, gegebenenfalls zu \u00fcberarbeiten und vor allem neue Gesch\u00e4ftsbereiche, sowie neue Produkte- und Dienstleistungen zu entwickeln.<\/p><p>Damit Herausforderungen nicht zu Risiken, sondern zu Chancen werden, galt es, eine auf das Unternehmen ma\u00dfgeschneiderte Innovationsstrategie zu finden und auch im Bereich der Organisation Potenziale zu erkennen und als strategische Sto\u00dfrichtungen zu formulieren. Zudem wurden s\u00e4mtliche M\u00e4rkte, Kunden und Produkte so weit durchleuchtet, sodass in Abh\u00e4ngigkeit dieser Variablen eine ebenfalls auf das Unternehmen angepasste Business Development Strategie abgeleitet werden konnte.<\/p><p>Mit klaren Prozessen und Kennzahlen wurden diese unternehmensweiten Sto\u00dfrichtungen in den Bereichen \/ Abteilungen heruntergebrochen und mit Hilfe von Prozessparametern \u00fcberwacht bzw. klare Ziele (Indikatoren) formuliert.<\/p><p>Neben der Generierung strategischer Sto\u00dfrichtungen folgten im Rahmen von Workshops auch immer wieder neue Impulse, welche zus\u00e4tzlich das &#8222;out of the box&#8220;-Denken erleichterten.<\/p><p>Entsprechend den entwickelten strategischen Sto\u00dfrichtungen wurden zielf\u00fchrende und auf das Unternehmen passgenaue Methoden und Werkzeuge vorgestellt und mittels learning-by-doing Ans\u00e4tzen vermittelt.<\/p><p><b>Ergebnisse und Erkenntnisse:<\/b><\/p><p>Im Zuge des Projekts &#8222;Enabling Innovation&#8220; konnte die Radkersburger Metal Forming seine St\u00e4rken und Schw\u00e4chen hinsichtlich der eigenen Innovationskraft hinterfragen. Insbesondere konnten im Rahmen des Projekts neue innovationsorientierte Potenziale f\u00fcr die Bereiche neue M\u00e4rkte, neue Kunden, neue Produkte identifiziert und so sichtbar gemacht werden, um in weiterer Folge eine neue Gesch\u00e4ftsfeldentwicklung zu generieren. Die einfache und unb\u00fcrokratische Kommunikation gepaart mit der partnerschaftlichen und professionellen Abwicklung des Mobilit\u00e4tscluster ACstyria hat dazu beigetragen, dass die Radkersburger Metal Forming nun auf dem weiteren Weg ihre volle Innovationskraft aussch\u00f6pfen kann, um so gest\u00e4rkt in eine stabile und expansionsorientierte Zukunft zu gehen.<\/p><p><i>&#8222;W\u00e4hrend der Durchf\u00fchrung des Projektes im Zuge des Enabling Innovation &#8211; Programmes, wurde den Mitarbeitern das Potenzial, dass in unserem Unternehmen steckt, vor Augen gef\u00fchrt und es entstand eine Art Aufbruch-Stimmung. Dies hat das gesamte Team noch n\u00e4her zusammengebracht und es ziehen alle an einem Strang. Ein gro\u00dfer Dank gilt unserem Berater, der uns dabei begleitet hat und uns alle dazu motiviert hat, \u00fcber den Tellerrand zu schauen&#8220;<\/i> [Stefan Wiery, Gesch\u00e4ftsf\u00fchrung]<\/p>\t\t\t\t\t\t<\/div>\n\t\t\t\t<\/div>\n\t\t\t\t\t<\/div>\n\t\t<\/div>\n\t\t\t\t<div class=\"jet-sticky-column elementor-column elementor-col-33 elementor-top-column elementor-element elementor-element-ff3e9bd\" data-jet-settings=\"{&quot;id&quot;:&quot;ff3e9bd&quot;,&quot;sticky&quot;:true,&quot;topSpacing&quot;:50,&quot;bottomSpacing&quot;:50,&quot;stickyOn&quot;:[&quot;desktop&quot;,&quot;tablet&quot;]}\" data-id=\"ff3e9bd\" data-element_type=\"column\" data-settings=\"{&quot;background_background&quot;:&quot;classic&quot;}\">\n\t\t\t<div class=\"elementor-widget-wrap elementor-element-populated\">\n\t\t\t\t\t\t\t\t<div class=\"elementor-element elementor-element-df1a4c8 elementor-widget elementor-widget-image\" data-id=\"df1a4c8\" data-element_type=\"widget\" data-widget_type=\"image.default\">\n\t\t\t\t<div class=\"elementor-widget-container\">\n\t\t\t\t\t\t\t\t\t\t\t\t\t\t\t<img decoding=\"async\" loading=\"lazy\" width=\"300\" height=\"300\" src=\"https:\/\/enablinginnovation.at\/wp-content\/uploads\/2022\/06\/Logo-Radkersburger-Metal-Forming-300x300-2.png\" class=\"attachment-large size-large wp-image-6591\" alt=\"\" srcset=\"https:\/\/enablinginnovation.at\/wp-content\/uploads\/2022\/06\/Logo-Radkersburger-Metal-Forming-300x300-2.png 300w, https:\/\/enablinginnovation.at\/wp-content\/uploads\/2022\/06\/Logo-Radkersburger-Metal-Forming-300x300-2-150x150.png 150w, https:\/\/enablinginnovation.at\/wp-content\/uploads\/2022\/06\/Logo-Radkersburger-Metal-Forming-300x300-2-12x12.png 12w, https:\/\/enablinginnovation.at\/wp-content\/uploads\/2022\/06\/Logo-Radkersburger-Metal-Forming-300x300-2-230x230.png 230w\" sizes=\"(max-width: 300px) 100vw, 300px\" \/>\t\t\t\t\t\t\t\t\t\t\t\t\t\t\t<\/div>\n\t\t\t\t<\/div>\n\t\t\t\t<div class=\"elementor-element elementor-element-57ad66a elementor-widget elementor-widget-heading\" data-id=\"57ad66a\" data-element_type=\"widget\" data-widget_type=\"heading.default\">\n\t\t\t\t<div class=\"elementor-widget-container\">\n\t\t\t<h5 class=\"elementor-heading-title elementor-size-default\">Radkersburger Metal Forming GmbH<\/h5>\t\t<\/div>\n\t\t\t\t<\/div>\n\t\t\t\t<div class=\"elementor-element elementor-element-1be89d8 elementor-icon-list--layout-traditional elementor-list-item-link-full_width elementor-widget elementor-widget-icon-list\" data-id=\"1be89d8\" data-element_type=\"widget\" data-widget_type=\"icon-list.default\">\n\t\t\t\t<div class=\"elementor-widget-container\">\n\t\t\t\t\t<ul class=\"elementor-icon-list-items\">\n\t\t\t\t\t\t\t<li class=\"elementor-icon-list-item\">\n\t\t\t\t\t\t\t\t\t\t\t<span class=\"elementor-icon-list-icon\">\n\t\t\t\t\t\t\t<i aria-hidden=\"true\" class=\"fas fa-location-arrow\"><\/i>\t\t\t\t\t\t<\/span>\n\t\t\t\t\t\t\t\t\t\t<span class=\"elementor-icon-list-text\">Austria S\u00fcdost Gewerbepark A Nr. 2, A-8490 Bad Radkersburg<\/span>\n\t\t\t\t\t\t\t\t\t<\/li>\n\t\t\t\t\t\t\t\t<li class=\"elementor-icon-list-item\">\n\t\t\t\t\t\t\t\t\t\t\t<a href=\"tel: 43347622740\">\n\n\t\t\t\t\t\t\t\t\t\t\t\t<span class=\"elementor-icon-list-icon\">\n\t\t\t\t\t\t\t<i aria-hidden=\"true\" class=\"fas fa-phone-alt\"><\/i>\t\t\t\t\t\t<\/span>\n\t\t\t\t\t\t\t\t\t\t<span class=\"elementor-icon-list-text\">+43 3476 2274 - 0<\/span>\n\t\t\t\t\t\t\t\t\t\t\t<\/a>\n\t\t\t\t\t\t\t\t\t<\/li>\n\t\t\t\t\t\t\t\t<li class=\"elementor-icon-list-item\">\n\t\t\t\t\t\t\t\t\t\t\t<a href=\"mailto:office@radkersburger.at\">\n\n\t\t\t\t\t\t\t\t\t\t\t\t<span class=\"elementor-icon-list-icon\">\n\t\t\t\t\t\t\t<i aria-hidden=\"true\" class=\"fas fa-at\"><\/i>\t\t\t\t\t\t<\/span>\n\t\t\t\t\t\t\t\t\t\t<span class=\"elementor-icon-list-text\">office@radkersburger.at<\/span>\n\t\t\t\t\t\t\t\t\t\t\t<\/a>\n\t\t\t\t\t\t\t\t\t<\/li>\n\t\t\t\t\t\t\t\t<li class=\"elementor-icon-list-item\">\n\t\t\t\t\t\t\t\t\t\t\t<a href=\"https:\/\/www.radkersburger.at\" target=\"_blank\" rel=\"nofollow\">\n\n\t\t\t\t\t\t\t\t\t\t\t\t<span class=\"elementor-icon-list-icon\">\n\t\t\t\t\t\t\t<i aria-hidden=\"true\" class=\"fas fa-link\"><\/i>\t\t\t\t\t\t<\/span>\n\t\t\t\t\t\t\t\t\t\t<span class=\"elementor-icon-list-text\">https:\/\/www.radkersburger.at<\/span>\n\t\t\t\t\t\t\t\t\t\t\t<\/a>\n\t\t\t\t\t\t\t\t\t<\/li>\n\t\t\t\t\t\t<\/ul>\n\t\t\t\t<\/div>\n\t\t\t\t<\/div>\n\t\t\t\t<div class=\"elementor-element elementor-element-a6b9904 elementor-widget elementor-widget-spacer\" data-id=\"a6b9904\" data-element_type=\"widget\" data-widget_type=\"spacer.default\">\n\t\t\t\t<div class=\"elementor-widget-container\">\n\t\t\t\t\t<div class=\"elementor-spacer\">\n\t\t\t<div class=\"elementor-spacer-inner\"><\/div>\n\t\t<\/div>\n\t\t\t\t<\/div>\n\t\t\t\t<\/div>\n\t\t\t\t\t<\/div>\n\t\t<\/div>\n\t\t\t\t\t\t\t<\/div>\n\t\t<\/section>\n\t\t\t\t\t\t\t<\/div>","protected":false},"excerpt":{"rendered":"<p>Zur\u00fcck Weiter &#8222;F\u00fcr uns ist Komplexit\u00e4t reine FORMsache&#8220; Komplexe Formgebung &amp; nahtlose Umformung sind die St\u00e4rken, die uns von der Skizze bis zum fertigen Produkt zu einem verl\u00e4sslichen Partner machen. Jahrzehnte erworbene Erfahrung, der Drang nach Perfektion und die Lust an der Innovation machen Radkersburger Metal Forming\u00a0 (rm) zu einem europaweit gefragten Spezialisten in Sachen [&hellip;]<\/p>","protected":false},"author":1,"featured_media":0,"parent":5836,"menu_order":24,"comment_status":"closed","ping_status":"closed","template":"elementor_header_footer","meta":{"footnotes":""},"_links":{"self":[{"href":"https:\/\/enablinginnovation.at\/en\/wp-json\/wp\/v2\/pages\/6595"}],"collection":[{"href":"https:\/\/enablinginnovation.at\/en\/wp-json\/wp\/v2\/pages"}],"about":[{"href":"https:\/\/enablinginnovation.at\/en\/wp-json\/wp\/v2\/types\/page"}],"author":[{"embeddable":true,"href":"https:\/\/enablinginnovation.at\/en\/wp-json\/wp\/v2\/users\/1"}],"replies":[{"embeddable":true,"href":"https:\/\/enablinginnovation.at\/en\/wp-json\/wp\/v2\/comments?post=6595"}],"version-history":[{"count":8,"href":"https:\/\/enablinginnovation.at\/en\/wp-json\/wp\/v2\/pages\/6595\/revisions"}],"predecessor-version":[{"id":6641,"href":"https:\/\/enablinginnovation.at\/en\/wp-json\/wp\/v2\/pages\/6595\/revisions\/6641"}],"up":[{"embeddable":true,"href":"https:\/\/enablinginnovation.at\/en\/wp-json\/wp\/v2\/pages\/5836"}],"wp:attachment":[{"href":"https:\/\/enablinginnovation.at\/en\/wp-json\/wp\/v2\/media?parent=6595"}],"curies":[{"name":"wp","href":"https:\/\/api.w.org\/{rel}","templated":true}]}}