{"id":6688,"date":"2022-06-10T23:41:36","date_gmt":"2022-06-10T21:41:36","guid":{"rendered":"https:\/\/enablinginnovation.at\/?page_id=6688"},"modified":"2022-06-11T00:29:24","modified_gmt":"2022-06-10T22:29:24","slug":"lac-berger-gmbh","status":"publish","type":"page","link":"https:\/\/enablinginnovation.at\/en\/projekte\/lac-berger-gmbh\/","title":{"rendered":"LAC Berger GmbH"},"content":{"rendered":"<div data-elementor-type=\"wp-page\" data-elementor-id=\"6688\" class=\"elementor elementor-6688\">\n\t\t\t\t\t\t\t\t\t<section class=\"elementor-section elementor-top-section elementor-element elementor-element-82aff3c elementor-section-boxed elementor-section-height-default elementor-section-height-default\" data-id=\"82aff3c\" data-element_type=\"section\" data-settings=\"{&quot;jet_parallax_layout_list&quot;:[{&quot;jet_parallax_layout_image&quot;:{&quot;url&quot;:&quot;&quot;,&quot;id&quot;:&quot;&quot;,&quot;size&quot;:&quot;&quot;},&quot;_id&quot;:&quot;1ff0dad&quot;,&quot;jet_parallax_layout_image_tablet&quot;:{&quot;url&quot;:&quot;&quot;,&quot;id&quot;:&quot;&quot;,&quot;size&quot;:&quot;&quot;},&quot;jet_parallax_layout_image_mobile&quot;:{&quot;url&quot;:&quot;&quot;,&quot;id&quot;:&quot;&quot;,&quot;size&quot;:&quot;&quot;},&quot;jet_parallax_layout_speed&quot;:{&quot;unit&quot;:&quot;%&quot;,&quot;size&quot;:50,&quot;sizes&quot;:[]},&quot;jet_parallax_layout_type&quot;:&quot;scroll&quot;,&quot;jet_parallax_layout_direction&quot;:null,&quot;jet_parallax_layout_fx_direction&quot;:null,&quot;jet_parallax_layout_z_index&quot;:&quot;&quot;,&quot;jet_parallax_layout_bg_x&quot;:50,&quot;jet_parallax_layout_bg_x_tablet&quot;:&quot;&quot;,&quot;jet_parallax_layout_bg_x_mobile&quot;:&quot;&quot;,&quot;jet_parallax_layout_bg_y&quot;:50,&quot;jet_parallax_layout_bg_y_tablet&quot;:&quot;&quot;,&quot;jet_parallax_layout_bg_y_mobile&quot;:&quot;&quot;,&quot;jet_parallax_layout_bg_size&quot;:&quot;auto&quot;,&quot;jet_parallax_layout_bg_size_tablet&quot;:&quot;&quot;,&quot;jet_parallax_layout_bg_size_mobile&quot;:&quot;&quot;,&quot;jet_parallax_layout_animation_prop&quot;:&quot;transform&quot;,&quot;jet_parallax_layout_on&quot;:[&quot;desktop&quot;,&quot;tablet&quot;]}]}\">\n\t\t\t\t\t\t<div class=\"elementor-container elementor-column-gap-default\">\n\t\t\t\t\t<div class=\"elementor-column elementor-col-100 elementor-top-column elementor-element elementor-element-75ae86c\" data-id=\"75ae86c\" data-element_type=\"column\">\n\t\t\t<div class=\"elementor-widget-wrap elementor-element-populated\">\n\t\t\t\t\t\t\t\t<div class=\"elementor-element elementor-element-f931472 elementor-arrows-position-inside elementor-widget elementor-widget-image-carousel\" data-id=\"f931472\" data-element_type=\"widget\" data-settings=\"{&quot;slides_to_show&quot;:&quot;3&quot;,&quot;autoplay&quot;:&quot;no&quot;,&quot;navigation&quot;:&quot;arrows&quot;,&quot;infinite&quot;:&quot;yes&quot;,&quot;speed&quot;:500}\" data-widget_type=\"image-carousel.default\">\n\t\t\t\t<div class=\"elementor-widget-container\">\n\t\t\t\t\t<div class=\"elementor-image-carousel-wrapper swiper-container\" dir=\"ltr\">\n\t\t\t<div class=\"elementor-image-carousel swiper-wrapper\" aria-live=\"polite\">\n\t\t\t\t\t\t\t\t<div class=\"swiper-slide\" role=\"group\" aria-roledescription=\"slide\" aria-label=\"1 of 8\"><a data-elementor-open-lightbox=\"yes\" data-elementor-lightbox-slideshow=\"f931472\" data-elementor-lightbox-title=\"LAC Berger JK7 1832 1500x1000 Q80\" data-e-action-hash=\"#elementor-action%3Aaction%3Dlightbox%26settings%3DeyJpZCI6NjY5OSwidXJsIjoiaHR0cHM6XC9cL2VuYWJsaW5naW5ub3ZhdGlvbi5hdFwvd3AtY29udGVudFwvdXBsb2Fkc1wvMjAyMlwvMDZcL0xBQy1CZXJnZXItSks3LTE4MzItMTUwMHgxMDAwLVE4MC5qcGciLCJzbGlkZXNob3ciOiJmOTMxNDcyIn0%3D\" href=\"https:\/\/enablinginnovation.at\/wp-content\/uploads\/2022\/06\/LAC-Berger-JK7-1832-1500x1000-Q80.jpg\"><figure class=\"swiper-slide-inner\"><img decoding=\"async\" class=\"swiper-slide-image\" src=\"https:\/\/enablinginnovation.at\/wp-content\/uploads\/2022\/06\/LAC-Berger-JK7-1832-1500x1000-Q80-400x400.jpg\" alt=\"LAC Berger JK7 1832 1500x1000 Q80\" \/><\/figure><\/a><\/div><div class=\"swiper-slide\" role=\"group\" aria-roledescription=\"slide\" aria-label=\"2 of 8\"><a data-elementor-open-lightbox=\"yes\" data-elementor-lightbox-slideshow=\"f931472\" data-elementor-lightbox-title=\"LAC Berger JK7 1892 1500x1000 Q80\" data-e-action-hash=\"#elementor-action%3Aaction%3Dlightbox%26settings%3DeyJpZCI6NjcwMCwidXJsIjoiaHR0cHM6XC9cL2VuYWJsaW5naW5ub3ZhdGlvbi5hdFwvd3AtY29udGVudFwvdXBsb2Fkc1wvMjAyMlwvMDZcL0xBQy1CZXJnZXItSks3LTE4OTItMTUwMHgxMDAwLVE4MC5qcGciLCJzbGlkZXNob3ciOiJmOTMxNDcyIn0%3D\" href=\"https:\/\/enablinginnovation.at\/wp-content\/uploads\/2022\/06\/LAC-Berger-JK7-1892-1500x1000-Q80.jpg\"><figure class=\"swiper-slide-inner\"><img decoding=\"async\" class=\"swiper-slide-image\" src=\"https:\/\/enablinginnovation.at\/wp-content\/uploads\/2022\/06\/LAC-Berger-JK7-1892-1500x1000-Q80-400x400.jpg\" alt=\"LAC Berger JK7 1892 1500x1000 Q80\" \/><\/figure><\/a><\/div><div class=\"swiper-slide\" role=\"group\" aria-roledescription=\"slide\" aria-label=\"3 of 8\"><a data-elementor-open-lightbox=\"yes\" data-elementor-lightbox-slideshow=\"f931472\" data-elementor-lightbox-title=\"LAC Berger JK7 1950 1500x1000 Q80\" data-e-action-hash=\"#elementor-action%3Aaction%3Dlightbox%26settings%3DeyJpZCI6NjcwMSwidXJsIjoiaHR0cHM6XC9cL2VuYWJsaW5naW5ub3ZhdGlvbi5hdFwvd3AtY29udGVudFwvdXBsb2Fkc1wvMjAyMlwvMDZcL0xBQy1CZXJnZXItSks3LTE5NTAtMTUwMHgxMDAwLVE4MC5qcGciLCJzbGlkZXNob3ciOiJmOTMxNDcyIn0%3D\" href=\"https:\/\/enablinginnovation.at\/wp-content\/uploads\/2022\/06\/LAC-Berger-JK7-1950-1500x1000-Q80.jpg\"><figure class=\"swiper-slide-inner\"><img decoding=\"async\" class=\"swiper-slide-image\" src=\"https:\/\/enablinginnovation.at\/wp-content\/uploads\/2022\/06\/LAC-Berger-JK7-1950-1500x1000-Q80-400x400.jpg\" alt=\"LAC Berger JK7 1950 1500x1000 Q80\" \/><\/figure><\/a><\/div><div class=\"swiper-slide\" role=\"group\" aria-roledescription=\"slide\" aria-label=\"4 of 8\"><a data-elementor-open-lightbox=\"yes\" data-elementor-lightbox-slideshow=\"f931472\" data-elementor-lightbox-title=\"LAC Berger JK7 1983 1000x1500 Q80\" data-e-action-hash=\"#elementor-action%3Aaction%3Dlightbox%26settings%3DeyJpZCI6NjcwMiwidXJsIjoiaHR0cHM6XC9cL2VuYWJsaW5naW5ub3ZhdGlvbi5hdFwvd3AtY29udGVudFwvdXBsb2Fkc1wvMjAyMlwvMDZcL0xBQy1CZXJnZXItSks3LTE5ODMtMTAwMHgxNTAwLVE4MC5qcGciLCJzbGlkZXNob3ciOiJmOTMxNDcyIn0%3D\" href=\"https:\/\/enablinginnovation.at\/wp-content\/uploads\/2022\/06\/LAC-Berger-JK7-1983-1000x1500-Q80.jpg\"><figure class=\"swiper-slide-inner\"><img decoding=\"async\" class=\"swiper-slide-image\" src=\"https:\/\/enablinginnovation.at\/wp-content\/uploads\/2022\/06\/LAC-Berger-JK7-1983-1000x1500-Q80-400x400.jpg\" alt=\"LAC Berger JK7 1983 1000x1500 Q80\" \/><\/figure><\/a><\/div><div class=\"swiper-slide\" role=\"group\" aria-roledescription=\"slide\" aria-label=\"5 of 8\"><a data-elementor-open-lightbox=\"yes\" data-elementor-lightbox-slideshow=\"f931472\" data-elementor-lightbox-title=\"LAC Berger JK7 2017 1500x1000 Q80\" data-e-action-hash=\"#elementor-action%3Aaction%3Dlightbox%26settings%3DeyJpZCI6NjcwMywidXJsIjoiaHR0cHM6XC9cL2VuYWJsaW5naW5ub3ZhdGlvbi5hdFwvd3AtY29udGVudFwvdXBsb2Fkc1wvMjAyMlwvMDZcL0xBQy1CZXJnZXItSks3LTIwMTctMTUwMHgxMDAwLVE4MC5qcGciLCJzbGlkZXNob3ciOiJmOTMxNDcyIn0%3D\" href=\"https:\/\/enablinginnovation.at\/wp-content\/uploads\/2022\/06\/LAC-Berger-JK7-2017-1500x1000-Q80.jpg\"><figure class=\"swiper-slide-inner\"><img decoding=\"async\" class=\"swiper-slide-image\" src=\"https:\/\/enablinginnovation.at\/wp-content\/uploads\/2022\/06\/LAC-Berger-JK7-2017-1500x1000-Q80-400x400.jpg\" alt=\"LAC Berger JK7 2017 1500x1000 Q80\" \/><\/figure><\/a><\/div><div class=\"swiper-slide\" role=\"group\" aria-roledescription=\"slide\" aria-label=\"6 of 8\"><a data-elementor-open-lightbox=\"yes\" data-elementor-lightbox-slideshow=\"f931472\" data-elementor-lightbox-title=\"LAC Berger JK7 2076 Edit 1500x563 Q80\" data-e-action-hash=\"#elementor-action%3Aaction%3Dlightbox%26settings%3DeyJpZCI6NjcwNCwidXJsIjoiaHR0cHM6XC9cL2VuYWJsaW5naW5ub3ZhdGlvbi5hdFwvd3AtY29udGVudFwvdXBsb2Fkc1wvMjAyMlwvMDZcL0xBQy1CZXJnZXItSks3LTIwNzYtRWRpdC0xNTAweDU2My1RODAuanBnIiwic2xpZGVzaG93IjoiZjkzMTQ3MiJ9\" href=\"https:\/\/enablinginnovation.at\/wp-content\/uploads\/2022\/06\/LAC-Berger-JK7-2076-Edit-1500x563-Q80.jpg\"><figure class=\"swiper-slide-inner\"><img decoding=\"async\" class=\"swiper-slide-image\" src=\"https:\/\/enablinginnovation.at\/wp-content\/uploads\/2022\/06\/LAC-Berger-JK7-2076-Edit-1500x563-Q80-400x400.jpg\" alt=\"LAC Berger JK7 2076 Edit 1500x563 Q80\" \/><\/figure><\/a><\/div><div class=\"swiper-slide\" role=\"group\" aria-roledescription=\"slide\" aria-label=\"7 of 8\"><a data-elementor-open-lightbox=\"yes\" data-elementor-lightbox-slideshow=\"f931472\" data-elementor-lightbox-title=\"LAC Berger JK7 2082 Edit 1500x1000 Q80\" data-e-action-hash=\"#elementor-action%3Aaction%3Dlightbox%26settings%3DeyJpZCI6NjcwNSwidXJsIjoiaHR0cHM6XC9cL2VuYWJsaW5naW5ub3ZhdGlvbi5hdFwvd3AtY29udGVudFwvdXBsb2Fkc1wvMjAyMlwvMDZcL0xBQy1CZXJnZXItSks3LTIwODItRWRpdC0xNTAweDEwMDAtUTgwLmpwZyIsInNsaWRlc2hvdyI6ImY5MzE0NzIifQ%3D%3D\" href=\"https:\/\/enablinginnovation.at\/wp-content\/uploads\/2022\/06\/LAC-Berger-JK7-2082-Edit-1500x1000-Q80.jpg\"><figure class=\"swiper-slide-inner\"><img decoding=\"async\" class=\"swiper-slide-image\" src=\"https:\/\/enablinginnovation.at\/wp-content\/uploads\/2022\/06\/LAC-Berger-JK7-2082-Edit-1500x1000-Q80-400x400.jpg\" alt=\"LAC Berger JK7 2082 Edit 1500x1000 Q80\" \/><\/figure><\/a><\/div><div class=\"swiper-slide\" role=\"group\" aria-roledescription=\"slide\" aria-label=\"8 of 8\"><a data-elementor-open-lightbox=\"yes\" data-elementor-lightbox-slideshow=\"f931472\" data-elementor-lightbox-title=\"LAC Berger JK7 2366 1500x1000 Q80\" data-e-action-hash=\"#elementor-action%3Aaction%3Dlightbox%26settings%3DeyJpZCI6NjcwNiwidXJsIjoiaHR0cHM6XC9cL2VuYWJsaW5naW5ub3ZhdGlvbi5hdFwvd3AtY29udGVudFwvdXBsb2Fkc1wvMjAyMlwvMDZcL0xBQy1CZXJnZXItSks3LTIzNjYtMTUwMHgxMDAwLVE4MC5qcGciLCJzbGlkZXNob3ciOiJmOTMxNDcyIn0%3D\" href=\"https:\/\/enablinginnovation.at\/wp-content\/uploads\/2022\/06\/LAC-Berger-JK7-2366-1500x1000-Q80.jpg\"><figure class=\"swiper-slide-inner\"><img decoding=\"async\" class=\"swiper-slide-image\" src=\"https:\/\/enablinginnovation.at\/wp-content\/uploads\/2022\/06\/LAC-Berger-JK7-2366-1500x1000-Q80-400x400.jpg\" alt=\"LAC Berger JK7 2366 1500x1000 Q80\" \/><\/figure><\/a><\/div>\t\t\t<\/div>\n\t\t\t\t\t\t\t\t\t\t\t\t<div class=\"elementor-swiper-button elementor-swiper-button-prev\" role=\"button\" tabindex=\"0\">\n\t\t\t\t\t\t<i aria-hidden=\"true\" class=\"eicon-chevron-left\"><\/i>\t\t\t\t\t<\/div>\n\t\t\t\t\t<div class=\"elementor-swiper-button elementor-swiper-button-next\" role=\"button\" tabindex=\"0\">\n\t\t\t\t\t\t<i aria-hidden=\"true\" class=\"eicon-chevron-right\"><\/i>\t\t\t\t\t<\/div>\n\t\t\t\t\n\t\t\t\t\t\t\t\t\t<\/div>\n\t\t\t\t<\/div>\n\t\t\t\t<\/div>\n\t\t\t\t\t<\/div>\n\t\t<\/div>\n\t\t\t\t\t\t\t<\/div>\n\t\t<\/section>\n\t\t\t\t<section class=\"elementor-section elementor-top-section elementor-element elementor-element-9104333 elementor-section-boxed elementor-section-height-default elementor-section-height-default\" data-id=\"9104333\" data-element_type=\"section\" data-settings=\"{&quot;jet_parallax_layout_list&quot;:[{&quot;jet_parallax_layout_image&quot;:{&quot;url&quot;:&quot;&quot;,&quot;id&quot;:&quot;&quot;,&quot;size&quot;:&quot;&quot;},&quot;_id&quot;:&quot;49977e1&quot;,&quot;jet_parallax_layout_image_tablet&quot;:{&quot;url&quot;:&quot;&quot;,&quot;id&quot;:&quot;&quot;,&quot;size&quot;:&quot;&quot;},&quot;jet_parallax_layout_image_mobile&quot;:{&quot;url&quot;:&quot;&quot;,&quot;id&quot;:&quot;&quot;,&quot;size&quot;:&quot;&quot;},&quot;jet_parallax_layout_speed&quot;:{&quot;unit&quot;:&quot;%&quot;,&quot;size&quot;:50,&quot;sizes&quot;:[]},&quot;jet_parallax_layout_type&quot;:&quot;scroll&quot;,&quot;jet_parallax_layout_direction&quot;:null,&quot;jet_parallax_layout_fx_direction&quot;:null,&quot;jet_parallax_layout_z_index&quot;:&quot;&quot;,&quot;jet_parallax_layout_bg_x&quot;:50,&quot;jet_parallax_layout_bg_x_tablet&quot;:&quot;&quot;,&quot;jet_parallax_layout_bg_x_mobile&quot;:&quot;&quot;,&quot;jet_parallax_layout_bg_y&quot;:50,&quot;jet_parallax_layout_bg_y_tablet&quot;:&quot;&quot;,&quot;jet_parallax_layout_bg_y_mobile&quot;:&quot;&quot;,&quot;jet_parallax_layout_bg_size&quot;:&quot;auto&quot;,&quot;jet_parallax_layout_bg_size_tablet&quot;:&quot;&quot;,&quot;jet_parallax_layout_bg_size_mobile&quot;:&quot;&quot;,&quot;jet_parallax_layout_animation_prop&quot;:&quot;transform&quot;,&quot;jet_parallax_layout_on&quot;:[&quot;desktop&quot;,&quot;tablet&quot;]}]}\">\n\t\t\t\t\t\t<div class=\"elementor-container elementor-column-gap-default\">\n\t\t\t\t\t<div class=\"elementor-column elementor-col-66 elementor-top-column elementor-element elementor-element-476aa8a\" data-id=\"476aa8a\" data-element_type=\"column\">\n\t\t\t<div class=\"elementor-widget-wrap elementor-element-populated\">\n\t\t\t\t\t\t\t\t<div class=\"elementor-element elementor-element-60e2db6 elementor-widget elementor-widget-heading\" data-id=\"60e2db6\" data-element_type=\"widget\" data-widget_type=\"heading.default\">\n\t\t\t\t<div class=\"elementor-widget-container\">\n\t\t\t<h2 class=\"elementor-heading-title elementor-size-default\">Industrielackierung mit Innovationspotenzial!<\/h2>\t\t<\/div>\n\t\t\t\t<\/div>\n\t\t\t\t<div class=\"elementor-element elementor-element-707c0e7 elementor-widget elementor-widget-text-editor\" data-id=\"707c0e7\" data-element_type=\"widget\" data-widget_type=\"text-editor.default\">\n\t\t\t\t<div class=\"elementor-widget-container\">\n\t\t\t\t\t\t\t<p><i>We keep your color in mind! Das ist das Motto der LAC Berger GmbH mit Sitz in Gro\u00dfreifling. Als Profi f\u00fcr Industrielackierung steht LAC Berger seit mehr als 40 Jahren nicht nur f\u00fcr makellose Qualit\u00e4t auf den verschiedensten Oberfl\u00e4chen, sondern auch f\u00fcr st\u00e4ndige Weiterentwicklung. Dank dem hauseigenen Forschungs- &amp; Entwicklungszentrum setzt das Unternehmen neue Ma\u00dfst\u00e4be im Bereich Fortschritt und Innovation und bleibt somit stets am Puls der Zeit.<\/i><\/p><p>Die Initiative &#8222;Enabling Innovation&#8220; der ACstyria bot eine weitere M\u00f6glichkeit diesen Innovationsgeist zu st\u00e4rken. Mit einem entsprechenden Projektteam wurde 2018 an der Optimierung der Produktionsplanung und Produktionslogistik sowie dem Aufbau eines methodischen Technologiemanagements gearbeitet. Aus diesem Projekt resultierte auch die technologische Modernisierung mit zwei Lackierrobotern.<\/p><p>Das erkl\u00e4rte Ziel dieses Projekts war es unter anderem, die Produktivit\u00e4t und die Effizienz zu steigern und zu verbessern. Hierzu wurden in gemeinsamen Workshops verschiedene Ma\u00dfnahmen zum Aufbau der Arbeitsplanung und zur Einf\u00fchrung von industriellen Strukturen definiert. Um die Lackierqualit\u00e4t sowie die Wettbewerbsf\u00e4higkeit zu verbessern, wurde zudem der Einsatz von Industrierobotern evaluiert und der Grundstein f\u00fcr die heutige, erfolgreiche Arbeit mit diesen gelegt.<\/p><p>Gemeinsam mit dem Projektteam konnten wir unsere Innovationspotentiale identifizieren und diese durch klar definierte Ziele und Ma\u00dfnahmen auch aussch\u00f6pfen. Dabei vertrauen wir stets auf unsere St\u00e4rken: technisches Know-How, Termintreue sowie innovative Oberfl\u00e4chenveredelung.<\/p><p>Professionelle Lackierung kann vieles &#8211; nicht nur zur optischen Aufwertung, sondern auch Korrosions- und Oberfl\u00e4chenschutz sowie haptische Ver\u00e4nderung. Mit Wurzeln in der klassischen Autolackiererei hat sich LAC Berger mittlerweile sowohl in \u00d6sterreich als auch international einen Namen als verl\u00e4sslicher Partner der Industrie gemacht. Kunden aus der ganzen Welt sch\u00e4tzen die Full-Service-Strategie, die stets einen hohen Qualit\u00e4tsanspruch mit sich bringt. Von der Planung \u00fcber die Vorbehandlung und Verarbeitung bis hin zur Endfertigung sorgen unsere top ausgebildeten Mitarbeiter und modernsten Maschinen f\u00fcr perfekte Ergebnisse.\u00a0<\/p><p>Mit geballter Innovationskraft und maximaler Flexibilit\u00e4t schaut man der Zukunft und neuen Herausforderungen entgegen. Die professionelle Industrielackierung von LAC Berger kennt keine (Branchen)-grenzen und z\u00e4hlt zu seinen Einsatzgebieten neben Automotive, Rail, Luft- und Raumfahrt auch weitere Sektoren wie Land- und Bauwirtschaft. LAC Berger steht f\u00fcr Weiterentwicklung und Innovation, wof\u00fcr ein Team aus Experten und Fachkr\u00e4ften tagt\u00e4glich \u00fcber den Tellerrand blickt und den Status quo der Industrielackierung hinterfragt. Unterst\u00fctzt wird dies durch kontinuierliches, digitales Qualit\u00e4ts- und Umweltmanagement nach den Standards ISO 9001 und ISO 14001 sowie der Online Komplettl\u00f6sung JOYSTICK by VITAVO f\u00fcr innovative und ma\u00dfgeschneiderte Prozessoptimierung.<\/p>\t\t\t\t\t\t<\/div>\n\t\t\t\t<\/div>\n\t\t\t\t\t<\/div>\n\t\t<\/div>\n\t\t\t\t<div class=\"jet-sticky-column elementor-column elementor-col-33 elementor-top-column elementor-element elementor-element-ff3e9bd\" data-jet-settings=\"{&quot;id&quot;:&quot;ff3e9bd&quot;,&quot;sticky&quot;:true,&quot;topSpacing&quot;:50,&quot;bottomSpacing&quot;:50,&quot;stickyOn&quot;:[&quot;desktop&quot;,&quot;tablet&quot;]}\" data-id=\"ff3e9bd\" data-element_type=\"column\" data-settings=\"{&quot;background_background&quot;:&quot;classic&quot;}\">\n\t\t\t<div class=\"elementor-widget-wrap elementor-element-populated\">\n\t\t\t\t\t\t\t\t<div class=\"elementor-element elementor-element-df1a4c8 elementor-widget elementor-widget-image\" data-id=\"df1a4c8\" data-element_type=\"widget\" data-widget_type=\"image.default\">\n\t\t\t\t<div class=\"elementor-widget-container\">\n\t\t\t\t\t\t\t\t\t\t\t\t\t\t\t<img decoding=\"async\" loading=\"lazy\" width=\"300\" height=\"300\" src=\"https:\/\/enablinginnovation.at\/wp-content\/uploads\/2021\/04\/Logo-LAC-Berger-300x300-1.png\" class=\"attachment-large size-large wp-image-6126\" alt=\"\" srcset=\"https:\/\/enablinginnovation.at\/wp-content\/uploads\/2021\/04\/Logo-LAC-Berger-300x300-1.png 300w, https:\/\/enablinginnovation.at\/wp-content\/uploads\/2021\/04\/Logo-LAC-Berger-300x300-1-150x150.png 150w, https:\/\/enablinginnovation.at\/wp-content\/uploads\/2021\/04\/Logo-LAC-Berger-300x300-1-230x230.png 230w\" sizes=\"(max-width: 300px) 100vw, 300px\" \/>\t\t\t\t\t\t\t\t\t\t\t\t\t\t\t<\/div>\n\t\t\t\t<\/div>\n\t\t\t\t<div class=\"elementor-element elementor-element-57ad66a elementor-widget elementor-widget-heading\" data-id=\"57ad66a\" data-element_type=\"widget\" data-widget_type=\"heading.default\">\n\t\t\t\t<div class=\"elementor-widget-container\">\n\t\t\t<h5 class=\"elementor-heading-title elementor-size-default\">LAC Berger GmbH<\/h5>\t\t<\/div>\n\t\t\t\t<\/div>\n\t\t\t\t<div class=\"elementor-element elementor-element-1be89d8 elementor-icon-list--layout-traditional elementor-list-item-link-full_width elementor-widget elementor-widget-icon-list\" data-id=\"1be89d8\" data-element_type=\"widget\" data-widget_type=\"icon-list.default\">\n\t\t\t\t<div class=\"elementor-widget-container\">\n\t\t\t\t\t<ul class=\"elementor-icon-list-items\">\n\t\t\t\t\t\t\t<li class=\"elementor-icon-list-item\">\n\t\t\t\t\t\t\t\t\t\t\t<span class=\"elementor-icon-list-icon\">\n\t\t\t\t\t\t\t<i aria-hidden=\"true\" class=\"fas fa-location-arrow\"><\/i>\t\t\t\t\t\t<\/span>\n\t\t\t\t\t\t\t\t\t\t<span class=\"elementor-icon-list-text\">Gro\u00dfreifling 85, A-8931 Gro\u00dfreifling<\/span>\n\t\t\t\t\t\t\t\t\t<\/li>\n\t\t\t\t\t\t\t\t<li class=\"elementor-icon-list-item\">\n\t\t\t\t\t\t\t\t\t\t\t<a href=\"tel: 433633313027\">\n\n\t\t\t\t\t\t\t\t\t\t\t\t<span class=\"elementor-icon-list-icon\">\n\t\t\t\t\t\t\t<i aria-hidden=\"true\" class=\"fas fa-phone-alt\"><\/i>\t\t\t\t\t\t<\/span>\n\t\t\t\t\t\t\t\t\t\t<span class=\"elementor-icon-list-text\">+43 3633 3130 27<\/span>\n\t\t\t\t\t\t\t\t\t\t\t<\/a>\n\t\t\t\t\t\t\t\t\t<\/li>\n\t\t\t\t\t\t\t\t<li class=\"elementor-icon-list-item\">\n\t\t\t\t\t\t\t\t\t\t\t<a href=\"mailto:lac@lacberger.com\">\n\n\t\t\t\t\t\t\t\t\t\t\t\t<span class=\"elementor-icon-list-icon\">\n\t\t\t\t\t\t\t<i aria-hidden=\"true\" class=\"fas fa-at\"><\/i>\t\t\t\t\t\t<\/span>\n\t\t\t\t\t\t\t\t\t\t<span class=\"elementor-icon-list-text\">lac@lacberger.com<\/span>\n\t\t\t\t\t\t\t\t\t\t\t<\/a>\n\t\t\t\t\t\t\t\t\t<\/li>\n\t\t\t\t\t\t\t\t<li class=\"elementor-icon-list-item\">\n\t\t\t\t\t\t\t\t\t\t\t<a href=\"https:\/\/lacberger.at\" target=\"_blank\" rel=\"nofollow\">\n\n\t\t\t\t\t\t\t\t\t\t\t\t<span class=\"elementor-icon-list-icon\">\n\t\t\t\t\t\t\t<i aria-hidden=\"true\" class=\"fas fa-link\"><\/i>\t\t\t\t\t\t<\/span>\n\t\t\t\t\t\t\t\t\t\t<span class=\"elementor-icon-list-text\">https:\/\/lacberger.at<\/span>\n\t\t\t\t\t\t\t\t\t\t\t<\/a>\n\t\t\t\t\t\t\t\t\t<\/li>\n\t\t\t\t\t\t<\/ul>\n\t\t\t\t<\/div>\n\t\t\t\t<\/div>\n\t\t\t\t<div class=\"elementor-element elementor-element-a6b9904 elementor-widget elementor-widget-spacer\" data-id=\"a6b9904\" data-element_type=\"widget\" data-widget_type=\"spacer.default\">\n\t\t\t\t<div class=\"elementor-widget-container\">\n\t\t\t\t\t<div class=\"elementor-spacer\">\n\t\t\t<div class=\"elementor-spacer-inner\"><\/div>\n\t\t<\/div>\n\t\t\t\t<\/div>\n\t\t\t\t<\/div>\n\t\t\t\t\t<\/div>\n\t\t<\/div>\n\t\t\t\t\t\t\t<\/div>\n\t\t<\/section>\n\t\t\t\t\t\t\t<\/div>","protected":false},"excerpt":{"rendered":"<p>Zur\u00fcck Weiter Industrielackierung mit Innovationspotenzial! We keep your color in mind! Das ist das Motto der LAC Berger GmbH mit Sitz in Gro\u00dfreifling. Als Profi f\u00fcr Industrielackierung steht LAC Berger seit mehr als 40 Jahren nicht nur f\u00fcr makellose Qualit\u00e4t auf den verschiedensten Oberfl\u00e4chen, sondern auch f\u00fcr st\u00e4ndige Weiterentwicklung. Dank dem hauseigenen Forschungs- &amp; Entwicklungszentrum [&hellip;]<\/p>","protected":false},"author":1,"featured_media":0,"parent":5836,"menu_order":17,"comment_status":"closed","ping_status":"closed","template":"elementor_header_footer","meta":{"footnotes":""},"_links":{"self":[{"href":"https:\/\/enablinginnovation.at\/en\/wp-json\/wp\/v2\/pages\/6688"}],"collection":[{"href":"https:\/\/enablinginnovation.at\/en\/wp-json\/wp\/v2\/pages"}],"about":[{"href":"https:\/\/enablinginnovation.at\/en\/wp-json\/wp\/v2\/types\/page"}],"author":[{"embeddable":true,"href":"https:\/\/enablinginnovation.at\/en\/wp-json\/wp\/v2\/users\/1"}],"replies":[{"embeddable":true,"href":"https:\/\/enablinginnovation.at\/en\/wp-json\/wp\/v2\/comments?post=6688"}],"version-history":[{"count":7,"href":"https:\/\/enablinginnovation.at\/en\/wp-json\/wp\/v2\/pages\/6688\/revisions"}],"predecessor-version":[{"id":6709,"href":"https:\/\/enablinginnovation.at\/en\/wp-json\/wp\/v2\/pages\/6688\/revisions\/6709"}],"up":[{"embeddable":true,"href":"https:\/\/enablinginnovation.at\/en\/wp-json\/wp\/v2\/pages\/5836"}],"wp:attachment":[{"href":"https:\/\/enablinginnovation.at\/en\/wp-json\/wp\/v2\/media?parent=6688"}],"curies":[{"name":"wp","href":"https:\/\/api.w.org\/{rel}","templated":true}]}}