{"id":6710,"date":"2022-06-11T10:29:16","date_gmt":"2022-06-11T08:29:16","guid":{"rendered":"https:\/\/enablinginnovation.at\/?page_id=6710"},"modified":"2022-06-11T12:10:43","modified_gmt":"2022-06-11T10:10:43","slug":"innofreight-solutions-gmbh","status":"publish","type":"page","link":"https:\/\/enablinginnovation.at\/en\/projekte\/innofreight-solutions-gmbh\/","title":{"rendered":"Innofreight Solutions GmbH"},"content":{"rendered":"<div data-elementor-type=\"wp-page\" data-elementor-id=\"6710\" class=\"elementor elementor-6710\">\n\t\t\t\t\t\t\t\t\t<section class=\"elementor-section elementor-top-section elementor-element elementor-element-82aff3c elementor-section-boxed elementor-section-height-default elementor-section-height-default\" data-id=\"82aff3c\" data-element_type=\"section\" data-settings=\"{&quot;jet_parallax_layout_list&quot;:[{&quot;jet_parallax_layout_image&quot;:{&quot;url&quot;:&quot;&quot;,&quot;id&quot;:&quot;&quot;,&quot;size&quot;:&quot;&quot;},&quot;_id&quot;:&quot;1ff0dad&quot;,&quot;jet_parallax_layout_image_tablet&quot;:{&quot;url&quot;:&quot;&quot;,&quot;id&quot;:&quot;&quot;,&quot;size&quot;:&quot;&quot;},&quot;jet_parallax_layout_image_mobile&quot;:{&quot;url&quot;:&quot;&quot;,&quot;id&quot;:&quot;&quot;,&quot;size&quot;:&quot;&quot;},&quot;jet_parallax_layout_speed&quot;:{&quot;unit&quot;:&quot;%&quot;,&quot;size&quot;:50,&quot;sizes&quot;:[]},&quot;jet_parallax_layout_type&quot;:&quot;scroll&quot;,&quot;jet_parallax_layout_direction&quot;:null,&quot;jet_parallax_layout_fx_direction&quot;:null,&quot;jet_parallax_layout_z_index&quot;:&quot;&quot;,&quot;jet_parallax_layout_bg_x&quot;:50,&quot;jet_parallax_layout_bg_x_tablet&quot;:&quot;&quot;,&quot;jet_parallax_layout_bg_x_mobile&quot;:&quot;&quot;,&quot;jet_parallax_layout_bg_y&quot;:50,&quot;jet_parallax_layout_bg_y_tablet&quot;:&quot;&quot;,&quot;jet_parallax_layout_bg_y_mobile&quot;:&quot;&quot;,&quot;jet_parallax_layout_bg_size&quot;:&quot;auto&quot;,&quot;jet_parallax_layout_bg_size_tablet&quot;:&quot;&quot;,&quot;jet_parallax_layout_bg_size_mobile&quot;:&quot;&quot;,&quot;jet_parallax_layout_animation_prop&quot;:&quot;transform&quot;,&quot;jet_parallax_layout_on&quot;:[&quot;desktop&quot;,&quot;tablet&quot;]}]}\">\n\t\t\t\t\t\t<div class=\"elementor-container elementor-column-gap-default\">\n\t\t\t\t\t<div class=\"elementor-column elementor-col-100 elementor-top-column elementor-element elementor-element-75ae86c\" data-id=\"75ae86c\" data-element_type=\"column\">\n\t\t\t<div class=\"elementor-widget-wrap elementor-element-populated\">\n\t\t\t\t\t\t\t\t<div class=\"elementor-element elementor-element-f931472 elementor-arrows-position-inside elementor-widget elementor-widget-image-carousel\" data-id=\"f931472\" data-element_type=\"widget\" data-settings=\"{&quot;slides_to_show&quot;:&quot;3&quot;,&quot;autoplay&quot;:&quot;no&quot;,&quot;navigation&quot;:&quot;arrows&quot;,&quot;infinite&quot;:&quot;yes&quot;,&quot;speed&quot;:500}\" data-widget_type=\"image-carousel.default\">\n\t\t\t\t<div class=\"elementor-widget-container\">\n\t\t\t\t\t<div class=\"elementor-image-carousel-wrapper swiper-container\" dir=\"ltr\">\n\t\t\t<div class=\"elementor-image-carousel swiper-wrapper\" aria-live=\"polite\">\n\t\t\t\t\t\t\t\t<div class=\"swiper-slide\" role=\"group\" aria-roledescription=\"slide\" aria-label=\"1 of 4\"><a data-elementor-open-lightbox=\"yes\" data-elementor-lightbox-slideshow=\"f931472\" data-elementor-lightbox-title=\"Innofreight Solutions 20 Jahre Zug 1500x1000 Q50\" data-e-action-hash=\"#elementor-action%3Aaction%3Dlightbox%26settings%3DeyJpZCI6Njc0OSwidXJsIjoiaHR0cHM6XC9cL2VuYWJsaW5naW5ub3ZhdGlvbi5hdFwvd3AtY29udGVudFwvdXBsb2Fkc1wvMjAyMlwvMDZcL0lubm9mcmVpZ2h0LVNvbHV0aW9ucy0yMC1KYWhyZS1adWctMTUwMHgxMDAwLVE1MC5qcGciLCJzbGlkZXNob3ciOiJmOTMxNDcyIn0%3D\" href=\"https:\/\/enablinginnovation.at\/wp-content\/uploads\/2022\/06\/Innofreight-Solutions-20-Jahre-Zug-1500x1000-Q50.jpg\"><figure class=\"swiper-slide-inner\"><img decoding=\"async\" class=\"swiper-slide-image\" src=\"https:\/\/enablinginnovation.at\/wp-content\/uploads\/2022\/06\/Innofreight-Solutions-20-Jahre-Zug-1500x1000-Q50-400x400.jpg\" alt=\"Innofreight Solutions 20 Jahre Zug 1500x1000 Q50\" \/><\/figure><\/a><\/div><div class=\"swiper-slide\" role=\"group\" aria-roledescription=\"slide\" aria-label=\"2 of 4\"><a data-elementor-open-lightbox=\"yes\" data-elementor-lightbox-slideshow=\"f931472\" data-elementor-lightbox-title=\"Innofreight Solutions Forklift 1500x1000 Q80\" data-e-action-hash=\"#elementor-action%3Aaction%3Dlightbox%26settings%3DeyJpZCI6Njc1MCwidXJsIjoiaHR0cHM6XC9cL2VuYWJsaW5naW5ub3ZhdGlvbi5hdFwvd3AtY29udGVudFwvdXBsb2Fkc1wvMjAyMlwvMDZcL0lubm9mcmVpZ2h0LVNvbHV0aW9ucy1Gb3JrbGlmdC0xNTAweDEwMDAtUTgwLmpwZyIsInNsaWRlc2hvdyI6ImY5MzE0NzIifQ%3D%3D\" href=\"https:\/\/enablinginnovation.at\/wp-content\/uploads\/2022\/06\/Innofreight-Solutions-Forklift-1500x1000-Q80.jpg\"><figure class=\"swiper-slide-inner\"><img decoding=\"async\" class=\"swiper-slide-image\" src=\"https:\/\/enablinginnovation.at\/wp-content\/uploads\/2022\/06\/Innofreight-Solutions-Forklift-1500x1000-Q80-400x400.jpg\" alt=\"Innofreight Solutions Forklift 1500x1000 Q80\" \/><\/figure><\/a><\/div><div class=\"swiper-slide\" role=\"group\" aria-roledescription=\"slide\" aria-label=\"3 of 4\"><a data-elementor-open-lightbox=\"yes\" data-elementor-lightbox-slideshow=\"f931472\" data-elementor-lightbox-title=\"Innofreight Solutions GigaWood 1500x1000 Q80\" data-e-action-hash=\"#elementor-action%3Aaction%3Dlightbox%26settings%3DeyJpZCI6Njc1MSwidXJsIjoiaHR0cHM6XC9cL2VuYWJsaW5naW5ub3ZhdGlvbi5hdFwvd3AtY29udGVudFwvdXBsb2Fkc1wvMjAyMlwvMDZcL0lubm9mcmVpZ2h0LVNvbHV0aW9ucy1HaWdhV29vZC0xNTAweDEwMDAtUTgwLmpwZyIsInNsaWRlc2hvdyI6ImY5MzE0NzIifQ%3D%3D\" href=\"https:\/\/enablinginnovation.at\/wp-content\/uploads\/2022\/06\/Innofreight-Solutions-GigaWood-1500x1000-Q80.jpg\"><figure class=\"swiper-slide-inner\"><img decoding=\"async\" class=\"swiper-slide-image\" src=\"https:\/\/enablinginnovation.at\/wp-content\/uploads\/2022\/06\/Innofreight-Solutions-GigaWood-1500x1000-Q80-400x400.jpg\" alt=\"Innofreight Solutions GigaWood 1500x1000 Q80\" \/><\/figure><\/a><\/div><div class=\"swiper-slide\" role=\"group\" aria-roledescription=\"slide\" aria-label=\"4 of 4\"><a data-elementor-open-lightbox=\"yes\" data-elementor-lightbox-slideshow=\"f931472\" data-elementor-lightbox-title=\"Innofreight Solutions SUM Mondi CZ 1500x1000 Qx80\" data-e-action-hash=\"#elementor-action%3Aaction%3Dlightbox%26settings%3DeyJpZCI6Njc1MiwidXJsIjoiaHR0cHM6XC9cL2VuYWJsaW5naW5ub3ZhdGlvbi5hdFwvd3AtY29udGVudFwvdXBsb2Fkc1wvMjAyMlwvMDZcL0lubm9mcmVpZ2h0LVNvbHV0aW9ucy1TVU0tTW9uZGktQ1otMTUwMHgxMDAwLVF4ODAuanBnIiwic2xpZGVzaG93IjoiZjkzMTQ3MiJ9\" href=\"https:\/\/enablinginnovation.at\/wp-content\/uploads\/2022\/06\/Innofreight-Solutions-SUM-Mondi-CZ-1500x1000-Qx80.jpg\"><figure class=\"swiper-slide-inner\"><img decoding=\"async\" class=\"swiper-slide-image\" src=\"https:\/\/enablinginnovation.at\/wp-content\/uploads\/2022\/06\/Innofreight-Solutions-SUM-Mondi-CZ-1500x1000-Qx80-400x400.jpg\" alt=\"Innofreight Solutions SUM Mondi CZ 1500x1000 Qx80\" \/><\/figure><\/a><\/div>\t\t\t<\/div>\n\t\t\t\t\t\t\t\t\t\t\t\t<div class=\"elementor-swiper-button elementor-swiper-button-prev\" role=\"button\" tabindex=\"0\">\n\t\t\t\t\t\t<i aria-hidden=\"true\" class=\"eicon-chevron-left\"><\/i>\t\t\t\t\t<\/div>\n\t\t\t\t\t<div class=\"elementor-swiper-button elementor-swiper-button-next\" role=\"button\" tabindex=\"0\">\n\t\t\t\t\t\t<i aria-hidden=\"true\" class=\"eicon-chevron-right\"><\/i>\t\t\t\t\t<\/div>\n\t\t\t\t\n\t\t\t\t\t\t\t\t\t<\/div>\n\t\t\t\t<\/div>\n\t\t\t\t<\/div>\n\t\t\t\t\t<\/div>\n\t\t<\/div>\n\t\t\t\t\t\t\t<\/div>\n\t\t<\/section>\n\t\t\t\t<section class=\"elementor-section elementor-top-section elementor-element elementor-element-9104333 elementor-section-boxed elementor-section-height-default elementor-section-height-default\" data-id=\"9104333\" data-element_type=\"section\" data-settings=\"{&quot;jet_parallax_layout_list&quot;:[{&quot;jet_parallax_layout_image&quot;:{&quot;url&quot;:&quot;&quot;,&quot;id&quot;:&quot;&quot;,&quot;size&quot;:&quot;&quot;},&quot;_id&quot;:&quot;49977e1&quot;,&quot;jet_parallax_layout_image_tablet&quot;:{&quot;url&quot;:&quot;&quot;,&quot;id&quot;:&quot;&quot;,&quot;size&quot;:&quot;&quot;},&quot;jet_parallax_layout_image_mobile&quot;:{&quot;url&quot;:&quot;&quot;,&quot;id&quot;:&quot;&quot;,&quot;size&quot;:&quot;&quot;},&quot;jet_parallax_layout_speed&quot;:{&quot;unit&quot;:&quot;%&quot;,&quot;size&quot;:50,&quot;sizes&quot;:[]},&quot;jet_parallax_layout_type&quot;:&quot;scroll&quot;,&quot;jet_parallax_layout_direction&quot;:null,&quot;jet_parallax_layout_fx_direction&quot;:null,&quot;jet_parallax_layout_z_index&quot;:&quot;&quot;,&quot;jet_parallax_layout_bg_x&quot;:50,&quot;jet_parallax_layout_bg_x_tablet&quot;:&quot;&quot;,&quot;jet_parallax_layout_bg_x_mobile&quot;:&quot;&quot;,&quot;jet_parallax_layout_bg_y&quot;:50,&quot;jet_parallax_layout_bg_y_tablet&quot;:&quot;&quot;,&quot;jet_parallax_layout_bg_y_mobile&quot;:&quot;&quot;,&quot;jet_parallax_layout_bg_size&quot;:&quot;auto&quot;,&quot;jet_parallax_layout_bg_size_tablet&quot;:&quot;&quot;,&quot;jet_parallax_layout_bg_size_mobile&quot;:&quot;&quot;,&quot;jet_parallax_layout_animation_prop&quot;:&quot;transform&quot;,&quot;jet_parallax_layout_on&quot;:[&quot;desktop&quot;,&quot;tablet&quot;]}]}\">\n\t\t\t\t\t\t<div class=\"elementor-container elementor-column-gap-default\">\n\t\t\t\t\t<div class=\"elementor-column elementor-col-66 elementor-top-column elementor-element elementor-element-476aa8a\" data-id=\"476aa8a\" data-element_type=\"column\">\n\t\t\t<div class=\"elementor-widget-wrap elementor-element-populated\">\n\t\t\t\t\t\t\t\t<div class=\"elementor-element elementor-element-60e2db6 elementor-widget elementor-widget-heading\" data-id=\"60e2db6\" data-element_type=\"widget\" data-widget_type=\"heading.default\">\n\t\t\t\t<div class=\"elementor-widget-container\">\n\t\t\t<h2 class=\"elementor-heading-title elementor-size-default\">INNOFREIGHT \u2013 Eine Erfolgsgeschichte auf der Schiene<\/h2>\t\t<\/div>\n\t\t\t\t<\/div>\n\t\t\t\t<div class=\"elementor-element elementor-element-707c0e7 elementor-widget elementor-widget-text-editor\" data-id=\"707c0e7\" data-element_type=\"widget\" data-widget_type=\"text-editor.default\">\n\t\t\t\t<div class=\"elementor-widget-container\">\n\t\t\t\t\t\t\t<p>Die Zukunft eines erfolgreichen Wirtschaftsstandortes wird wesentlich durch die Innovationskraft seiner Unternehmen bestimmt. Am Anfang des Projekts stand die Idee, innovative Entwicklungen zu begleiten und zu f\u00f6rdern mit dem Ziel, eine nachhaltige und ma\u00dfgeschneiderte Struktur des Innovations- und Ideenmanagements zu konzipieren, aufzubauen und zu konsolidieren. Von der strategischen Ausrichtung des Unternehmens \u00fcber die Fr\u00fchphase (Ideenfindung, Auswahl, Gestaltung) bis zur Umsetzung\/Markteinf\u00fchrung.<\/p><p>Als Methode zur Prozessgestaltung des Innovationsmanagements hat Innofreight Mitarbeiter:innen-Workshops gew\u00e4hlt. Dabei wird vor allem die obere F\u00fchrungsebene einbezogen und m\u00f6gliche Ansatzpunkte und Verbesserungspotenziale abgeleitet. Des Weiteren haben wir die Ausarbeitung von Bewertungstools f\u00fcr Ideen und m\u00f6gliche Projekte in Form einzelner kleinerer Workshops mit Hilfe ausgew\u00e4hlter Personen aus dem Unternehmen durchgef\u00fchrt.<\/p><p>Das st\u00e4ndige Wachstum unseres Unternehmens bedingt auch Neugestaltung bzw. \u00dcberarbeitung der implementierten internen Prozesse und Abl\u00e4ufe. Dabei ist vor allem die organisatorische Herausforderung zu ber\u00fccksichtigen, den Neubau und die Instandhaltung der Aufbauten und Waggons zu koordinieren. Umsetzung des Innovationsmanagements sind nat\u00fcrlich konkrete Digitalisierungsschritte auf Unternehmensebene erforderlich, die die Innovationsf\u00e4higkeit unterst\u00fctzen k\u00f6nnen. Handlungsempfehlungen zum Thema Digitalisierung wurden abgeleitet, gepr\u00fcft und in einer Roadmap zusammengefasst.<\/p><p>Durch die nachhaltige Verankerung des Innovationsprozesses und die Verbesserung der internen Abl\u00e4ufe hat sich Innofreight von innen heraus gest\u00e4rkt und Kosten gespart. So konnten neue Gesch\u00e4ftsbereiche identifiziert werden, um neue Einnahmequellen zu nutzen.<\/p><p>Innofreight treibt als f\u00fchrender Anbieter die Schieneng\u00fcterlogistik europaweit voran. Seit der Gr\u00fcndung 2002 besch\u00e4ftigt sich dieses steirische Bahnlogistikunternehmen mit innovativen Logistikl\u00f6sungen f\u00fcr den Schieneng\u00fctertransport und entwickelt, produziert und vermietet Waggons, Aufbauten und Entladel\u00f6sungen. Das Equipment wird in-house, in enger Zusammenarbeit mit Kund:innen. So k\u00f6nnen Rohstofftransporte effizient abgewickelt werden.<\/p><p>Wir arbeiten mit Unternehmen in ganz Europa zusammen und sind so nah an unseren Kund:innen, wie niemand sonst. Innovation und Effizienz sind unsere Priorit\u00e4t. Wir treten nicht am Stand, sondern streben danach, die Innovationen von heute, f\u00fcr morgen weiter zu optimieren W\u00e4hlt man Innofreight als Partner, hat man ein Unternehmen an seiner Seite, das nicht nur optimiertes Equipment, sondern eine ma\u00dfgeschneiderte L\u00f6sung entwickelt und integriert.<\/p><p>Aktuell hat Innofreight 2.000 InnoWaggons und 20.000 Aufbauten in 20 europ\u00e4ischen L\u00e4ndern im Einsatz. Gleichzeitig wird das Produktportfolio st\u00e4ndig erweitert und optimiert. Aktuell bieten wir L\u00f6sungen f\u00fcr die Holz-, Stahl-, Fl\u00fcssigkeits- und Baustoffindustrie, den Energie-, Agrar- und Chemiesektor an. In der Zukunft wird eine vollst\u00e4ndig digitalisierte Flotte die Branche einen weiteren gro\u00dfen Schritt nach vorne bringen und Echtzeitdaten zur weiteren Optimierung der Logistikketten bieten. Gro\u00df gefeiert wird der 20. Geburtstag im Herbst und f\u00fcr die n\u00e4chsten zwei Jahrzehnte ist Innofreight bestens ger\u00fcstet.<\/p><p>&#8222;Die Zusammenarbeit mit ACS Styria war wie immer vorbildlich und wir freuen uns auf k\u00fcnftige Projekte&#8220;, betont Evangelos Christodoulakis, Innovationsmanager von Innofreight.<\/p>\t\t\t\t\t\t<\/div>\n\t\t\t\t<\/div>\n\t\t\t\t\t<\/div>\n\t\t<\/div>\n\t\t\t\t<div class=\"jet-sticky-column elementor-column elementor-col-33 elementor-top-column elementor-element elementor-element-ff3e9bd\" data-jet-settings=\"{&quot;id&quot;:&quot;ff3e9bd&quot;,&quot;sticky&quot;:true,&quot;topSpacing&quot;:50,&quot;bottomSpacing&quot;:50,&quot;stickyOn&quot;:[&quot;desktop&quot;,&quot;tablet&quot;]}\" data-id=\"ff3e9bd\" data-element_type=\"column\" data-settings=\"{&quot;background_background&quot;:&quot;classic&quot;}\">\n\t\t\t<div class=\"elementor-widget-wrap elementor-element-populated\">\n\t\t\t\t\t\t\t\t<div class=\"elementor-element elementor-element-df1a4c8 elementor-widget elementor-widget-image\" data-id=\"df1a4c8\" data-element_type=\"widget\" data-widget_type=\"image.default\">\n\t\t\t\t<div class=\"elementor-widget-container\">\n\t\t\t\t\t\t\t\t\t\t\t\t\t\t\t<img decoding=\"async\" loading=\"lazy\" width=\"300\" height=\"300\" src=\"https:\/\/enablinginnovation.at\/wp-content\/uploads\/2022\/06\/Logo-Innofreight-Solutions-300x300-1.png\" class=\"attachment-large size-large wp-image-6679\" alt=\"\" srcset=\"https:\/\/enablinginnovation.at\/wp-content\/uploads\/2022\/06\/Logo-Innofreight-Solutions-300x300-1.png 300w, https:\/\/enablinginnovation.at\/wp-content\/uploads\/2022\/06\/Logo-Innofreight-Solutions-300x300-1-150x150.png 150w, https:\/\/enablinginnovation.at\/wp-content\/uploads\/2022\/06\/Logo-Innofreight-Solutions-300x300-1-12x12.png 12w, https:\/\/enablinginnovation.at\/wp-content\/uploads\/2022\/06\/Logo-Innofreight-Solutions-300x300-1-230x230.png 230w\" sizes=\"(max-width: 300px) 100vw, 300px\" \/>\t\t\t\t\t\t\t\t\t\t\t\t\t\t\t<\/div>\n\t\t\t\t<\/div>\n\t\t\t\t<div class=\"elementor-element elementor-element-57ad66a elementor-widget elementor-widget-heading\" data-id=\"57ad66a\" data-element_type=\"widget\" data-widget_type=\"heading.default\">\n\t\t\t\t<div class=\"elementor-widget-container\">\n\t\t\t<h5 class=\"elementor-heading-title elementor-size-default\">Innofreight Solutions GmbH<\/h5>\t\t<\/div>\n\t\t\t\t<\/div>\n\t\t\t\t<div class=\"elementor-element elementor-element-1be89d8 elementor-icon-list--layout-traditional elementor-list-item-link-full_width elementor-widget elementor-widget-icon-list\" data-id=\"1be89d8\" data-element_type=\"widget\" data-widget_type=\"icon-list.default\">\n\t\t\t\t<div class=\"elementor-widget-container\">\n\t\t\t\t\t<ul class=\"elementor-icon-list-items\">\n\t\t\t\t\t\t\t<li class=\"elementor-icon-list-item\">\n\t\t\t\t\t\t\t\t\t\t\t<span class=\"elementor-icon-list-icon\">\n\t\t\t\t\t\t\t<i aria-hidden=\"true\" class=\"fas fa-location-arrow\"><\/i>\t\t\t\t\t\t<\/span>\n\t\t\t\t\t\t\t\t\t\t<span class=\"elementor-icon-list-text\">Grazer Stra\u00dfe 11, AT-8600 Bruck an der Mur<\/span>\n\t\t\t\t\t\t\t\t\t<\/li>\n\t\t\t\t\t\t\t\t<li class=\"elementor-icon-list-item\">\n\t\t\t\t\t\t\t\t\t\t\t<a href=\"tel: 4338628989242\">\n\n\t\t\t\t\t\t\t\t\t\t\t\t<span class=\"elementor-icon-list-icon\">\n\t\t\t\t\t\t\t<i aria-hidden=\"true\" class=\"fas fa-phone-alt\"><\/i>\t\t\t\t\t\t<\/span>\n\t\t\t\t\t\t\t\t\t\t<span class=\"elementor-icon-list-text\">+43 3862 89 89 242<\/span>\n\t\t\t\t\t\t\t\t\t\t\t<\/a>\n\t\t\t\t\t\t\t\t\t<\/li>\n\t\t\t\t\t\t\t\t<li class=\"elementor-icon-list-item\">\n\t\t\t\t\t\t\t\t\t\t\t<a href=\"mailto:info@innofreight.com\">\n\n\t\t\t\t\t\t\t\t\t\t\t\t<span class=\"elementor-icon-list-icon\">\n\t\t\t\t\t\t\t<i aria-hidden=\"true\" class=\"fas fa-at\"><\/i>\t\t\t\t\t\t<\/span>\n\t\t\t\t\t\t\t\t\t\t<span class=\"elementor-icon-list-text\">info@innofreight.com<\/span>\n\t\t\t\t\t\t\t\t\t\t\t<\/a>\n\t\t\t\t\t\t\t\t\t<\/li>\n\t\t\t\t\t\t\t\t<li class=\"elementor-icon-list-item\">\n\t\t\t\t\t\t\t\t\t\t\t<a href=\"https:\/\/www.innofreight.com\" target=\"_blank\" rel=\"nofollow\">\n\n\t\t\t\t\t\t\t\t\t\t\t\t<span class=\"elementor-icon-list-icon\">\n\t\t\t\t\t\t\t<i aria-hidden=\"true\" class=\"fas fa-link\"><\/i>\t\t\t\t\t\t<\/span>\n\t\t\t\t\t\t\t\t\t\t<span class=\"elementor-icon-list-text\">https:\/\/www.innofreight.com<\/span>\n\t\t\t\t\t\t\t\t\t\t\t<\/a>\n\t\t\t\t\t\t\t\t\t<\/li>\n\t\t\t\t\t\t<\/ul>\n\t\t\t\t<\/div>\n\t\t\t\t<\/div>\n\t\t\t\t<div class=\"elementor-element elementor-element-a6b9904 elementor-widget elementor-widget-spacer\" data-id=\"a6b9904\" data-element_type=\"widget\" data-widget_type=\"spacer.default\">\n\t\t\t\t<div class=\"elementor-widget-container\">\n\t\t\t\t\t<div class=\"elementor-spacer\">\n\t\t\t<div class=\"elementor-spacer-inner\"><\/div>\n\t\t<\/div>\n\t\t\t\t<\/div>\n\t\t\t\t<\/div>\n\t\t\t\t\t<\/div>\n\t\t<\/div>\n\t\t\t\t\t\t\t<\/div>\n\t\t<\/section>\n\t\t\t\t\t\t\t<\/div>","protected":false},"excerpt":{"rendered":"<p>Zur\u00fcck Weiter INNOFREIGHT \u2013 Eine Erfolgsgeschichte auf der Schiene Die Zukunft eines erfolgreichen Wirtschaftsstandortes wird wesentlich durch die Innovationskraft seiner Unternehmen bestimmt. Am Anfang des Projekts stand die Idee, innovative Entwicklungen zu begleiten und zu f\u00f6rdern mit dem Ziel, eine nachhaltige und ma\u00dfgeschneiderte Struktur des Innovations- und Ideenmanagements zu konzipieren, aufzubauen und zu konsolidieren. Von [&hellip;]<\/p>","protected":false},"author":1,"featured_media":0,"parent":5836,"menu_order":15,"comment_status":"closed","ping_status":"closed","template":"elementor_header_footer","meta":{"footnotes":""},"_links":{"self":[{"href":"https:\/\/enablinginnovation.at\/en\/wp-json\/wp\/v2\/pages\/6710"}],"collection":[{"href":"https:\/\/enablinginnovation.at\/en\/wp-json\/wp\/v2\/pages"}],"about":[{"href":"https:\/\/enablinginnovation.at\/en\/wp-json\/wp\/v2\/types\/page"}],"author":[{"embeddable":true,"href":"https:\/\/enablinginnovation.at\/en\/wp-json\/wp\/v2\/users\/1"}],"replies":[{"embeddable":true,"href":"https:\/\/enablinginnovation.at\/en\/wp-json\/wp\/v2\/comments?post=6710"}],"version-history":[{"count":7,"href":"https:\/\/enablinginnovation.at\/en\/wp-json\/wp\/v2\/pages\/6710\/revisions"}],"predecessor-version":[{"id":6755,"href":"https:\/\/enablinginnovation.at\/en\/wp-json\/wp\/v2\/pages\/6710\/revisions\/6755"}],"up":[{"embeddable":true,"href":"https:\/\/enablinginnovation.at\/en\/wp-json\/wp\/v2\/pages\/5836"}],"wp:attachment":[{"href":"https:\/\/enablinginnovation.at\/en\/wp-json\/wp\/v2\/media?parent=6710"}],"curies":[{"name":"wp","href":"https:\/\/api.w.org\/{rel}","templated":true}]}}