{"id":6875,"date":"2023-01-14T20:54:55","date_gmt":"2023-01-14T19:54:55","guid":{"rendered":"https:\/\/enablinginnovation.at\/?page_id=6875"},"modified":"2023-01-14T22:18:57","modified_gmt":"2023-01-14T21:18:57","slug":"flasher-gmbh","status":"publish","type":"page","link":"https:\/\/enablinginnovation.at\/en\/projekte\/flasher-gmbh\/","title":{"rendered":"Flasher GmbH"},"content":{"rendered":"<div data-elementor-type=\"wp-page\" data-elementor-id=\"6875\" class=\"elementor elementor-6875\">\n\t\t\t\t\t\t\t\t\t<section class=\"elementor-section elementor-top-section elementor-element elementor-element-82aff3c elementor-section-boxed elementor-section-height-default elementor-section-height-default\" data-id=\"82aff3c\" data-element_type=\"section\" data-settings=\"{&quot;jet_parallax_layout_list&quot;:[{&quot;jet_parallax_layout_image&quot;:{&quot;url&quot;:&quot;&quot;,&quot;id&quot;:&quot;&quot;,&quot;size&quot;:&quot;&quot;},&quot;_id&quot;:&quot;1ff0dad&quot;,&quot;jet_parallax_layout_image_tablet&quot;:{&quot;url&quot;:&quot;&quot;,&quot;id&quot;:&quot;&quot;,&quot;size&quot;:&quot;&quot;},&quot;jet_parallax_layout_image_mobile&quot;:{&quot;url&quot;:&quot;&quot;,&quot;id&quot;:&quot;&quot;,&quot;size&quot;:&quot;&quot;},&quot;jet_parallax_layout_speed&quot;:{&quot;unit&quot;:&quot;%&quot;,&quot;size&quot;:50,&quot;sizes&quot;:[]},&quot;jet_parallax_layout_type&quot;:&quot;scroll&quot;,&quot;jet_parallax_layout_direction&quot;:null,&quot;jet_parallax_layout_fx_direction&quot;:null,&quot;jet_parallax_layout_z_index&quot;:&quot;&quot;,&quot;jet_parallax_layout_bg_x&quot;:50,&quot;jet_parallax_layout_bg_x_tablet&quot;:&quot;&quot;,&quot;jet_parallax_layout_bg_x_mobile&quot;:&quot;&quot;,&quot;jet_parallax_layout_bg_y&quot;:50,&quot;jet_parallax_layout_bg_y_tablet&quot;:&quot;&quot;,&quot;jet_parallax_layout_bg_y_mobile&quot;:&quot;&quot;,&quot;jet_parallax_layout_bg_size&quot;:&quot;auto&quot;,&quot;jet_parallax_layout_bg_size_tablet&quot;:&quot;&quot;,&quot;jet_parallax_layout_bg_size_mobile&quot;:&quot;&quot;,&quot;jet_parallax_layout_animation_prop&quot;:&quot;transform&quot;,&quot;jet_parallax_layout_on&quot;:[&quot;desktop&quot;,&quot;tablet&quot;]}]}\">\n\t\t\t\t\t\t<div class=\"elementor-container elementor-column-gap-default\">\n\t\t\t\t\t<div class=\"elementor-column elementor-col-100 elementor-top-column elementor-element elementor-element-75ae86c\" data-id=\"75ae86c\" data-element_type=\"column\">\n\t\t\t<div class=\"elementor-widget-wrap elementor-element-populated\">\n\t\t\t\t\t\t\t\t<div class=\"elementor-element elementor-element-f931472 elementor-arrows-position-inside elementor-widget elementor-widget-image-carousel\" data-id=\"f931472\" data-element_type=\"widget\" data-settings=\"{&quot;slides_to_show&quot;:&quot;3&quot;,&quot;autoplay&quot;:&quot;no&quot;,&quot;navigation&quot;:&quot;arrows&quot;,&quot;infinite&quot;:&quot;yes&quot;,&quot;speed&quot;:500}\" data-widget_type=\"image-carousel.default\">\n\t\t\t\t<div class=\"elementor-widget-container\">\n\t\t\t\t\t<div class=\"elementor-image-carousel-wrapper swiper-container\" dir=\"ltr\">\n\t\t\t<div class=\"elementor-image-carousel swiper-wrapper\" aria-live=\"polite\">\n\t\t\t\t\t\t\t\t<div class=\"swiper-slide\" role=\"group\" aria-roledescription=\"slide\" aria-label=\"1 of 4\"><a data-elementor-open-lightbox=\"yes\" data-elementor-lightbox-slideshow=\"f931472\" data-elementor-lightbox-title=\"Flasher Gr\u00fcnder Alexander Rech CEO Ines W\u00f6ckl CFO\" data-e-action-hash=\"#elementor-action%3Aaction%3Dlightbox%26settings%3DeyJpZCI6Njg3NywidXJsIjoiaHR0cHM6XC9cL2VuYWJsaW5naW5ub3ZhdGlvbi5hdFwvd3AtY29udGVudFwvdXBsb2Fkc1wvMjAyM1wvMDFcL0ZsYXNoZXItR3J1ZW5kZXItQWxleGFuZGVyLVJlY2gtQ0VPLUluZXMtV29lY2tsLUNGTy0xNDQweDE5MjAtUTgwLmpwZyIsInNsaWRlc2hvdyI6ImY5MzE0NzIifQ%3D%3D\" href=\"https:\/\/enablinginnovation.at\/wp-content\/uploads\/2023\/01\/Flasher-Gruender-Alexander-Rech-CEO-Ines-Woeckl-CFO-1440x1920-Q80.jpg\"><figure class=\"swiper-slide-inner\"><img decoding=\"async\" class=\"swiper-slide-image\" src=\"https:\/\/enablinginnovation.at\/wp-content\/uploads\/2023\/01\/Flasher-Gruender-Alexander-Rech-CEO-Ines-Woeckl-CFO-1440x1920-Q80-400x400.jpg\" alt=\"Flasher Gr\u00fcnder Alexander Rech CEO Ines W\u00f6ckl CFO\" \/><\/figure><\/a><\/div><div class=\"swiper-slide\" role=\"group\" aria-roledescription=\"slide\" aria-label=\"2 of 4\"><a data-elementor-open-lightbox=\"yes\" data-elementor-lightbox-slideshow=\"f931472\" data-elementor-lightbox-title=\"Flasher Bike live\" data-e-action-hash=\"#elementor-action%3Aaction%3Dlightbox%26settings%3DeyJpZCI6Njg3OCwidXJsIjoiaHR0cHM6XC9cL2VuYWJsaW5naW5ub3ZhdGlvbi5hdFwvd3AtY29udGVudFwvdXBsb2Fkc1wvMjAyM1wvMDFcL0ZsYXNoZXItQmlrZS1saXZlLTEyMDB4OTAwLTEuanBnIiwic2xpZGVzaG93IjoiZjkzMTQ3MiJ9\" href=\"https:\/\/enablinginnovation.at\/wp-content\/uploads\/2023\/01\/Flasher-Bike-live-1200x900-1.jpg\"><figure class=\"swiper-slide-inner\"><img decoding=\"async\" class=\"swiper-slide-image\" src=\"https:\/\/enablinginnovation.at\/wp-content\/uploads\/2023\/01\/Flasher-Bike-live-1200x900-1-400x400.jpg\" alt=\"Flasher Bike live\" \/><\/figure><\/a><\/div><div class=\"swiper-slide\" role=\"group\" aria-roledescription=\"slide\" aria-label=\"3 of 4\"><a data-elementor-open-lightbox=\"yes\" data-elementor-lightbox-slideshow=\"f931472\" data-elementor-lightbox-title=\"Flasher Produkt\" data-e-action-hash=\"#elementor-action%3Aaction%3Dlightbox%26settings%3DeyJpZCI6Njg3OSwidXJsIjoiaHR0cHM6XC9cL2VuYWJsaW5naW5ub3ZhdGlvbi5hdFwvd3AtY29udGVudFwvdXBsb2Fkc1wvMjAyM1wvMDFcL0ZsYXNoZXItUHJvZHVrdC0xMjAweDE5MDAtMS5qcGciLCJzbGlkZXNob3ciOiJmOTMxNDcyIn0%3D\" href=\"https:\/\/enablinginnovation.at\/wp-content\/uploads\/2023\/01\/Flasher-Produkt-1200x1900-1.jpg\"><figure class=\"swiper-slide-inner\"><img decoding=\"async\" class=\"swiper-slide-image\" src=\"https:\/\/enablinginnovation.at\/wp-content\/uploads\/2023\/01\/Flasher-Produkt-1200x1900-1-400x400.jpg\" alt=\"Flasher Produkt\" \/><\/figure><\/a><\/div><div class=\"swiper-slide\" role=\"group\" aria-roledescription=\"slide\" aria-label=\"4 of 4\"><a data-elementor-open-lightbox=\"yes\" data-elementor-lightbox-slideshow=\"f931472\" data-elementor-lightbox-title=\"Flasher Road live\" data-e-action-hash=\"#elementor-action%3Aaction%3Dlightbox%26settings%3DeyJpZCI6Njg4MCwidXJsIjoiaHR0cHM6XC9cL2VuYWJsaW5naW5ub3ZhdGlvbi5hdFwvd3AtY29udGVudFwvdXBsb2Fkc1wvMjAyM1wvMDFcL0ZsYXNoZXItUm9hZC1saXZlLTEyMDB4ODAwLTEuanBnIiwic2xpZGVzaG93IjoiZjkzMTQ3MiJ9\" href=\"https:\/\/enablinginnovation.at\/wp-content\/uploads\/2023\/01\/Flasher-Road-live-1200x800-1.jpg\"><figure class=\"swiper-slide-inner\"><img decoding=\"async\" class=\"swiper-slide-image\" src=\"https:\/\/enablinginnovation.at\/wp-content\/uploads\/2023\/01\/Flasher-Road-live-1200x800-1-400x400.jpg\" alt=\"Flasher Road live\" \/><\/figure><\/a><\/div>\t\t\t<\/div>\n\t\t\t\t\t\t\t\t\t\t\t\t<div class=\"elementor-swiper-button elementor-swiper-button-prev\" role=\"button\" tabindex=\"0\">\n\t\t\t\t\t\t<i aria-hidden=\"true\" class=\"eicon-chevron-left\"><\/i>\t\t\t\t\t<\/div>\n\t\t\t\t\t<div class=\"elementor-swiper-button elementor-swiper-button-next\" role=\"button\" tabindex=\"0\">\n\t\t\t\t\t\t<i aria-hidden=\"true\" class=\"eicon-chevron-right\"><\/i>\t\t\t\t\t<\/div>\n\t\t\t\t\n\t\t\t\t\t\t\t\t\t<\/div>\n\t\t\t\t<\/div>\n\t\t\t\t<\/div>\n\t\t\t\t\t<\/div>\n\t\t<\/div>\n\t\t\t\t\t\t\t<\/div>\n\t\t<\/section>\n\t\t\t\t<section class=\"elementor-section elementor-top-section elementor-element elementor-element-9104333 elementor-section-boxed elementor-section-height-default elementor-section-height-default\" data-id=\"9104333\" data-element_type=\"section\" data-settings=\"{&quot;jet_parallax_layout_list&quot;:[{&quot;jet_parallax_layout_image&quot;:{&quot;url&quot;:&quot;&quot;,&quot;id&quot;:&quot;&quot;,&quot;size&quot;:&quot;&quot;},&quot;_id&quot;:&quot;49977e1&quot;,&quot;jet_parallax_layout_image_tablet&quot;:{&quot;url&quot;:&quot;&quot;,&quot;id&quot;:&quot;&quot;,&quot;size&quot;:&quot;&quot;},&quot;jet_parallax_layout_image_mobile&quot;:{&quot;url&quot;:&quot;&quot;,&quot;id&quot;:&quot;&quot;,&quot;size&quot;:&quot;&quot;},&quot;jet_parallax_layout_speed&quot;:{&quot;unit&quot;:&quot;%&quot;,&quot;size&quot;:50,&quot;sizes&quot;:[]},&quot;jet_parallax_layout_type&quot;:&quot;scroll&quot;,&quot;jet_parallax_layout_direction&quot;:null,&quot;jet_parallax_layout_fx_direction&quot;:null,&quot;jet_parallax_layout_z_index&quot;:&quot;&quot;,&quot;jet_parallax_layout_bg_x&quot;:50,&quot;jet_parallax_layout_bg_x_tablet&quot;:&quot;&quot;,&quot;jet_parallax_layout_bg_x_mobile&quot;:&quot;&quot;,&quot;jet_parallax_layout_bg_y&quot;:50,&quot;jet_parallax_layout_bg_y_tablet&quot;:&quot;&quot;,&quot;jet_parallax_layout_bg_y_mobile&quot;:&quot;&quot;,&quot;jet_parallax_layout_bg_size&quot;:&quot;auto&quot;,&quot;jet_parallax_layout_bg_size_tablet&quot;:&quot;&quot;,&quot;jet_parallax_layout_bg_size_mobile&quot;:&quot;&quot;,&quot;jet_parallax_layout_animation_prop&quot;:&quot;transform&quot;,&quot;jet_parallax_layout_on&quot;:[&quot;desktop&quot;,&quot;tablet&quot;]}]}\">\n\t\t\t\t\t\t<div class=\"elementor-container elementor-column-gap-default\">\n\t\t\t\t\t<div class=\"elementor-column elementor-col-66 elementor-top-column elementor-element elementor-element-476aa8a\" data-id=\"476aa8a\" data-element_type=\"column\">\n\t\t\t<div class=\"elementor-widget-wrap elementor-element-populated\">\n\t\t\t\t\t\t\t\t<div class=\"elementor-element elementor-element-60e2db6 elementor-widget elementor-widget-heading\" data-id=\"60e2db6\" data-element_type=\"widget\" data-widget_type=\"heading.default\">\n\t\t\t\t<div class=\"elementor-widget-container\">\n\t\t\t<h2 class=\"elementor-heading-title elementor-size-default\">Flasher GmbH<\/h2>\t\t<\/div>\n\t\t\t\t<\/div>\n\t\t\t\t<div class=\"elementor-element elementor-element-707c0e7 elementor-widget elementor-widget-text-editor\" data-id=\"707c0e7\" data-element_type=\"widget\" data-widget_type=\"text-editor.default\">\n\t\t\t\t<div class=\"elementor-widget-container\">\n\t\t\t\t\t\t\t<p>Die Flasher GmbH entwickelt und vertreibt tragbare Hightech-Sicherheitsanwendungen. Die Vision des Unternehmens, die Sichtbarkeit und Sicherheit in Gefahrensituation zu erh\u00f6hen, spiegelt sich in ihrem ersten Produkt, der patentierten Wearable-Innovation Flasher, wider. Flasher sind einfach zu bedienende, smarte Armreifen f\u00fcr Micromobility-User*innen. Um die Oberarme befestigt, bietet Flasher gestengesteuerte Blinker, automatisches Notbremslicht und verschiedene Nacht-\/Sichtbarkeitsmodi, wodurch das Unfallrisiko am Mikromobil reduziert wird. Mit der Wearable-Innovation dringt das Unternehmen nun auch in den B2B-Bereich vor, wo dank Konnektivit\u00e4t zu anderen Fahrzeugen und Ger\u00e4ten f\u00fcr mehr Sicherheit am Betriebsgel\u00e4nde, am Gleis und auf der Stra\u00dfe gesorgt wird.<\/p><p>Im Zuge des Projektes &#8222;Enabling Innovation&#8220; wurde der Flasher GmbH die M\u00f6glichkeit geboten verschiedene interne Gesch\u00e4ftsprozesse zu optimieren:<\/p><p>Einerseits lag der Fokus auf einer Optimierung des Bereichs &#8222;Performance Marketing&#8220;. Gerade wenn es um die Vermarktung und den Vertrieb von B2C Produkten geht, ist neben einer breiten Online-Pr\u00e4senz des Unternehmens und der zu vertreibenden Produkte, auch die Quantifizierung der einzelnen Marketingaktivit\u00e4ten ausschlagend f\u00fcr den Erfolg. Im Zuge diverser Workshops wurde unser Team darin geschult, Online-Marketingaktivit\u00e4ten messbarer zu machen, um in weiterer Folge Kunden gezielter erreichen zu k\u00f6nnen. Konkret k\u00f6nnen Reaktionen unserer Zielgruppe mittlerweile eindeutiger, zeitnaher und vollst\u00e4ndiger beobachtet und ausgewertet werden.<\/p><p>Aufgrund der bevorstehenden Einf\u00fchrung neuer Produkte und Serviceleistungen lag der Fokus des Projektes andererseits auch auf einer Erweiterung des aktuellen Gesch\u00e4ftsmodells. In verschiedenen Workshops wurden gemeinsam mit der Management Ebene des Unternehmens kompatible Ans\u00e4tze analysiert und eine Gesch\u00e4ftsmodellerweiterung erarbeitet, die ein Wachstum in neuen Branchen erm\u00f6glicht.<\/p><p>Wir bedanken uns beim AC Styria f\u00fcr das sehr reibungslose und unb\u00fcrokratische Projektmanagement!<\/p>\t\t\t\t\t\t<\/div>\n\t\t\t\t<\/div>\n\t\t\t\t\t<\/div>\n\t\t<\/div>\n\t\t\t\t<div class=\"jet-sticky-column elementor-column elementor-col-33 elementor-top-column elementor-element elementor-element-ff3e9bd\" data-jet-settings=\"{&quot;id&quot;:&quot;ff3e9bd&quot;,&quot;sticky&quot;:true,&quot;topSpacing&quot;:50,&quot;bottomSpacing&quot;:50,&quot;stickyOn&quot;:[&quot;desktop&quot;,&quot;tablet&quot;]}\" data-id=\"ff3e9bd\" data-element_type=\"column\" data-settings=\"{&quot;background_background&quot;:&quot;classic&quot;}\">\n\t\t\t<div class=\"elementor-widget-wrap elementor-element-populated\">\n\t\t\t\t\t\t\t\t<div class=\"elementor-element elementor-element-df1a4c8 elementor-widget elementor-widget-image\" data-id=\"df1a4c8\" data-element_type=\"widget\" data-widget_type=\"image.default\">\n\t\t\t\t<div class=\"elementor-widget-container\">\n\t\t\t\t\t\t\t\t\t\t\t\t\t\t\t<img decoding=\"async\" loading=\"lazy\" width=\"300\" height=\"300\" src=\"https:\/\/enablinginnovation.at\/wp-content\/uploads\/2022\/06\/Logo-Flasher-300x300-3.png\" class=\"attachment-large size-large wp-image-6660\" alt=\"\" srcset=\"https:\/\/enablinginnovation.at\/wp-content\/uploads\/2022\/06\/Logo-Flasher-300x300-3.png 300w, https:\/\/enablinginnovation.at\/wp-content\/uploads\/2022\/06\/Logo-Flasher-300x300-3-150x150.png 150w, https:\/\/enablinginnovation.at\/wp-content\/uploads\/2022\/06\/Logo-Flasher-300x300-3-12x12.png 12w, https:\/\/enablinginnovation.at\/wp-content\/uploads\/2022\/06\/Logo-Flasher-300x300-3-230x230.png 230w\" sizes=\"(max-width: 300px) 100vw, 300px\" \/>\t\t\t\t\t\t\t\t\t\t\t\t\t\t\t<\/div>\n\t\t\t\t<\/div>\n\t\t\t\t<div class=\"elementor-element elementor-element-57ad66a elementor-widget elementor-widget-heading\" data-id=\"57ad66a\" data-element_type=\"widget\" data-widget_type=\"heading.default\">\n\t\t\t\t<div class=\"elementor-widget-container\">\n\t\t\t<h5 class=\"elementor-heading-title elementor-size-default\">Flasher GmbH<\/h5>\t\t<\/div>\n\t\t\t\t<\/div>\n\t\t\t\t<div class=\"elementor-element elementor-element-1be89d8 elementor-icon-list--layout-traditional elementor-list-item-link-full_width elementor-widget elementor-widget-icon-list\" data-id=\"1be89d8\" data-element_type=\"widget\" data-widget_type=\"icon-list.default\">\n\t\t\t\t<div class=\"elementor-widget-container\">\n\t\t\t\t\t<ul class=\"elementor-icon-list-items\">\n\t\t\t\t\t\t\t<li class=\"elementor-icon-list-item\">\n\t\t\t\t\t\t\t\t\t\t\t<span class=\"elementor-icon-list-icon\">\n\t\t\t\t\t\t\t<i aria-hidden=\"true\" class=\"fas fa-location-arrow\"><\/i>\t\t\t\t\t\t<\/span>\n\t\t\t\t\t\t\t\t\t\t<span class=\"elementor-icon-list-text\">Rechbauerstrasse 31\/2, A-8010 Graz<\/span>\n\t\t\t\t\t\t\t\t\t<\/li>\n\t\t\t\t\t\t\t\t<li class=\"elementor-icon-list-item\">\n\t\t\t\t\t\t\t\t\t\t\t<a href=\"tel: 436606505506\">\n\n\t\t\t\t\t\t\t\t\t\t\t\t<span class=\"elementor-icon-list-icon\">\n\t\t\t\t\t\t\t<i aria-hidden=\"true\" class=\"fas fa-phone-alt\"><\/i>\t\t\t\t\t\t<\/span>\n\t\t\t\t\t\t\t\t\t\t<span class=\"elementor-icon-list-text\">+43 660 6505506<\/span>\n\t\t\t\t\t\t\t\t\t\t\t<\/a>\n\t\t\t\t\t\t\t\t\t<\/li>\n\t\t\t\t\t\t\t\t<li class=\"elementor-icon-list-item\">\n\t\t\t\t\t\t\t\t\t\t\t<a href=\"mailto:info@flasher.tech\">\n\n\t\t\t\t\t\t\t\t\t\t\t\t<span class=\"elementor-icon-list-icon\">\n\t\t\t\t\t\t\t<i aria-hidden=\"true\" class=\"fas fa-at\"><\/i>\t\t\t\t\t\t<\/span>\n\t\t\t\t\t\t\t\t\t\t<span class=\"elementor-icon-list-text\">info@flasher.tech<\/span>\n\t\t\t\t\t\t\t\t\t\t\t<\/a>\n\t\t\t\t\t\t\t\t\t<\/li>\n\t\t\t\t\t\t\t\t<li class=\"elementor-icon-list-item\">\n\t\t\t\t\t\t\t\t\t\t\t<a href=\"https:\/\/www.flasher.tech\" target=\"_blank\" rel=\"nofollow\">\n\n\t\t\t\t\t\t\t\t\t\t\t\t<span class=\"elementor-icon-list-icon\">\n\t\t\t\t\t\t\t<i aria-hidden=\"true\" class=\"fas fa-link\"><\/i>\t\t\t\t\t\t<\/span>\n\t\t\t\t\t\t\t\t\t\t<span class=\"elementor-icon-list-text\">https:\/\/www.flasher.tech<\/span>\n\t\t\t\t\t\t\t\t\t\t\t<\/a>\n\t\t\t\t\t\t\t\t\t<\/li>\n\t\t\t\t\t\t<\/ul>\n\t\t\t\t<\/div>\n\t\t\t\t<\/div>\n\t\t\t\t<div class=\"elementor-element elementor-element-a6b9904 elementor-widget elementor-widget-spacer\" data-id=\"a6b9904\" data-element_type=\"widget\" data-widget_type=\"spacer.default\">\n\t\t\t\t<div class=\"elementor-widget-container\">\n\t\t\t\t\t<div class=\"elementor-spacer\">\n\t\t\t<div class=\"elementor-spacer-inner\"><\/div>\n\t\t<\/div>\n\t\t\t\t<\/div>\n\t\t\t\t<\/div>\n\t\t\t\t\t<\/div>\n\t\t<\/div>\n\t\t\t\t\t\t\t<\/div>\n\t\t<\/section>\n\t\t\t\t\t\t\t<\/div>","protected":false},"excerpt":{"rendered":"<p>Zur\u00fcck Weiter Flasher GmbH Die Flasher GmbH entwickelt und vertreibt tragbare Hightech-Sicherheitsanwendungen. Die Vision des Unternehmens, die Sichtbarkeit und Sicherheit in Gefahrensituation zu erh\u00f6hen, spiegelt sich in ihrem ersten Produkt, der patentierten Wearable-Innovation Flasher, wider. Flasher sind einfach zu bedienende, smarte Armreifen f\u00fcr Micromobility-User*innen. Um die Oberarme befestigt, bietet Flasher gestengesteuerte Blinker, automatisches Notbremslicht und [&hellip;]<\/p>","protected":false},"author":1,"featured_media":0,"parent":5836,"menu_order":10,"comment_status":"closed","ping_status":"closed","template":"elementor_header_footer","meta":{"footnotes":""},"_links":{"self":[{"href":"https:\/\/enablinginnovation.at\/en\/wp-json\/wp\/v2\/pages\/6875"}],"collection":[{"href":"https:\/\/enablinginnovation.at\/en\/wp-json\/wp\/v2\/pages"}],"about":[{"href":"https:\/\/enablinginnovation.at\/en\/wp-json\/wp\/v2\/types\/page"}],"author":[{"embeddable":true,"href":"https:\/\/enablinginnovation.at\/en\/wp-json\/wp\/v2\/users\/1"}],"replies":[{"embeddable":true,"href":"https:\/\/enablinginnovation.at\/en\/wp-json\/wp\/v2\/comments?post=6875"}],"version-history":[{"count":4,"href":"https:\/\/enablinginnovation.at\/en\/wp-json\/wp\/v2\/pages\/6875\/revisions"}],"predecessor-version":[{"id":6883,"href":"https:\/\/enablinginnovation.at\/en\/wp-json\/wp\/v2\/pages\/6875\/revisions\/6883"}],"up":[{"embeddable":true,"href":"https:\/\/enablinginnovation.at\/en\/wp-json\/wp\/v2\/pages\/5836"}],"wp:attachment":[{"href":"https:\/\/enablinginnovation.at\/en\/wp-json\/wp\/v2\/media?parent=6875"}],"curies":[{"name":"wp","href":"https:\/\/api.w.org\/{rel}","templated":true}]}}