{"id":6887,"date":"2023-01-14T22:04:23","date_gmt":"2023-01-14T21:04:23","guid":{"rendered":"https:\/\/enablinginnovation.at\/?page_id=6887"},"modified":"2023-01-15T10:08:53","modified_gmt":"2023-01-15T09:08:53","slug":"telo-gmbh","status":"publish","type":"page","link":"https:\/\/enablinginnovation.at\/en\/projekte\/telo-gmbh\/","title":{"rendered":"TeLo GmbH"},"content":{"rendered":"<div data-elementor-type=\"wp-page\" data-elementor-id=\"6887\" class=\"elementor elementor-6887\">\n\t\t\t\t\t\t\t\t\t<section class=\"elementor-section elementor-top-section elementor-element elementor-element-82aff3c elementor-section-boxed elementor-section-height-default elementor-section-height-default\" data-id=\"82aff3c\" data-element_type=\"section\" data-settings=\"{&quot;jet_parallax_layout_list&quot;:[{&quot;jet_parallax_layout_image&quot;:{&quot;url&quot;:&quot;&quot;,&quot;id&quot;:&quot;&quot;,&quot;size&quot;:&quot;&quot;},&quot;_id&quot;:&quot;1ff0dad&quot;,&quot;jet_parallax_layout_image_tablet&quot;:{&quot;url&quot;:&quot;&quot;,&quot;id&quot;:&quot;&quot;,&quot;size&quot;:&quot;&quot;},&quot;jet_parallax_layout_image_mobile&quot;:{&quot;url&quot;:&quot;&quot;,&quot;id&quot;:&quot;&quot;,&quot;size&quot;:&quot;&quot;},&quot;jet_parallax_layout_speed&quot;:{&quot;unit&quot;:&quot;%&quot;,&quot;size&quot;:50,&quot;sizes&quot;:[]},&quot;jet_parallax_layout_type&quot;:&quot;scroll&quot;,&quot;jet_parallax_layout_direction&quot;:null,&quot;jet_parallax_layout_fx_direction&quot;:null,&quot;jet_parallax_layout_z_index&quot;:&quot;&quot;,&quot;jet_parallax_layout_bg_x&quot;:50,&quot;jet_parallax_layout_bg_x_tablet&quot;:&quot;&quot;,&quot;jet_parallax_layout_bg_x_mobile&quot;:&quot;&quot;,&quot;jet_parallax_layout_bg_y&quot;:50,&quot;jet_parallax_layout_bg_y_tablet&quot;:&quot;&quot;,&quot;jet_parallax_layout_bg_y_mobile&quot;:&quot;&quot;,&quot;jet_parallax_layout_bg_size&quot;:&quot;auto&quot;,&quot;jet_parallax_layout_bg_size_tablet&quot;:&quot;&quot;,&quot;jet_parallax_layout_bg_size_mobile&quot;:&quot;&quot;,&quot;jet_parallax_layout_animation_prop&quot;:&quot;transform&quot;,&quot;jet_parallax_layout_on&quot;:[&quot;desktop&quot;,&quot;tablet&quot;]}]}\">\n\t\t\t\t\t\t<div class=\"elementor-container elementor-column-gap-default\">\n\t\t\t\t\t<div class=\"elementor-column elementor-col-100 elementor-top-column elementor-element elementor-element-75ae86c\" data-id=\"75ae86c\" data-element_type=\"column\">\n\t\t\t<div class=\"elementor-widget-wrap elementor-element-populated\">\n\t\t\t\t\t\t\t\t<div class=\"elementor-element elementor-element-f931472 elementor-arrows-position-inside elementor-widget elementor-widget-image-carousel\" data-id=\"f931472\" data-element_type=\"widget\" data-settings=\"{&quot;slides_to_show&quot;:&quot;3&quot;,&quot;autoplay&quot;:&quot;no&quot;,&quot;navigation&quot;:&quot;arrows&quot;,&quot;infinite&quot;:&quot;yes&quot;,&quot;speed&quot;:500}\" data-widget_type=\"image-carousel.default\">\n\t\t\t\t<div class=\"elementor-widget-container\">\n\t\t\t\t\t<div class=\"elementor-image-carousel-wrapper swiper-container\" dir=\"ltr\">\n\t\t\t<div class=\"elementor-image-carousel swiper-wrapper\" aria-live=\"polite\">\n\t\t\t\t\t\t\t\t<div class=\"swiper-slide\" role=\"group\" aria-roledescription=\"slide\" aria-label=\"1 of 3\"><a data-elementor-open-lightbox=\"yes\" data-elementor-lightbox-slideshow=\"f931472\" data-elementor-lightbox-title=\"TeLo Au\u00dfenansicht\" data-e-action-hash=\"#elementor-action%3Aaction%3Dlightbox%26settings%3DeyJpZCI6NjkwNiwidXJsIjoiaHR0cHM6XC9cL2VuYWJsaW5naW5ub3ZhdGlvbi5hdFwvd3AtY29udGVudFwvdXBsb2Fkc1wvMjAyM1wvMDFcL1RlTG8tQXVzc2VuYW5zaWNodC0xNTAweDg0NC1RODAuanBnIiwic2xpZGVzaG93IjoiZjkzMTQ3MiJ9\" href=\"https:\/\/enablinginnovation.at\/wp-content\/uploads\/2023\/01\/TeLo-Aussenansicht-1500x844-Q80.jpg\"><figure class=\"swiper-slide-inner\"><img decoding=\"async\" class=\"swiper-slide-image\" src=\"https:\/\/enablinginnovation.at\/wp-content\/uploads\/2023\/01\/TeLo-Aussenansicht-1500x844-Q80-400x400.jpg\" alt=\"TeLo Au\u00dfenansicht\" \/><\/figure><\/a><\/div><div class=\"swiper-slide\" role=\"group\" aria-roledescription=\"slide\" aria-label=\"2 of 3\"><a data-elementor-open-lightbox=\"yes\" data-elementor-lightbox-slideshow=\"f931472\" data-elementor-lightbox-title=\"TeLo Mitarbeiter Arbeit\" data-e-action-hash=\"#elementor-action%3Aaction%3Dlightbox%26settings%3DeyJpZCI6NjkwNywidXJsIjoiaHR0cHM6XC9cL2VuYWJsaW5naW5ub3ZhdGlvbi5hdFwvd3AtY29udGVudFwvdXBsb2Fkc1wvMjAyM1wvMDFcL1RlTG8tTWl0YXJiZWl0ZXItQXJiZWl0LTE1MDB4ODQ0LVE4MC5qcGciLCJzbGlkZXNob3ciOiJmOTMxNDcyIn0%3D\" href=\"https:\/\/enablinginnovation.at\/wp-content\/uploads\/2023\/01\/TeLo-Mitarbeiter-Arbeit-1500x844-Q80.jpg\"><figure class=\"swiper-slide-inner\"><img decoding=\"async\" class=\"swiper-slide-image\" src=\"https:\/\/enablinginnovation.at\/wp-content\/uploads\/2023\/01\/TeLo-Mitarbeiter-Arbeit-1500x844-Q80-400x400.jpg\" alt=\"TeLo Mitarbeiter Arbeit\" \/><\/figure><\/a><\/div><div class=\"swiper-slide\" role=\"group\" aria-roledescription=\"slide\" aria-label=\"3 of 3\"><a data-elementor-open-lightbox=\"yes\" data-elementor-lightbox-slideshow=\"f931472\" data-elementor-lightbox-title=\"TeLo Schulung\" data-e-action-hash=\"#elementor-action%3Aaction%3Dlightbox%26settings%3DeyJpZCI6NjkwOCwidXJsIjoiaHR0cHM6XC9cL2VuYWJsaW5naW5ub3ZhdGlvbi5hdFwvd3AtY29udGVudFwvdXBsb2Fkc1wvMjAyM1wvMDFcL1RlTG8tU2NodWx1bmctMTUwMHg4NDQtUTgwLmpwZyIsInNsaWRlc2hvdyI6ImY5MzE0NzIifQ%3D%3D\" href=\"https:\/\/enablinginnovation.at\/wp-content\/uploads\/2023\/01\/TeLo-Schulung-1500x844-Q80.jpg\"><figure class=\"swiper-slide-inner\"><img decoding=\"async\" class=\"swiper-slide-image\" src=\"https:\/\/enablinginnovation.at\/wp-content\/uploads\/2023\/01\/TeLo-Schulung-1500x844-Q80-400x400.jpg\" alt=\"TeLo Schulung\" \/><\/figure><\/a><\/div>\t\t\t<\/div>\n\t\t\t\t\t\t\t\t\t\t\t\t<div class=\"elementor-swiper-button elementor-swiper-button-prev\" role=\"button\" tabindex=\"0\">\n\t\t\t\t\t\t<i aria-hidden=\"true\" class=\"eicon-chevron-left\"><\/i>\t\t\t\t\t<\/div>\n\t\t\t\t\t<div class=\"elementor-swiper-button elementor-swiper-button-next\" role=\"button\" tabindex=\"0\">\n\t\t\t\t\t\t<i aria-hidden=\"true\" class=\"eicon-chevron-right\"><\/i>\t\t\t\t\t<\/div>\n\t\t\t\t\n\t\t\t\t\t\t\t\t\t<\/div>\n\t\t\t\t<\/div>\n\t\t\t\t<\/div>\n\t\t\t\t\t<\/div>\n\t\t<\/div>\n\t\t\t\t\t\t\t<\/div>\n\t\t<\/section>\n\t\t\t\t<section class=\"elementor-section elementor-top-section elementor-element elementor-element-9104333 elementor-section-boxed elementor-section-height-default elementor-section-height-default\" data-id=\"9104333\" data-element_type=\"section\" data-settings=\"{&quot;jet_parallax_layout_list&quot;:[{&quot;jet_parallax_layout_image&quot;:{&quot;url&quot;:&quot;&quot;,&quot;id&quot;:&quot;&quot;,&quot;size&quot;:&quot;&quot;},&quot;_id&quot;:&quot;49977e1&quot;,&quot;jet_parallax_layout_image_tablet&quot;:{&quot;url&quot;:&quot;&quot;,&quot;id&quot;:&quot;&quot;,&quot;size&quot;:&quot;&quot;},&quot;jet_parallax_layout_image_mobile&quot;:{&quot;url&quot;:&quot;&quot;,&quot;id&quot;:&quot;&quot;,&quot;size&quot;:&quot;&quot;},&quot;jet_parallax_layout_speed&quot;:{&quot;unit&quot;:&quot;%&quot;,&quot;size&quot;:50,&quot;sizes&quot;:[]},&quot;jet_parallax_layout_type&quot;:&quot;scroll&quot;,&quot;jet_parallax_layout_direction&quot;:null,&quot;jet_parallax_layout_fx_direction&quot;:null,&quot;jet_parallax_layout_z_index&quot;:&quot;&quot;,&quot;jet_parallax_layout_bg_x&quot;:50,&quot;jet_parallax_layout_bg_x_tablet&quot;:&quot;&quot;,&quot;jet_parallax_layout_bg_x_mobile&quot;:&quot;&quot;,&quot;jet_parallax_layout_bg_y&quot;:50,&quot;jet_parallax_layout_bg_y_tablet&quot;:&quot;&quot;,&quot;jet_parallax_layout_bg_y_mobile&quot;:&quot;&quot;,&quot;jet_parallax_layout_bg_size&quot;:&quot;auto&quot;,&quot;jet_parallax_layout_bg_size_tablet&quot;:&quot;&quot;,&quot;jet_parallax_layout_bg_size_mobile&quot;:&quot;&quot;,&quot;jet_parallax_layout_animation_prop&quot;:&quot;transform&quot;,&quot;jet_parallax_layout_on&quot;:[&quot;desktop&quot;,&quot;tablet&quot;]}]}\">\n\t\t\t\t\t\t<div class=\"elementor-container elementor-column-gap-default\">\n\t\t\t\t\t<div class=\"elementor-column elementor-col-66 elementor-top-column elementor-element elementor-element-476aa8a\" data-id=\"476aa8a\" data-element_type=\"column\">\n\t\t\t<div class=\"elementor-widget-wrap elementor-element-populated\">\n\t\t\t\t\t\t\t\t<div class=\"elementor-element elementor-element-60e2db6 elementor-widget elementor-widget-heading\" data-id=\"60e2db6\" data-element_type=\"widget\" data-widget_type=\"heading.default\">\n\t\t\t\t<div class=\"elementor-widget-container\">\n\t\t\t<h2 class=\"elementor-heading-title elementor-size-default\">Innovative Sicherheit \u2013 Ein MUSS f\u00fcr die Industrie 4.0<\/h2>\t\t<\/div>\n\t\t\t\t<\/div>\n\t\t\t\t<div class=\"elementor-element elementor-element-707c0e7 elementor-widget elementor-widget-text-editor\" data-id=\"707c0e7\" data-element_type=\"widget\" data-widget_type=\"text-editor.default\">\n\t\t\t\t<div class=\"elementor-widget-container\">\n\t\t\t\t\t\t\t<p><strong>TeLo &#8211; LEADER in Safety Consulting!<\/strong><\/p><p>Bereits seit 1994 ist TeLo der Ansprechpartner bei allen Fragen rund um die Maschinen-, Anlagen- und Prozesssicherheit sowie dem ArbeitnehmerInnenschutz \u2013 national wie auch international.<\/p><p>Als Dienstleistungsunternehmen im Bereich Safety erstellen die MitarbeiterInnen von TeLo die laut Richtlinien, Normen und Beh\u00f6rdenvorgaben notwendigen Dokumente und unterst\u00fctzen die KundInnen bei der (technischen und kaufm\u00e4nnischen) L\u00f6sungsfindung und der normgerechten Umsetzung. Durch die Mitarbeit in mehreren nationalen wie auch internationalen Normengremien sind die TeLo MitarbeiterInnen stets am Puls der Zeit und k\u00f6nnen den KundInnen zukunftsorientierte L\u00f6sungsvorschl\u00e4ge anbieten.<\/p><p>Unsere Dienstleistungen umfassen im Maschinen- und (Prozess-)Anlagenbereich die Themen:<\/p><ul><li>CE-Kennzeichnung \/ Konformit\u00e4tsbewertungsverfahren (nach Maschinenrichtlinie, Druckger\u00e4terichtlinie, ATEX-Richtlinien etc.)<\/li><li>Funktionale Sicherheit<\/li><li>ATEX \u2013 Explosionsschutz<\/li><li>ArbeitnehmerInnenschutz<\/li><li>Betriebsanlagengenehmigung<\/li><li>Safety and Systems Engineering<\/li><li>Erstellung von Betriebsanleitungen<\/li><li>Erstellen von Gutachten nach (Beinahe-)Unf\u00e4llen<\/li><li>Schulungen &amp; Workshops zum Thema Safety<\/li><\/ul><p><strong>In welchen Branchen ist TeLo t\u00e4tig?<\/strong><\/p><p>Die Branchen sind sehr vielf\u00e4ltig. Unsere Kunden kommen aus der:<\/p><ul><li>Papierindustrie<\/li><li>Chemischen Prozessindustrie<\/li><li>Maschinenbauindustrie<\/li><li>Verpackungsindustrie<\/li><li>Lebensmittelindustrie<\/li><li>und vielen mehr &#8230;<\/li><\/ul><p>TeLo steht f\u00fcr Qualit\u00e4t und L\u00f6sungsorientiertheit. Geht nicht &#8211; gibt&#8217;s nicht!<\/p><p>Gemeinsam mit unseren KundInnen suchen wir Wege nach normgerechten und technischen L\u00f6sungen f\u00fcr individuelle Herausforderungen aus den verschiedenen Branchen.<\/p><p>\u00a0<\/p><p><strong>Enabling Innovation \u2013 Eine Erfolgsgeschichte!<\/strong><\/p><p>Innovatives Denken ist in der Industrie gefragter denn je. Klar, dass damit auch die Anspr\u00fcche an die Sicherheit wachsen.<\/p><p>Nach einem ausf\u00fchrlichen Audit durch den ACstyria, konnte f\u00fcr das Enabling Innovation Projekt ein passender Berater gesucht und gefunden werden. In einer ersten Analyse wurden gemeinsame Ziele und weitere Schritte im Projekt definiert und die Vorgangsweise besprochen.<\/p><p>Ziel war es, neue strategische Ideen zu gewinnen, klare Schritte in Richtung innovative Zukunft zu definieren und eine Road-Map zu kreieren, die das Wachstum des Unternehmens sowie den Generationenwechsel unterst\u00fctzt.<\/p><p>In vielen Workshops in unterschiedlichen Gruppenkonstellationen, konnten gemeinsam Gesch\u00e4ftsideen neu bewertet, Modelle f\u00fcr das gemeinsame Miteinander geschaffen und strategische Fragen gekl\u00e4rt werden.<\/p><p>Das Projekt Enabling Innovation vom ACstyria mit seinem f\u00fcr uns sehr passend ausgew\u00e4hlten und kompetenten Berater hat TeLo einen gro\u00dfen organisatorischen und strategischen Schritt voran gebracht und neue Ideen aufgezeigt, wodurch eine klare Richtung f\u00fcr die Zukunft eingeschlagen werden konnte.<\/p><p>Das TeLo-Team bedankt sich f\u00fcr die Teilnahmem\u00f6glichkeit und die professionelle Umsetzung beim ACStyria!<\/p><p>\u00a0<\/p>\t\t\t\t\t\t<\/div>\n\t\t\t\t<\/div>\n\t\t\t\t\t<\/div>\n\t\t<\/div>\n\t\t\t\t<div class=\"jet-sticky-column elementor-column elementor-col-33 elementor-top-column elementor-element elementor-element-ff3e9bd\" data-jet-settings=\"{&quot;id&quot;:&quot;ff3e9bd&quot;,&quot;sticky&quot;:true,&quot;topSpacing&quot;:50,&quot;bottomSpacing&quot;:50,&quot;stickyOn&quot;:[&quot;desktop&quot;,&quot;tablet&quot;]}\" data-id=\"ff3e9bd\" data-element_type=\"column\" data-settings=\"{&quot;background_background&quot;:&quot;classic&quot;}\">\n\t\t\t<div class=\"elementor-widget-wrap elementor-element-populated\">\n\t\t\t\t\t\t\t\t<div class=\"elementor-element elementor-element-df1a4c8 elementor-widget elementor-widget-image\" data-id=\"df1a4c8\" data-element_type=\"widget\" data-widget_type=\"image.default\">\n\t\t\t\t<div class=\"elementor-widget-container\">\n\t\t\t\t\t\t\t\t\t\t\t\t\t\t\t<img decoding=\"async\" loading=\"lazy\" width=\"300\" height=\"300\" src=\"https:\/\/enablinginnovation.at\/wp-content\/uploads\/2023\/01\/Logo-TeLo-GmbH.png\" class=\"attachment-large size-large wp-image-6892\" alt=\"\" srcset=\"https:\/\/enablinginnovation.at\/wp-content\/uploads\/2023\/01\/Logo-TeLo-GmbH.png 300w, https:\/\/enablinginnovation.at\/wp-content\/uploads\/2023\/01\/Logo-TeLo-GmbH-150x150.png 150w, https:\/\/enablinginnovation.at\/wp-content\/uploads\/2023\/01\/Logo-TeLo-GmbH-12x12.png 12w, https:\/\/enablinginnovation.at\/wp-content\/uploads\/2023\/01\/Logo-TeLo-GmbH-230x230.png 230w\" sizes=\"(max-width: 300px) 100vw, 300px\" \/>\t\t\t\t\t\t\t\t\t\t\t\t\t\t\t<\/div>\n\t\t\t\t<\/div>\n\t\t\t\t<div class=\"elementor-element elementor-element-57ad66a elementor-widget elementor-widget-heading\" data-id=\"57ad66a\" data-element_type=\"widget\" data-widget_type=\"heading.default\">\n\t\t\t\t<div class=\"elementor-widget-container\">\n\t\t\t<h5 class=\"elementor-heading-title elementor-size-default\">TeLo GmbH<\/h5>\t\t<\/div>\n\t\t\t\t<\/div>\n\t\t\t\t<div class=\"elementor-element elementor-element-1be89d8 elementor-icon-list--layout-traditional elementor-list-item-link-full_width elementor-widget elementor-widget-icon-list\" data-id=\"1be89d8\" data-element_type=\"widget\" data-widget_type=\"icon-list.default\">\n\t\t\t\t<div class=\"elementor-widget-container\">\n\t\t\t\t\t<ul class=\"elementor-icon-list-items\">\n\t\t\t\t\t\t\t<li class=\"elementor-icon-list-item\">\n\t\t\t\t\t\t\t\t\t\t\t<span class=\"elementor-icon-list-icon\">\n\t\t\t\t\t\t\t<i aria-hidden=\"true\" class=\"fas fa-location-arrow\"><\/i>\t\t\t\t\t\t<\/span>\n\t\t\t\t\t\t\t\t\t\t<span class=\"elementor-icon-list-text\">Gersdorf an der Feistritz 158, A-8212 Gersdorf<\/span>\n\t\t\t\t\t\t\t\t\t<\/li>\n\t\t\t\t\t\t\t\t<li class=\"elementor-icon-list-item\">\n\t\t\t\t\t\t\t\t\t\t\t<a href=\"tel: 43311351150\">\n\n\t\t\t\t\t\t\t\t\t\t\t\t<span class=\"elementor-icon-list-icon\">\n\t\t\t\t\t\t\t<i aria-hidden=\"true\" class=\"fas fa-phone-alt\"><\/i>\t\t\t\t\t\t<\/span>\n\t\t\t\t\t\t\t\t\t\t<span class=\"elementor-icon-list-text\">+43 3113 5115 0<\/span>\n\t\t\t\t\t\t\t\t\t\t\t<\/a>\n\t\t\t\t\t\t\t\t\t<\/li>\n\t\t\t\t\t\t\t\t<li class=\"elementor-icon-list-item\">\n\t\t\t\t\t\t\t\t\t\t\t<a href=\"mailto:office@telo.at\">\n\n\t\t\t\t\t\t\t\t\t\t\t\t<span class=\"elementor-icon-list-icon\">\n\t\t\t\t\t\t\t<i aria-hidden=\"true\" class=\"fas fa-at\"><\/i>\t\t\t\t\t\t<\/span>\n\t\t\t\t\t\t\t\t\t\t<span class=\"elementor-icon-list-text\">office@telo.at<\/span>\n\t\t\t\t\t\t\t\t\t\t\t<\/a>\n\t\t\t\t\t\t\t\t\t<\/li>\n\t\t\t\t\t\t\t\t<li class=\"elementor-icon-list-item\">\n\t\t\t\t\t\t\t\t\t\t\t<a href=\"https:\/\/www.telo.at\" target=\"_blank\" rel=\"nofollow\">\n\n\t\t\t\t\t\t\t\t\t\t\t\t<span class=\"elementor-icon-list-icon\">\n\t\t\t\t\t\t\t<i aria-hidden=\"true\" class=\"fas fa-link\"><\/i>\t\t\t\t\t\t<\/span>\n\t\t\t\t\t\t\t\t\t\t<span class=\"elementor-icon-list-text\">https:\/\/www.telo.at<\/span>\n\t\t\t\t\t\t\t\t\t\t\t<\/a>\n\t\t\t\t\t\t\t\t\t<\/li>\n\t\t\t\t\t\t<\/ul>\n\t\t\t\t<\/div>\n\t\t\t\t<\/div>\n\t\t\t\t<div class=\"elementor-element elementor-element-a6b9904 elementor-widget elementor-widget-spacer\" data-id=\"a6b9904\" data-element_type=\"widget\" data-widget_type=\"spacer.default\">\n\t\t\t\t<div class=\"elementor-widget-container\">\n\t\t\t\t\t<div class=\"elementor-spacer\">\n\t\t\t<div class=\"elementor-spacer-inner\"><\/div>\n\t\t<\/div>\n\t\t\t\t<\/div>\n\t\t\t\t<\/div>\n\t\t\t\t\t<\/div>\n\t\t<\/div>\n\t\t\t\t\t\t\t<\/div>\n\t\t<\/section>\n\t\t\t\t\t\t\t<\/div>","protected":false},"excerpt":{"rendered":"<p>Zur\u00fcck Weiter Innovative Sicherheit \u2013 Ein MUSS f\u00fcr die Industrie 4.0 TeLo &#8211; LEADER in Safety Consulting! Bereits seit 1994 ist TeLo der Ansprechpartner bei allen Fragen rund um die Maschinen-, Anlagen- und Prozesssicherheit sowie dem ArbeitnehmerInnenschutz \u2013 national wie auch international. Als Dienstleistungsunternehmen im Bereich Safety erstellen die MitarbeiterInnen von TeLo die laut Richtlinien, [&hellip;]<\/p>","protected":false},"author":1,"featured_media":0,"parent":5836,"menu_order":30,"comment_status":"closed","ping_status":"closed","template":"elementor_header_footer","meta":{"footnotes":""},"_links":{"self":[{"href":"https:\/\/enablinginnovation.at\/en\/wp-json\/wp\/v2\/pages\/6887"}],"collection":[{"href":"https:\/\/enablinginnovation.at\/en\/wp-json\/wp\/v2\/pages"}],"about":[{"href":"https:\/\/enablinginnovation.at\/en\/wp-json\/wp\/v2\/types\/page"}],"author":[{"embeddable":true,"href":"https:\/\/enablinginnovation.at\/en\/wp-json\/wp\/v2\/users\/1"}],"replies":[{"embeddable":true,"href":"https:\/\/enablinginnovation.at\/en\/wp-json\/wp\/v2\/comments?post=6887"}],"version-history":[{"count":10,"href":"https:\/\/enablinginnovation.at\/en\/wp-json\/wp\/v2\/pages\/6887\/revisions"}],"predecessor-version":[{"id":6914,"href":"https:\/\/enablinginnovation.at\/en\/wp-json\/wp\/v2\/pages\/6887\/revisions\/6914"}],"up":[{"embeddable":true,"href":"https:\/\/enablinginnovation.at\/en\/wp-json\/wp\/v2\/pages\/5836"}],"wp:attachment":[{"href":"https:\/\/enablinginnovation.at\/en\/wp-json\/wp\/v2\/media?parent=6887"}],"curies":[{"name":"wp","href":"https:\/\/api.w.org\/{rel}","templated":true}]}}