{"id":6934,"date":"2025-03-05T18:29:13","date_gmt":"2025-03-05T17:29:13","guid":{"rendered":"https:\/\/enablinginnovation.at\/?page_id=6934"},"modified":"2025-03-05T18:29:13","modified_gmt":"2025-03-05T17:29:13","slug":"datenschutzerklaerung","status":"publish","type":"page","link":"https:\/\/enablinginnovation.at\/en\/datenschutzerklaerung\/","title":{"rendered":"Datenschutzerkl\u00e4rung"},"content":{"rendered":"<p>Vielen Dank f\u00fcr Ihren Besuch auf unserer Website! Der Schutz Ihrer Daten hat f\u00fcr uns h\u00f6chste Priorit\u00e4t. In dieser Datenschutzerkl\u00e4rung informieren wir Sie ausf\u00fchrlich dar\u00fcber, wie wir Ihre Daten verarbeiten.<\/p>\n\n<p>Diese Erkl\u00e4rung gilt sowohl f\u00fcr die Datenverarbeitung innerhalb AC styria Mobilit\u00e4tscluster GmbH als auch f\u00fcr die Nutzung unserer Website. Die rechtlichen Grundlagen dieser Datenverarbeitung sind die Datenschutz-Grundverordnung (DSGVO) sowie das \u00f6sterreichische Datenschutzgesetz (DSG).<\/p>\n\n<p>Alle Personenbezeichnungen beziehen sich stets auf alle Geschlechter. Die Verwendung der m\u00e4nnlichen Form dient ausschlie\u00dflich der vereinfachten Lesbarkeit.<\/p>\n\n<ol>\n<li><h4>Datenverarbeitung Allgemein<\/h4>\n<ol>\n<li>Verantwortlicher\n<p>Verantwortlicher gem. Art. 4 Abs. 7 EU-Datenschutz-Grundverordnung (DSGVO) ist die<br\/>\n<strong>AC styria Mobilit\u00e4tscluster GmbH<\/strong><br\/>\nParkring 1<br\/>\nA &#8211; 8074 Raaba-Grambach<br\/>\nTelefon: +43 316 40 96 96<br\/>\nEmail: office@acstyria.com<\/p>\n<\/li>\n<li>Datenverarbeitung nach Art 13 DSGVO\n<p>Wir verarbeiten Daten, die uns von verschiedenen Personen durch eigene Angaben \u00fcbermittelt werden, wie beispielsweise im Zuge der Antragsstellung zum Beitritt in den Mobilit\u00e4tscluster, der Teilnahme an Veranstaltungen, im Rahmen einer Bewerbung sowie bei Abschluss von Vertr\u00e4gen.<\/p>\n<\/li>\n<li>Datenverarbeitung nach Art 14 DSGVO\n<p>Dar\u00fcber hinaus verarbeiten wir auch Daten, die nicht direkt von der betroffenen Person selbst bereitgestellt werden. Dies ist zum Beispiel der Fall, wenn uns Leitungsorgane im Rahmen von Projekten oder Gesch\u00e4ftsbeziehungen die Namen und Kontaktdaten ihrer Mitarbeiter \u00fcbermitteln.<\/p>\n<\/li>\n<li>Betroffene Personen\n<p>Von Interessenten werden folgende Daten verarbeitet: Firma, Name, E-Mail-Adresse sowie die Telefonnummer.<\/p>\n<p>Von Vertragspartnern werden folgende Daten verarbeitet: Firma, Namensdaten von Ansprechpersonen, Adressdaten, Kontaktdaten, Vertragsdaten und Bankinformationen.<\/p>\n<p>Von Partnerunternehmen (Mitglieder) werden folgende Daten verarbeitet: Firma, UID Nummer, Namensdaten von Ansprechpersonen, Adressdaten, Kontaktdaten, Vertragsdaten und Bankinformationen.<\/p>\n<p>Von Veranstaltungsteilnehmern werden folgende Daten verarbeitet: Firma, UID Nummer, Vor- und Nachname der angemeldeten Person, berufliche Kontakt- und Adressdaten und die Rechnungsadresse<\/p>\n<p>Von Schulungsteilnehmern werden folgende Daten verarbeitet: Firma, UID Nummer, Vor- und Nachname des jeweiligen Teilnehmers, Geschlecht, Geburtsdatum, Schulungsdaten, berufliche Adressdaten und Kontaktdaten.<\/p>\n<p>Von Urhebern ver\u00f6ffentlichen wir auf Wunsch die Namen. Sobald die Nutzung der Werke eingestellt wird, erfolgt eine automatische L\u00f6schung der personenbezogenen Daten.<\/p>\n<\/li>\n<li>Rechtsgrundlagen\n<p>Rechtsgrundlage der Datenverarbeitung sind:\n<ul>\n<li>Einwilligung (z.B. bei der Verarbeitung Ihrer E-Mail-Adresse zu Werbezwecken) gem. Art. 6 Abs. 1 lit. a DSGVO<\/li>\n<li>Vertragsanbahnung und -erf\u00fcllung gem. Art. 6 Abs. 1 lit. b DSGVO<\/li>\n<li>Gesetzliche Verpflichtungen (z.B. gesetzlich vorgeschriebene Aufbewahrungs- und Dokumentationspflichten, Ver\u00f6ffentlichungsverpflichtungen gem\u00e4\u00df Urheberrechtsgesetz) gem. Art. 6 Abs. 1 lit. c DSGVO<\/li>\n<li>Berechtigte Interessen unseres Unternehmens (z.B. Einsatz von Software) gem. Art. 6 Abs. 1 lit. f DSGVO<\/li>\n<\/ul>\n<\/p>\n<p>Wir informieren Sie bei jeder im Folgenden beschriebenen Datenverarbeitung gesondert \u00fcber die Rechtsgrundlage und den Zweck der Verarbeitung.<\/p>\n<\/li>\n<li>\u00dcbermittlung von Daten\n<p>Daten werden ausschlie\u00dflich zum Zweck der Vertragserf\u00fcllung gem\u00e4\u00df Art. 6 Abs. 1 lit. b DSGVO \u00fcbermittelt, um Ihnen unsere Dienstleistungen bereitzustellen.\n<ul>\n<li>\u00dcbermittlung an Auftragsverarbeiter: Es erfolgt eine Zusammenarbeit mit Auftragsverarbeitern, an die personenbezogene Daten \u00fcbermittelt werden, um Dienstleistungen effizient zu erbringen. Dazu geh\u00f6ren Unternehmen, die Aufgaben wie Vertragserf\u00fcllung, Zahlungsabwicklung, Account Management, den Versand von Newslettern und IT-Dienstleistungen \u00fcbernehmen.<\/li>\n<li>Sonstige \u00dcbermittlung: In bestimmten F\u00e4llen, wie etwa bei gesetzlichen Verpflichtungen oder im Rahmen eines Rechtsstreits, k\u00f6nnen personenbezogene Daten an Beh\u00f6rden oder Rechtsanw\u00e4lte weitergegeben werden.<\/li>\n<\/ul>\n<\/p>\n<\/li>\n<li>Aufbewahrung\/L\u00f6schung\/Anonymisierung von Daten\n<p>\n<ul>\n<li>Vertragliche Aufbewahrungspflichten: Nach Beendigung eines Vertragsverh\u00e4ltnisses oder nach Ende vertraglich vereinbarter Fristen werden Ihre Daten gel\u00f6scht bzw. anonymisiert, sobald keine gesetzlichen Aufbewahrungspflichten dem Entgegenstehen.<\/li>\n<li>Widerruf einer Einwilligung: Wird die Einwilligung zur Verarbeitung personenbezogener Daten widerrufen, werden die Daten gel\u00f6scht bzw. anonymisiert, es sei denn, es besteht eine andere Rechtsgrundlage f\u00fcr die Verarbeitung.<\/li>\n<li>Gesetzliche Aufbewahrungspflichten: Um gesetzlichen Aufbewahrungspflichten nachzukommen, m\u00fcssen personenbezogene Daten auch nach Vertragsende oder Widerruf der Einwilligung f\u00fcr eine gesetzlich vorgeschriebene Dauer aufbewahrt werden. Nach Ablauf dieser Fristen werden die Daten gel\u00f6scht bzw. anonymisiert.<\/li>\n<\/ul>\n<\/p>\n<\/li>\n<\/ol>\n<\/li>\n\n<li><h4>\nKontaktaufnahme<\/h4>\n<p>Bei Kontaktaufnahme per E-Mail, Telefon, Kontaktformular oder \u00fcber soziale Medien werden die \u00fcbermittelten Daten gespeichert, um Ihre Anfragen zu bearbeiten. \nRechtsgrundlage: Art. 6 Abs. 1 lit. f DSGVO (Berechtigtes Interesse)<\/p>\n<\/li>\n\n<li><h4>\nBewerbungsmanagement<\/h4>\n<p>Allgemein: Wenn Sie uns Ihre Bewerbungsunterlagen zukommen lassen, verarbeiten wir Ihre darin enthaltenen personenbezogenen Daten f\u00fcr den Zweck der Personalauswahl und Stellenbesetzung.<br\/>\nRechtsgrundlage: Art. 6 Abs. 1 lit. b DSGVO (Vertragsanbahnung und -erf\u00fcllung)<\/p>\n<p>L\u00f6schung: Im Falle einer Absage l\u00f6schen wir Ihre Unterlagen 7 Monate nach \u00dcbermittlung der Absage an Sie.<br\/>\nRechtsgrundlage: Art 6. Abs. 1 lit. f DSGVO (Berechtigtes Interesse)<\/p>\n<p>Evidenzhaltung: Sollten wir Sie f\u00fcr die Kontaktaufnahme zu einem sp\u00e4teren Zeitpunkt bei uns in Evidenz halten wollen, kommen wir mit einer eigenen Anfrage zur \u00dcbermittlung einer Einwilligung auf Sie zu. Wenn Sie uns diese Einwilligung explizit erteilen, speichern wir Ihre Bewerbungsunterlagen. Sollte es binnen eines Jahres nach Erhalt der Einwilligung zu keiner weiteren M\u00f6glichkeit einer Stellenbesetzung bei uns kommen, l\u00f6schen wir Ihre gesamten Bewerbungsunterlagen.<br\/>\nRechtsgrundlage: Art. 6 Abs. 1 lit. a DSGVO (Einwilligung)<\/p>\n<p>Bewerbungsplattformen: Wir nutzen verschiedene online Bewerbungsplattformen zur Gewinnung von Mitarbeitenden f\u00fcr unser Unternehmen. F\u00fcr Personen, die an der Mitarbeit in unserem Unternehmen interessiert sind, besteht die M\u00f6glichkeit, sich direkt \u00fcber ein vom Betreiber der Bewerbungsplattform bereitgestelltes Formular zu bewerben. Bewerber und Bewerberinnen entscheiden selbst, welche Daten sie im Zuge der Nutzung eines solchen Onlineportals zur Verf\u00fcgung stellen. Eingegebene personenbezogene Daten sowie hochgeladene Unterlagen werden vom Betreiber der Bewerbungsplattform an uns weitergeleitet. Sowohl die Bewerbungsplattform als auch wir verarbeiten diese Daten als Verantwortlicher im Sinn der DSGVO. Beachten Sie bitte die Datenschutzerkl\u00e4rungen der jeweiligen Betreiber der Bewerbungsplattformen.<br\/>\nRechtsgrundlage: Art. 6 Abs. 1 lit. f (Berechtigtes Interesse)<\/p>\n<\/li>\n\n<li><h4>Social-Media Auftritt<\/h4>\n<p>Wir betreiben eine Unternehmensseite auf LinkedIn. Beim Besuch unseres Social-Media Auftrittes werden personenbezogene Daten, unter anderem die IP-Adresse von LinkedIn verarbeitet und Cookies f\u00fcr die Datenerfassung eingesetzt. Welche Informationen genau \u00fcbermittelt werden, entnehmen Sie der Datenschutzerkl\u00e4rung von LinkedIn (https:\/\/de.linkedin.com\/legal\/privacy-policy?). Dort finden Sie auch Informationen \u00fcber Kontaktm\u00f6glichkeiten und M\u00f6glichkeiten, die Verarbeitung dieser Daten zu beschr\u00e4nken.<\/p>\n<p>Weiteres weisen wir darauf hin, dass Sie LinkedIn und dessen Funktionen in eigener Verantwortung nutzen. Das gilt insbesondere f\u00fcr die Nutzung der interaktiven Funktionen (zum Beispiel Teilen, Kommentieren oder Bewerten).<\/p>\n<p>LinkedIn hat uns entsprechende Vereinbarungen zur Verf\u00fcgung gestellt. Die Nutzung von Social-Media Plattformen beruht auf unserem berechtigten, betrieblichen Interesse.<\/p>\n<p>Sofern wir verpflichtet sind, Betroffenenrechte (siehe 7) zu erf\u00fcllen k\u00f6nnen Sie sich sowohl an uns als auch an LinkedIn wenden.\nRechtsgrundlage: Art. 6 Abs. 1 lit. f DSGVO (Berechtigtes Interesse)<\/p>\n<\/li>\n\n<li><h4>Datenverarbeitung bei Nutzung unserer Website<\/h4>\n<ol>\n<li>Informatorische Nutzung der Website\n<p>Bei der blo\u00df informatorischen Nutzung der Website erheben wir nur die personenbezogenen Daten, die Ihr Browser an unseren Server \u00fcbermittelt (Server Logfiles). Wenn Sie unsere Website aufrufen m\u00f6chten, erheben wir jene Daten, die f\u00fcr uns technisch erforderlich sind, um Ihnen unsere Website anzuzeigen und die Stabilit\u00e4t und Sicherheit zu gew\u00e4hrleisten:\n<ul>\n<li>IP-Adresse<\/li>\n<li>Datum und Uhrzeit der Anfrage<\/li>\n<li>Zeitzonendifferenz zur Coordinated Universal Time (UTC)<\/li>\n<li>Inhalt der Anforderung (konkrete Seite)<\/li>\n<li>Zugriffsstatus\/HTTP-Statuscode<\/li>\n<li>Website, von der die Anforderung kommt<\/li>\n<li>Browser<\/li>\n<li>Betriebssystem und dessen Oberfl\u00e4che<\/li>\n<li>Sprache und Version der Browsersoftware<\/li>\n<\/ul>\n<\/p>\n<p>Eine Zusammenf\u00fchrung dieser Daten mit personenbezogenen Datenquellen wird nicht vorgenommen. Wir behalten uns vor, diese Daten nachtr\u00e4glich zu pr\u00fcfen, wenn uns konkrete Anhaltspunkte f\u00fcr eine rechtswidrige Nutzung bekannt werden, und die Daten\u2013 sollte es einen Cyberangriff gegeben haben \u2013 an die Strafverfolgungsbeh\u00f6rden weiterzugeben. Eine dar\u00fcberhinausgehende Weitergabe an Dritte erfolgt nicht.<\/p>\n<p>Rechtsgrundlage: Art. 6 Abs. 1 lit. f DSGVO (Berechtigtes Interesse)<\/p>\n<\/li>\n<li>Cookies \n<p>Beim Besuch unserer Website werden Cookies auf Ihrem Ger\u00e4t gespeichert. Cookies sind kleine Textdateien, die Ihrem verwendeten Browser zugeordnet werden und auf Ihrer Festplatte abgelegt sind. Sie erm\u00f6glichen es uns oder Drittanbietern, bestimmte Informationen zu sammeln. Cookies k\u00f6nnen keine Programme ausf\u00fchren oder Viren auf Ihren Computer \u00fcbertragen.<\/p>\n<p>Die in den Cookies enthaltenen Informationen werden z.B. verwendet, um festzustellen, ob Sie eingeloggt sind, oder welche Daten Sie bereits eingegeben haben, oder um Sie als Nutzer wiederzuerkennen, wenn eine Verbindung zwischen unserem Web-Server und Ihrem Browser hergestellt wird.<\/p>\n<p>Wir unterscheiden zwischen technischen Cookies, die ausschlie\u00dflich dazu dienen, den Betrieb einer Website sicherzustellen und einwilligungspflichtigen Cookies, die zum Zwecke von statistischen Analysen, Tracking oder Werbung\/Marketing von uns oder Drittanbietern gesetzt werden.<\/p>\n<p>Rechtsgrundlage: Art. 6 Abs. 1 lit. f DSGVO (Berechtigtes Interesse; bei technischen Cookies), Art. 6 Abs. 1 lit. a DSGVO (Einwilligung; bei allen anderen Cookies)<\/p>\n<\/li>\n<li>Anmeldung zu Veranstaltungen\/Seminaren\/Fortbildungen\n<p>Sie haben auf unserer Website die M\u00f6glichkeit, sich f\u00fcr Veranstaltungen anzumelden. Hierf\u00fcr ben\u00f6tigen wir Ihren Vor- und Nachnamen, Kontaktdaten, Firmenname, UID Nummer, berufliche Kontaktdaten und die Rechnungsadresse.<\/p>\n<p>Wir verarbeiten Ihre Daten f\u00fcr die Anmeldung, Durchf\u00fchrung, Abrechnung und Best\u00e4tigung der gebuchten Veranstaltung.<\/p>\n<p>Rechtsgrundlage: Art. 6 Abs. 1 lit. b DSGVO (Vertragsanbahnung und -erf\u00fcllung)<\/p>\n<\/li>\n<\/ol>\n<\/li>\n\n<li><h4>Datenverarbeitung bei Dienstleistungen von Google<\/h4>\n<p>Wir verwenden auf unserer Website Dienste der Google Ireland Limited (\u201eGoogle\u201c), eine nach irischem Recht eingetragene und betriebene Gesellschaft mit Sitz in Gordon House, Barrow Street, Dublin 4, Irland.<\/p>\n<p>Weitere Informationen erhalten Sie in der Datenschutzrichtline von Google unter https:\/\/policies.google.com\/privacy?hl=de.<\/p>\n<p>Die Einbindung von Google f\u00fchrt zum Nachladen von weiteren Google Diensten auf unserer Website, wie insbesondere Google DoubleClick, Google APIs, Google Video, Google Photos, Google Static und Google Fonts.<\/p>\n<ol>\n<li>Google Maps\n<p>Auf dieser Website nutzen wir das Angebot von Google Maps. Dadurch k\u00f6nnen wir Ihnen interaktive Karten direkt in der Webseite anzeigen und erm\u00f6glichen Ihnen die komfortable Nutzung der Karten-Funktion. Durch den Besuch auf der Webseite erh\u00e4lt Google die Information, dass Sie die entsprechende Unterseite unserer Website aufgerufen haben. Zudem werden die bereits unter dem Punkt \u201eInformatorische Nutzung der Website\u201c genannten Daten \u00fcbermittelt. Dies erfolgt unabh\u00e4ngig davon, ob Google ein Nutzerkonto bereitstellt, \u00fcber das Sie eingeloggt sind, oder ob kein Nutzerkonto besteht. Wenn Sie bei Google eingeloggt sind, werden Ihre Daten direkt Ihrem Konto zugeordnet. Wenn Sie die Zuordnung mit Ihrem Profil bei Google nicht w\u00fcnschen, m\u00fcssen Sie sich vor Aktivierung des Buttons ausloggen. Google speichert Ihre Daten als Nutzungsprofile und nutzt sie f\u00fcr Zwecke der Werbung, Marktforschung und\/oder bedarfsgerechten Gestaltung seiner Website. Eine solche Auswertung erfolgt insbesondere (selbst f\u00fcr nicht eingeloggte Nutzer) zur Erbringung von bedarfsgerechter Werbung und um andere Nutzer des sozialen Netzwerks \u00fcber Ihre Aktivit\u00e4ten auf unserer Webseite zu informieren. Ihnen steht ein Widerspruchsrecht gegen die Bildung dieser Nutzerprofile zu, wobei Sie sich zur Aus\u00fcbung dessen an Google richten m\u00fcssen.<\/p>\n<p>Weitere Informationen zu Zweck und Umfang der Datenerhebung und ihrer Verarbeitung durch den Plug-in-Anbieter erhalten Sie in den Datenschutzerkl\u00e4rungen des Anbieters. Dort erhalten Sie auch weitere Informationen zu Ihren diesbez\u00fcglichen Rechten und Einstellungsm\u00f6glichkeiten zum Schutz Ihrer Privatsph\u00e4re.<\/p>\n<p>Rechtsgrundlage: Art. 6 Abs. 1 lit. a DSGVO (Einwilligung)<\/p>\n<\/li>\n<li>Google Fonts\n<p>Wir verwenden auf unserer Website Google Fonts. Um eine einheitliche und ansprechende Anzeige der Schriftarten und Icons zu gew\u00e4hrleisten, l\u00e4dt Ihr Browser die erforderlichen Fonts in Ihren Browsercache. Hierzu ist es notwendig, dass der von Ihnen verwendete Browser Kontakt zu den Servern von Google Fonts aufnimmt, was dazu f\u00fchrt, dass Google Fonts dar\u00fcber Kenntnis erlangt, dass unsere Website \u00fcber Ihre IP-Adresse aufgerufen wurde.<\/p>\n<p>Rechtsgrundlage: Art. 6 Abs. 1 lit. a DSGVO (Einwilligung)<\/p>\n<\/li>\n<\/ol>\n<\/li>\n\n<li><h4>Ihre Rechte<\/h4>\n<p>Sie haben gegen\u00fcber uns folgende Rechte hinsichtlich der Sie betreffenden personenbezogenen Daten:\n<ul>\n<li>Recht auf Auskunft, Berichtigung und L\u00f6schung<\/li>\n<li>Recht auf Einschr\u00e4nkung der Verarbeitung<\/li>\n<li>Recht auf Widerspruch gegen die Verarbeitung<\/li>\n<li>Recht auf Daten\u00fcbertragbarkeit<\/li>\n<li>Beschwerderecht an die \u00f6sterreichische Datenschutzbeh\u00f6rde<br\/>\nBarichgasse 40 &#8211; 42, 1030 Wien, Telefon: +43 1 52 152-0<br\/>\nE-Mail: dsb@dsb.gv.at<\/li>\n<\/ul>\n<\/p>\n<p>Sollten Sie der Auffassung sein, dass wir bei der Verarbeitung Ihrer Daten gegen \u00f6sterreichisches oder europ\u00e4isches Datenschutzrecht versto\u00dfen und dadurch Ihre Rechte verletzt haben, ersuchen wir Sie mit uns in Kontakt zu treten, um allf\u00e4llige Fragen aufkl\u00e4ren zu k\u00f6nnen.<\/p>\n<p>Richten Sie dazu Ihre Anfragen und Anliegen bitte per E-Mail an office@acstyria.com oder kontaktieren Sie uns unter den angegebenen Kontaktdaten.<\/p>\n<\/li>\n\n<li><h4>\u00c4nderungen dieser Datenschutzerkl\u00e4rung<\/h4>\n<p>Wir behalten uns vor, von Zeit zu Zeit Anpassungen an unserer Datenschutzerkl\u00e4rung vorzunehmen. Alle \u00c4nderungen der Datenschutzerkl\u00e4rung werden von uns auf dieser Seite ver\u00f6ffentlicht. Bitte beachten Sie diesbez\u00fcglich die jeweils aktuelle Version unserer Datenschutzerkl\u00e4rung.<\/p>\n<\/li>\n\n<\/ol>","protected":false},"excerpt":{"rendered":"<p>Vielen Dank f\u00fcr Ihren Besuch auf unserer Website! Der Schutz Ihrer Daten hat f\u00fcr uns h\u00f6chste Priorit\u00e4t. In dieser Datenschutzerkl\u00e4rung informieren wir Sie ausf\u00fchrlich dar\u00fcber, wie wir Ihre Daten verarbeiten. Diese Erkl\u00e4rung gilt sowohl f\u00fcr die Datenverarbeitung innerhalb AC styria Mobilit\u00e4tscluster GmbH als auch f\u00fcr die Nutzung unserer Website. Die rechtlichen Grundlagen dieser Datenverarbeitung sind [&hellip;]<\/p>","protected":false},"author":1,"featured_media":0,"parent":0,"menu_order":0,"comment_status":"closed","ping_status":"closed","template":"","meta":{"footnotes":""},"_links":{"self":[{"href":"https:\/\/enablinginnovation.at\/en\/wp-json\/wp\/v2\/pages\/6934"}],"collection":[{"href":"https:\/\/enablinginnovation.at\/en\/wp-json\/wp\/v2\/pages"}],"about":[{"href":"https:\/\/enablinginnovation.at\/en\/wp-json\/wp\/v2\/types\/page"}],"author":[{"embeddable":true,"href":"https:\/\/enablinginnovation.at\/en\/wp-json\/wp\/v2\/users\/1"}],"replies":[{"embeddable":true,"href":"https:\/\/enablinginnovation.at\/en\/wp-json\/wp\/v2\/comments?post=6934"}],"version-history":[{"count":2,"href":"https:\/\/enablinginnovation.at\/en\/wp-json\/wp\/v2\/pages\/6934\/revisions"}],"predecessor-version":[{"id":6937,"href":"https:\/\/enablinginnovation.at\/en\/wp-json\/wp\/v2\/pages\/6934\/revisions\/6937"}],"wp:attachment":[{"href":"https:\/\/enablinginnovation.at\/en\/wp-json\/wp\/v2\/media?parent=6934"}],"curies":[{"name":"wp","href":"https:\/\/api.w.org\/{rel}","templated":true}]}}